{"id":20759,"date":"2022-05-23T09:51:49","date_gmt":"2022-05-23T09:51:49","guid":{"rendered":"https:\/\/www.speedmodels.ch\/produkte\/unkategorisiert\/bouche-pores-clou-300-1000ml\/"},"modified":"2023-10-16T12:18:22","modified_gmt":"2023-10-16T12:18:22","slug":"bouches-pores-clou-300-2","status":"publish","type":"product","link":"https:\/\/www.speedmodels.ch\/fr\/produits\/film-couverture-decor\/accessoires-pour-l-entoilage\/appret-diluant\/bouches-pores-clou-300-2\/","title":{"rendered":"Bouche-pores CLOU 300 1000ml"},"content":{"rendered":"<p>Appr\u00eat pr\u00eat \u00e0 l&#8217;emploi, \u00e0 s\u00e9chage rapide et cors\u00e9 qui s&rsquo;applique au pistolet ou au pinceau. Selon la temp\u00e9rature, il peut \u00eatre ponc\u00e9 apr\u00e8s seulement 30 minutes. CLOU 300 ne rend pas rugueuse m\u00eame les surfaces sensibles et donne m\u00eame au bois \u00e0 pores grossiers une douceur sans pr\u00e9c\u00e9dent. Schnellschliff-Grund CLOU 300 est donc l&rsquo;appr\u00eat id\u00e9al pour les rev\u00eatements de cellulose et de gomme laque, ainsi que pour les peintures combin\u00e9es nitro.<\/p>\n<p>Utilisez le diluant \u00e0 peinture CLOU pour diluer Nr.790 (REM-040061). Bien agiter\/remuer avant utilisation.<\/p>\n<p>Contenue: 1000ml<\/p>\n<p>Fiche de donn\u00e9es de s\u00e9curit\u00e9: <a href=\"https:\/\/www.speedmodels.ch\/wp-content\/uploads\/2023\/10\/SDB-mit-Deckblatt-REM-040056-40057-40058.pdf\">SDB mit Deckblatt REM-040056-40057-40058<\/a><\/p>\n<div style=\"text-align:left\" class=\"wps-pgfw-pdf-generate-icon__wrapper-frontend\">\n\t\t<a href=\"https:\/\/www.speedmodels.ch\/fr\/wp-json\/wp\/v2\/product\/20759\/?action=genpdf&amp;id=20759\" class=\"pgfw-single-pdf-download-button\" target=_blank><img src=\"https:\/\/speedmodels.ch\/wp-content\/uploads\/2021\/09\/pdf_icon.png\" title=\"G\u00e9n\u00e9rer un PDF\" style=\"width:auto; height:45px;\"><\/a>\n\t\t<\/div>","protected":false},"excerpt":{"rendered":"<p>Appr\u00eat pr\u00eat \u00e0 l&#8217;emploi, \u00e0 s\u00e9chage rapide et cors\u00e9 qui s&rsquo;applique au pistolet ou au pinceau. Selon la temp\u00e9rature, il peut \u00eatre ponc\u00e9 apr\u00e8s seulement 30 minutes. CLOU 300 ne rend pas rugueuse m\u00eame les surfaces sensibles et donne m\u00eame au bois \u00e0 pores grossiers une douceur sans pr\u00e9c\u00e9dent. Schnellschliff-Grund CLOU 300 est donc l&rsquo;appr\u00eat [&hellip;]<\/p>\n","protected":false},"featured_media":10267,"template":"","meta":[],"product_brand":[],"product_cat":[1508,1751,1696,1754,1586],"product_tag":[],"class_list":{"0":"post-20759","1":"product","2":"type-product","3":"status-publish","4":"has-post-thumbnail","6":"product_cat-accessoires-pour-l-entoilage","7":"product_cat-appret","8":"product_cat-appret-diluant","9":"product_cat-bouche-pores","10":"product_cat-film-couverture-decor","12":"first","13":"instock","14":"shipping-taxable","15":"product-type-simple"},"_links":{"self":[{"href":"https:\/\/www.speedmodels.ch\/fr\/wp-json\/wp\/v2\/product\/20759","targetHints":{"allow":["GET"]}}],"collection":[{"href":"https:\/\/www.speedmodels.ch\/fr\/wp-json\/wp\/v2\/product"}],"about":[{"href":"https:\/\/www.speedmodels.ch\/fr\/wp-json\/wp\/v2\/types\/product"}],"version-history":[{"count":0,"href":"https:\/\/www.speedmodels.ch\/fr\/wp-json\/wp\/v2\/product\/20759\/revisions"}],"wp:featuredmedia":[{"embeddable":true,"href":"https:\/\/www.speedmodels.ch\/fr\/wp-json\/wp\/v2\/media\/10267"}],"wp:attachment":[{"href":"https:\/\/www.speedmodels.ch\/fr\/wp-json\/wp\/v2\/media?parent=20759"}],"wp:term":[{"taxonomy":"product_brand","embeddable":true,"href":"https:\/\/www.speedmodels.ch\/fr\/wp-json\/wp\/v2\/product_brand?post=20759"},{"taxonomy":"product_cat","embeddable":true,"href":"https:\/\/www.speedmodels.ch\/fr\/wp-json\/wp\/v2\/product_cat?post=20759"},{"taxonomy":"product_tag","embeddable":true,"href":"https:\/\/www.speedmodels.ch\/fr\/wp-json\/wp\/v2\/product_tag?post=20759"}],"curies":[{"name":"wp","href":"https:\/\/api.w.org\/{rel}","templated":true}]}}