{"id":20755,"date":"2022-05-23T13:10:28","date_gmt":"2022-05-23T13:10:28","guid":{"rendered":"https:\/\/www.speedmodels.ch\/produkte\/unkategorisiert\/bouche-pores-500ccm\/"},"modified":"2023-10-16T11:26:19","modified_gmt":"2023-10-16T11:26:19","slug":"bouches-pores-3","status":"publish","type":"product","link":"https:\/\/www.speedmodels.ch\/fr\/produits\/film-couverture-decor\/accessoires-pour-l-entoilage\/appret-diluant\/bouches-pores-3\/","title":{"rendered":"Bouche-pores 500ccm"},"content":{"rendered":"<p>Bouche-pores \u00e0 s\u00e9chage rapide qui p\u00e9n\u00e8tre profond\u00e9ment dans les pores des surfaces en bois. Les bois \u00e0 pores grossiers tels que le balsa doivent \u00eatre appr\u00eat\u00e9s et ponc\u00e9s plusieurs fois. Diluer uniquement avec du diluant nitro.<\/p>\n<p>Contenue: 500ml<\/p>\n<p>Fiche de donn\u00e9es de s\u00e9curit\u00e9: <a href=\"https:\/\/www.speedmodels.ch\/wp-content\/uploads\/2023\/10\/SDB-mit-Deckblatt-AN-7666-xx-Porefueller.pdf\">SDB mit Deckblatt AN-7666-xx Poref\u00fcller<\/a><\/p>\n<div style=\"text-align:left\" class=\"wps-pgfw-pdf-generate-icon__wrapper-frontend\">\n\t\t<a href=\"https:\/\/www.speedmodels.ch\/fr\/wp-json\/wp\/v2\/product\/20755\/?action=genpdf&amp;id=20755\" class=\"pgfw-single-pdf-download-button\" target=_blank><img src=\"https:\/\/speedmodels.ch\/wp-content\/uploads\/2021\/09\/pdf_icon.png\" title=\"G\u00e9n\u00e9rer un PDF\" style=\"width:auto; height:45px;\"><\/a>\n\t\t<\/div>","protected":false},"excerpt":{"rendered":"<p>Bouche-pores \u00e0 s\u00e9chage rapide qui p\u00e9n\u00e8tre profond\u00e9ment dans les pores des surfaces en bois. Les bois \u00e0 pores grossiers tels que le balsa doivent \u00eatre appr\u00eat\u00e9s et ponc\u00e9s plusieurs fois. Diluer uniquement avec du diluant nitro. Contenue: 500ml Fiche de donn\u00e9es de s\u00e9curit\u00e9: SDB mit Deckblatt AN-7666-xx Poref\u00fcller<\/p>\n","protected":false},"featured_media":10262,"template":"","meta":[],"product_brand":[],"product_cat":[1508,1751,1696,1754,1586],"product_tag":[],"class_list":{"0":"post-20755","1":"product","2":"type-product","3":"status-publish","4":"has-post-thumbnail","6":"product_cat-accessoires-pour-l-entoilage","7":"product_cat-appret","8":"product_cat-appret-diluant","9":"product_cat-bouche-pores","10":"product_cat-film-couverture-decor","12":"first","13":"instock","14":"shipping-taxable","15":"product-type-simple"},"_links":{"self":[{"href":"https:\/\/www.speedmodels.ch\/fr\/wp-json\/wp\/v2\/product\/20755","targetHints":{"allow":["GET"]}}],"collection":[{"href":"https:\/\/www.speedmodels.ch\/fr\/wp-json\/wp\/v2\/product"}],"about":[{"href":"https:\/\/www.speedmodels.ch\/fr\/wp-json\/wp\/v2\/types\/product"}],"version-history":[{"count":0,"href":"https:\/\/www.speedmodels.ch\/fr\/wp-json\/wp\/v2\/product\/20755\/revisions"}],"wp:featuredmedia":[{"embeddable":true,"href":"https:\/\/www.speedmodels.ch\/fr\/wp-json\/wp\/v2\/media\/10262"}],"wp:attachment":[{"href":"https:\/\/www.speedmodels.ch\/fr\/wp-json\/wp\/v2\/media?parent=20755"}],"wp:term":[{"taxonomy":"product_brand","embeddable":true,"href":"https:\/\/www.speedmodels.ch\/fr\/wp-json\/wp\/v2\/product_brand?post=20755"},{"taxonomy":"product_cat","embeddable":true,"href":"https:\/\/www.speedmodels.ch\/fr\/wp-json\/wp\/v2\/product_cat?post=20755"},{"taxonomy":"product_tag","embeddable":true,"href":"https:\/\/www.speedmodels.ch\/fr\/wp-json\/wp\/v2\/product_tag?post=20755"}],"curies":[{"name":"wp","href":"https:\/\/api.w.org\/{rel}","templated":true}]}}