{"id":20749,"date":"2022-05-23T10:01:40","date_gmt":"2022-05-23T10:01:40","guid":{"rendered":"https:\/\/www.speedmodels.ch\/produkte\/unkategorisiert\/diluant-pour-laque-de-bateau-250ml\/"},"modified":"2025-02-10T10:25:56","modified_gmt":"2025-02-10T10:25:56","slug":"diluant","status":"publish","type":"product","link":"https:\/\/www.speedmodels.ch\/fr\/produits\/peintures-vernis-colles\/vernis\/diluant-fr\/diluant\/","title":{"rendered":"Diluant pour laque de bateau 250ml"},"content":{"rendered":"<p>Diluant pour laque de bateaux et yacht, d\u00e9saromatis\u00e9. Convient \u00e9galement pour d\u00e9graisser les surfaces en bois \u00e0 r\u00e9nover, nettoyer les brosses ou enlever les taches.<\/p>\n<p>Contenue: 250ml<\/p>\n<p>Fiche de donn\u00e9es de s\u00e9curit\u00e9: <a href=\"https:\/\/www.speedmodels.ch\/wp-content\/uploads\/2023\/10\/SDB-mit-Deckblatt-REM-040070-Verduenner.pdf\">SDB mit Deckblatt REM-040070 Verd\u00fcnner<\/a><\/p>\n<div style=\"text-align:left\" class=\"wps-pgfw-pdf-generate-icon__wrapper-frontend\">\n\t\t<a href=\"https:\/\/www.speedmodels.ch\/fr\/wp-json\/wp\/v2\/product\/20749\/?action=genpdf&amp;id=20749\" class=\"pgfw-single-pdf-download-button\" target=_blank><img src=\"https:\/\/speedmodels.ch\/wp-content\/uploads\/2021\/09\/pdf_icon.png\" title=\"G\u00e9n\u00e9rer un PDF\" style=\"width:auto; height:45px;\"><\/a>\n\t\t<\/div>","protected":false},"excerpt":{"rendered":"<p>Diluant pour laque de bateaux et yacht, d\u00e9saromatis\u00e9. Convient \u00e9galement pour d\u00e9graisser les surfaces en bois \u00e0 r\u00e9nover, nettoyer les brosses ou enlever les taches. Contenue: 250ml Fiche de donn\u00e9es de s\u00e9curit\u00e9: SDB mit Deckblatt REM-040070 Verd\u00fcnner<\/p>\n","protected":false},"featured_media":10270,"template":"","meta":[],"product_brand":[],"product_cat":[1751,1753,1752,1750],"product_tag":[],"class_list":{"0":"post-20749","1":"product","2":"type-product","3":"status-publish","4":"has-post-thumbnail","6":"product_cat-appret","7":"product_cat-diluant-fr","8":"product_cat-diluant","9":"product_cat-peintures-vernis-colles","11":"first","12":"instock","13":"shipping-taxable","14":"product-type-simple"},"_links":{"self":[{"href":"https:\/\/www.speedmodels.ch\/fr\/wp-json\/wp\/v2\/product\/20749","targetHints":{"allow":["GET"]}}],"collection":[{"href":"https:\/\/www.speedmodels.ch\/fr\/wp-json\/wp\/v2\/product"}],"about":[{"href":"https:\/\/www.speedmodels.ch\/fr\/wp-json\/wp\/v2\/types\/product"}],"version-history":[{"count":1,"href":"https:\/\/www.speedmodels.ch\/fr\/wp-json\/wp\/v2\/product\/20749\/revisions"}],"predecessor-version":[{"id":29576,"href":"https:\/\/www.speedmodels.ch\/fr\/wp-json\/wp\/v2\/product\/20749\/revisions\/29576"}],"wp:featuredmedia":[{"embeddable":true,"href":"https:\/\/www.speedmodels.ch\/fr\/wp-json\/wp\/v2\/media\/10270"}],"wp:attachment":[{"href":"https:\/\/www.speedmodels.ch\/fr\/wp-json\/wp\/v2\/media?parent=20749"}],"wp:term":[{"taxonomy":"product_brand","embeddable":true,"href":"https:\/\/www.speedmodels.ch\/fr\/wp-json\/wp\/v2\/product_brand?post=20749"},{"taxonomy":"product_cat","embeddable":true,"href":"https:\/\/www.speedmodels.ch\/fr\/wp-json\/wp\/v2\/product_cat?post=20749"},{"taxonomy":"product_tag","embeddable":true,"href":"https:\/\/www.speedmodels.ch\/fr\/wp-json\/wp\/v2\/product_tag?post=20749"}],"curies":[{"name":"wp","href":"https:\/\/api.w.org\/{rel}","templated":true}]}}