{"id":20748,"date":"2022-05-23T09:57:14","date_gmt":"2022-05-23T09:57:14","guid":{"rendered":"https:\/\/www.speedmodels.ch\/produkte\/unkategorisiert\/diluant-nitro-250ml\/"},"modified":"2025-02-10T10:25:55","modified_gmt":"2025-02-10T10:25:55","slug":"diluant-notro","status":"publish","type":"product","link":"https:\/\/www.speedmodels.ch\/fr\/produits\/film-couverture-decor\/accessoires-pour-l-entoilage\/appret-diluant\/diluant-notro\/","title":{"rendered":"Diluant nitro 250ml"},"content":{"rendered":"<p>Diluant nitro 790 pour enduit pour avions.<\/p>\n<p>Contenue: 250ml<\/p>\n<p>Fiche de donn\u00e9es de s\u00e9curit\u00e9: <a href=\"https:\/\/www.speedmodels.ch\/wp-content\/uploads\/2023\/10\/SDB-mit-Deckblatt-REM-040061-40062-Nitro-Verduenner-790.pdf\">SDB mit Deckblatt REM-040061-40062 Nitro-Verd\u00fcnner 790<\/a><\/p>\n<div style=\"text-align:left\" class=\"wps-pgfw-pdf-generate-icon__wrapper-frontend\">\n\t\t<a href=\"https:\/\/www.speedmodels.ch\/fr\/wp-json\/wp\/v2\/product\/20748\/?action=genpdf&amp;id=20748\" class=\"pgfw-single-pdf-download-button\" target=_blank><img src=\"https:\/\/speedmodels.ch\/wp-content\/uploads\/2021\/09\/pdf_icon.png\" title=\"G\u00e9n\u00e9rer un PDF\" style=\"width:auto; height:45px;\"><\/a>\n\t\t<\/div>","protected":false},"excerpt":{"rendered":"<p>Diluant nitro 790 pour enduit pour avions. Contenue: 250ml Fiche de donn\u00e9es de s\u00e9curit\u00e9: SDB mit Deckblatt REM-040061-40062 Nitro-Verd\u00fcnner 790<\/p>\n","protected":false},"featured_media":10269,"template":"","meta":[],"product_brand":[],"product_cat":[1508,1751,1696,1752,1586,1750],"product_tag":[],"class_list":{"0":"post-20748","1":"product","2":"type-product","3":"status-publish","4":"has-post-thumbnail","6":"product_cat-accessoires-pour-l-entoilage","7":"product_cat-appret","8":"product_cat-appret-diluant","9":"product_cat-diluant","10":"product_cat-film-couverture-decor","11":"product_cat-peintures-vernis-colles","13":"first","14":"instock","15":"shipping-taxable","16":"product-type-simple"},"_links":{"self":[{"href":"https:\/\/www.speedmodels.ch\/fr\/wp-json\/wp\/v2\/product\/20748","targetHints":{"allow":["GET"]}}],"collection":[{"href":"https:\/\/www.speedmodels.ch\/fr\/wp-json\/wp\/v2\/product"}],"about":[{"href":"https:\/\/www.speedmodels.ch\/fr\/wp-json\/wp\/v2\/types\/product"}],"version-history":[{"count":1,"href":"https:\/\/www.speedmodels.ch\/fr\/wp-json\/wp\/v2\/product\/20748\/revisions"}],"predecessor-version":[{"id":29575,"href":"https:\/\/www.speedmodels.ch\/fr\/wp-json\/wp\/v2\/product\/20748\/revisions\/29575"}],"wp:featuredmedia":[{"embeddable":true,"href":"https:\/\/www.speedmodels.ch\/fr\/wp-json\/wp\/v2\/media\/10269"}],"wp:attachment":[{"href":"https:\/\/www.speedmodels.ch\/fr\/wp-json\/wp\/v2\/media?parent=20748"}],"wp:term":[{"taxonomy":"product_brand","embeddable":true,"href":"https:\/\/www.speedmodels.ch\/fr\/wp-json\/wp\/v2\/product_brand?post=20748"},{"taxonomy":"product_cat","embeddable":true,"href":"https:\/\/www.speedmodels.ch\/fr\/wp-json\/wp\/v2\/product_cat?post=20748"},{"taxonomy":"product_tag","embeddable":true,"href":"https:\/\/www.speedmodels.ch\/fr\/wp-json\/wp\/v2\/product_tag?post=20748"}],"curies":[{"name":"wp","href":"https:\/\/api.w.org\/{rel}","templated":true}]}}