{"id":20747,"date":"2022-05-23T13:25:42","date_gmt":"2022-05-23T13:25:42","guid":{"rendered":"https:\/\/www.speedmodels.ch\/produkte\/unkategorisiert\/diluant-notro-500ccm\/"},"modified":"2025-02-06T10:56:42","modified_gmt":"2025-02-06T10:56:42","slug":"diluant-4","status":"publish","type":"product","link":"https:\/\/www.speedmodels.ch\/fr\/produits\/film-couverture-decor\/accessoires-pour-l-entoilage\/appret-diluant\/diluant-4\/","title":{"rendered":"Diluant nitro 500ccm"},"content":{"rendered":"<p>Diluant nitro pour enduit, colle, peinture nitro et aussi pour nettoyer les pinceaux et les pistolets.<\/p>\n<p>Attention : risque d&rsquo;incendie !<\/p>\n<p>Contenue: 500ccm<\/p>\n<p><a href=\"https:\/\/www.speedmodels.ch\/wp-content\/uploads\/2023\/07\/SDB-mit-Deckblatt-AN-7675-Nitroverduenner.pdf\">Fiche de donn\u00e9es de s\u00e9curit\u00e9: Fiche avec feuille de couverture AN-7675 Diluant<\/a><\/p>\n<div style=\"text-align:left\" class=\"wps-pgfw-pdf-generate-icon__wrapper-frontend\">\n\t\t<a href=\"https:\/\/www.speedmodels.ch\/fr\/wp-json\/wp\/v2\/product\/20747\/?action=genpdf&amp;id=20747\" class=\"pgfw-single-pdf-download-button\" target=_blank><img src=\"https:\/\/speedmodels.ch\/wp-content\/uploads\/2021\/09\/pdf_icon.png\" title=\"G\u00e9n\u00e9rer un PDF\" style=\"width:auto; height:45px;\"><\/a>\n\t\t<\/div>","protected":false},"excerpt":{"rendered":"<p>Diluant nitro pour enduit, colle, peinture nitro et aussi pour nettoyer les pinceaux et les pistolets. Attention : risque d&rsquo;incendie ! Contenue: 500ccm Fiche de donn\u00e9es de s\u00e9curit\u00e9: Fiche avec feuille de couverture AN-7675 Diluant<\/p>\n","protected":false},"featured_media":10264,"template":"","meta":[],"product_brand":[],"product_cat":[1508,1751,1696,1752,1753,1586,1750],"product_tag":[],"class_list":{"0":"post-20747","1":"product","2":"type-product","3":"status-publish","4":"has-post-thumbnail","6":"product_cat-accessoires-pour-l-entoilage","7":"product_cat-appret","8":"product_cat-appret-diluant","9":"product_cat-diluant","10":"product_cat-diluant-fr","11":"product_cat-film-couverture-decor","12":"product_cat-peintures-vernis-colles","14":"first","15":"instock","16":"shipping-taxable","17":"product-type-simple"},"_links":{"self":[{"href":"https:\/\/www.speedmodels.ch\/fr\/wp-json\/wp\/v2\/product\/20747","targetHints":{"allow":["GET"]}}],"collection":[{"href":"https:\/\/www.speedmodels.ch\/fr\/wp-json\/wp\/v2\/product"}],"about":[{"href":"https:\/\/www.speedmodels.ch\/fr\/wp-json\/wp\/v2\/types\/product"}],"version-history":[{"count":1,"href":"https:\/\/www.speedmodels.ch\/fr\/wp-json\/wp\/v2\/product\/20747\/revisions"}],"predecessor-version":[{"id":29467,"href":"https:\/\/www.speedmodels.ch\/fr\/wp-json\/wp\/v2\/product\/20747\/revisions\/29467"}],"wp:featuredmedia":[{"embeddable":true,"href":"https:\/\/www.speedmodels.ch\/fr\/wp-json\/wp\/v2\/media\/10264"}],"wp:attachment":[{"href":"https:\/\/www.speedmodels.ch\/fr\/wp-json\/wp\/v2\/media?parent=20747"}],"wp:term":[{"taxonomy":"product_brand","embeddable":true,"href":"https:\/\/www.speedmodels.ch\/fr\/wp-json\/wp\/v2\/product_brand?post=20747"},{"taxonomy":"product_cat","embeddable":true,"href":"https:\/\/www.speedmodels.ch\/fr\/wp-json\/wp\/v2\/product_cat?post=20747"},{"taxonomy":"product_tag","embeddable":true,"href":"https:\/\/www.speedmodels.ch\/fr\/wp-json\/wp\/v2\/product_tag?post=20747"}],"curies":[{"name":"wp","href":"https:\/\/api.w.org\/{rel}","templated":true}]}}