{"id":20742,"date":"2022-06-09T14:38:07","date_gmt":"2022-06-09T14:38:07","guid":{"rendered":"https:\/\/www.speedmodels.ch\/produkte\/unkategorisiert\/uhu-cartouches-melt-rondes-11mm\/"},"modified":"2025-02-10T09:36:25","modified_gmt":"2025-02-10T09:36:25","slug":"uhu-cartouches-melt-rondes-11mm","status":"publish","type":"product","link":"https:\/\/www.speedmodels.ch\/fr\/produits\/peintures-vernis-colles\/adhesifs-colle\/uhu-cartouches-melt-rondes-11mm\/","title":{"rendered":"UHU cartouches Melt rondes 11mm"},"content":{"rendered":"<ul>\n<li>haute r\u00e9sistance<\/li>\n<li>transparente<\/li>\n<li>pour le bois, le m\u00e9tal, le verre, le c\u00e9ramique, le cuir, les textiles et de nombreux plastiques (inadapt\u00e9 pour le PE, le PP, le PTFE ainsi que pour les mat\u00e9riaux sensibles \u00e0 la chaleur tels que par ex. le polystyr\u00e8ne et le PVC souple.<\/li>\n<\/ul>\n<p>&nbsp;<\/p>\n<p><strong>Attention:<\/strong> la colle liquide peut atteindre des temp\u00e9ratures allant jusqu&rsquo;\u00e0 200\u00b0C! Danger de br\u00fblures!<\/p>\n<p>Unit\u00e9e \u00e0 10 pcs<\/p>\n<p>&nbsp;<\/p>\n<p>&nbsp;<\/p>\n<div style=\"text-align:left\" class=\"wps-pgfw-pdf-generate-icon__wrapper-frontend\">\n\t\t<a href=\"https:\/\/www.speedmodels.ch\/fr\/wp-json\/wp\/v2\/product\/20742\/?action=genpdf&amp;id=20742\" class=\"pgfw-single-pdf-download-button\" target=_blank><img src=\"https:\/\/speedmodels.ch\/wp-content\/uploads\/2021\/09\/pdf_icon.png\" title=\"G\u00e9n\u00e9rer un PDF\" style=\"width:auto; height:45px;\"><\/a>\n\t\t<\/div>","protected":false},"excerpt":{"rendered":"<p>haute r\u00e9sistance transparente pour le bois, le m\u00e9tal, le verre, le c\u00e9ramique, le cuir, les textiles et de nombreux plastiques (inadapt\u00e9 pour le PE, le PP, le PTFE ainsi que pour les mat\u00e9riaux sensibles \u00e0 la chaleur tels que par ex. le polystyr\u00e8ne et le PVC souple. &nbsp; Attention: la colle liquide peut atteindre des [&hellip;]<\/p>\n","protected":false},"featured_media":10282,"template":"","meta":[],"product_brand":[],"product_cat":[1693],"product_tag":[],"class_list":{"0":"post-20742","1":"product","2":"type-product","3":"status-publish","4":"has-post-thumbnail","6":"product_cat-adhesifs-colle","8":"first","9":"instock","10":"shipping-taxable","11":"product-type-simple"},"_links":{"self":[{"href":"https:\/\/www.speedmodels.ch\/fr\/wp-json\/wp\/v2\/product\/20742","targetHints":{"allow":["GET"]}}],"collection":[{"href":"https:\/\/www.speedmodels.ch\/fr\/wp-json\/wp\/v2\/product"}],"about":[{"href":"https:\/\/www.speedmodels.ch\/fr\/wp-json\/wp\/v2\/types\/product"}],"version-history":[{"count":1,"href":"https:\/\/www.speedmodels.ch\/fr\/wp-json\/wp\/v2\/product\/20742\/revisions"}],"predecessor-version":[{"id":29514,"href":"https:\/\/www.speedmodels.ch\/fr\/wp-json\/wp\/v2\/product\/20742\/revisions\/29514"}],"wp:featuredmedia":[{"embeddable":true,"href":"https:\/\/www.speedmodels.ch\/fr\/wp-json\/wp\/v2\/media\/10282"}],"wp:attachment":[{"href":"https:\/\/www.speedmodels.ch\/fr\/wp-json\/wp\/v2\/media?parent=20742"}],"wp:term":[{"taxonomy":"product_brand","embeddable":true,"href":"https:\/\/www.speedmodels.ch\/fr\/wp-json\/wp\/v2\/product_brand?post=20742"},{"taxonomy":"product_cat","embeddable":true,"href":"https:\/\/www.speedmodels.ch\/fr\/wp-json\/wp\/v2\/product_cat?post=20742"},{"taxonomy":"product_tag","embeddable":true,"href":"https:\/\/www.speedmodels.ch\/fr\/wp-json\/wp\/v2\/product_tag?post=20742"}],"curies":[{"name":"wp","href":"https:\/\/api.w.org\/{rel}","templated":true}]}}