{"id":20741,"date":"2022-06-09T14:44:10","date_gmt":"2022-06-09T14:44:10","guid":{"rendered":"https:\/\/www.speedmodels.ch\/produkte\/unkategorisiert\/uhu-pistolet-a-colle-starter-kit-hot-melt\/"},"modified":"2025-02-10T09:33:18","modified_gmt":"2025-02-10T09:33:18","slug":"uhu-pistolet-a-colle-starter-kit-hot-melt","status":"publish","type":"product","link":"https:\/\/www.speedmodels.ch\/fr\/produits\/peintures-vernis-colles\/adhesifs-colle\/uhu-pistolet-a-colle-starter-kit-hot-melt\/","title":{"rendered":"UHU pistolet \u00e0 colle Starter Kit Hot Melt"},"content":{"rendered":"<ul>\n<li>court temps de chauffe (5-8 minutes)<\/li>\n<li>pratique &#8211; facile \u00e0 op\u00e9rer<\/li>\n<li>ais\u00e9 \u00e0 doser<\/li>\n<li>buse isol\u00e9e de la chaleur pour une plus grande s\u00e9curit\u00e9 lors du collage<\/li>\n<li>contr\u00f4le \u00e9lectronique de la temp\u00e9rature<\/li>\n<li>pour un collage haute r\u00e9sistance et transparent<\/li>\n<li>pour le bois, le m\u00e9tal, le verre, le c\u00e9ramique, le cuir, les textiles et de nombreux plastiques (inadapt\u00e9 pour le PE, le PP, le PTFE ainsi que pour les mat\u00e9riaux sensibles \u00e0 la chaleur tels que par ex. le polystyr\u00e8ne et le PVC souple.<\/li>\n<\/ul>\n<p>Le kit contint: pistolet \u00e0 colle, 6 cartouches, mode d&#8217;emploi<\/p>\n<p><strong>Attention:<\/strong> la colle liquide peut atteindre des temp\u00e9ratures allant jusqu&rsquo;\u00e0 200\u00b0C! Danger de br\u00fblures!<\/p>\n<p>&nbsp;<\/p>\n<p>&nbsp;<\/p>\n<p>&nbsp;<\/p>\n<div style=\"text-align:left\" class=\"wps-pgfw-pdf-generate-icon__wrapper-frontend\">\n\t\t<a href=\"https:\/\/www.speedmodels.ch\/fr\/wp-json\/wp\/v2\/product\/20741\/?action=genpdf&amp;id=20741\" class=\"pgfw-single-pdf-download-button\" target=_blank><img src=\"https:\/\/speedmodels.ch\/wp-content\/uploads\/2021\/09\/pdf_icon.png\" title=\"G\u00e9n\u00e9rer un PDF\" style=\"width:auto; height:45px;\"><\/a>\n\t\t<\/div>","protected":false},"excerpt":{"rendered":"<p>court temps de chauffe (5-8 minutes) pratique &#8211; facile \u00e0 op\u00e9rer ais\u00e9 \u00e0 doser buse isol\u00e9e de la chaleur pour une plus grande s\u00e9curit\u00e9 lors du collage contr\u00f4le \u00e9lectronique de la temp\u00e9rature pour un collage haute r\u00e9sistance et transparent pour le bois, le m\u00e9tal, le verre, le c\u00e9ramique, le cuir, les textiles et de nombreux [&hellip;]<\/p>\n","protected":false},"featured_media":10283,"template":"","meta":[],"product_brand":[],"product_cat":[1693],"product_tag":[],"class_list":{"0":"post-20741","1":"product","2":"type-product","3":"status-publish","4":"has-post-thumbnail","6":"product_cat-adhesifs-colle","8":"first","9":"instock","10":"shipping-taxable","11":"product-type-simple"},"_links":{"self":[{"href":"https:\/\/www.speedmodels.ch\/fr\/wp-json\/wp\/v2\/product\/20741","targetHints":{"allow":["GET"]}}],"collection":[{"href":"https:\/\/www.speedmodels.ch\/fr\/wp-json\/wp\/v2\/product"}],"about":[{"href":"https:\/\/www.speedmodels.ch\/fr\/wp-json\/wp\/v2\/types\/product"}],"version-history":[{"count":1,"href":"https:\/\/www.speedmodels.ch\/fr\/wp-json\/wp\/v2\/product\/20741\/revisions"}],"predecessor-version":[{"id":29513,"href":"https:\/\/www.speedmodels.ch\/fr\/wp-json\/wp\/v2\/product\/20741\/revisions\/29513"}],"wp:featuredmedia":[{"embeddable":true,"href":"https:\/\/www.speedmodels.ch\/fr\/wp-json\/wp\/v2\/media\/10283"}],"wp:attachment":[{"href":"https:\/\/www.speedmodels.ch\/fr\/wp-json\/wp\/v2\/media?parent=20741"}],"wp:term":[{"taxonomy":"product_brand","embeddable":true,"href":"https:\/\/www.speedmodels.ch\/fr\/wp-json\/wp\/v2\/product_brand?post=20741"},{"taxonomy":"product_cat","embeddable":true,"href":"https:\/\/www.speedmodels.ch\/fr\/wp-json\/wp\/v2\/product_cat?post=20741"},{"taxonomy":"product_tag","embeddable":true,"href":"https:\/\/www.speedmodels.ch\/fr\/wp-json\/wp\/v2\/product_tag?post=20741"}],"curies":[{"name":"wp","href":"https:\/\/api.w.org\/{rel}","templated":true}]}}