{"id":20740,"date":"2022-06-09T14:31:59","date_gmt":"2022-06-09T14:31:59","guid":{"rendered":"https:\/\/www.speedmodels.ch\/produkte\/unkategorisiert\/uhu-por-styropor-kleber-40gr\/"},"modified":"2025-02-10T09:12:48","modified_gmt":"2025-02-10T09:12:48","slug":"uhu-por-styropor-kleber-40gr","status":"publish","type":"product","link":"https:\/\/www.speedmodels.ch\/fr\/produits\/peintures-vernis-colles\/adhesifs-colle\/uhu-por-styropor-kleber-40gr\/","title":{"rendered":"UHU POR Styropor &#8211; Kleber 40gr"},"content":{"rendered":"<ul>\n<li>Colle sp\u00e9ciale pour le polystyr\u00e8ne expans\u00e9 usuels(XPS\/EPS). Aussi avec le bois, le m\u00e9tal, la c\u00e9ramique, le papier, les textiles et de nombreux plastiques. Non adapt\u00e9e pour le PE et PP.<\/li>\n<li>flexible<\/li>\n<li>r\u00e9siste au vieillissement, \u00e0 l&rsquo;eau et la temp\u00e9rature<\/li>\n<li>transparente<\/li>\n<\/ul>\n<p>tube \u00e0 40gr \/ 50ml<\/p>\n<p>Sicherheitsdatenblatt: <a href=\"https:\/\/www.speedmodels.ch\/wp-content\/uploads\/2022\/06\/45900.pdf\">UHU-45900<\/a><\/p>\n<p>&nbsp;<\/p>\n<div style=\"text-align:left\" class=\"wps-pgfw-pdf-generate-icon__wrapper-frontend\">\n\t\t<a href=\"https:\/\/www.speedmodels.ch\/fr\/wp-json\/wp\/v2\/product\/20740\/?action=genpdf&amp;id=20740\" class=\"pgfw-single-pdf-download-button\" target=_blank><img src=\"https:\/\/speedmodels.ch\/wp-content\/uploads\/2021\/09\/pdf_icon.png\" title=\"G\u00e9n\u00e9rer un PDF\" style=\"width:auto; height:45px;\"><\/a>\n\t\t<\/div>","protected":false},"excerpt":{"rendered":"<p>Colle sp\u00e9ciale pour le polystyr\u00e8ne expans\u00e9 usuels(XPS\/EPS). Aussi avec le bois, le m\u00e9tal, la c\u00e9ramique, le papier, les textiles et de nombreux plastiques. Non adapt\u00e9e pour le PE et PP. flexible r\u00e9siste au vieillissement, \u00e0 l&rsquo;eau et la temp\u00e9rature transparente tube \u00e0 40gr \/ 50ml Sicherheitsdatenblatt: UHU-45900 &nbsp;<\/p>\n","protected":false},"featured_media":10281,"template":"","meta":[],"product_brand":[],"product_cat":[1693],"product_tag":[],"class_list":{"0":"post-20740","1":"product","2":"type-product","3":"status-publish","4":"has-post-thumbnail","6":"product_cat-adhesifs-colle","8":"first","9":"instock","10":"shipping-taxable","11":"product-type-simple"},"_links":{"self":[{"href":"https:\/\/www.speedmodels.ch\/fr\/wp-json\/wp\/v2\/product\/20740","targetHints":{"allow":["GET"]}}],"collection":[{"href":"https:\/\/www.speedmodels.ch\/fr\/wp-json\/wp\/v2\/product"}],"about":[{"href":"https:\/\/www.speedmodels.ch\/fr\/wp-json\/wp\/v2\/types\/product"}],"version-history":[{"count":1,"href":"https:\/\/www.speedmodels.ch\/fr\/wp-json\/wp\/v2\/product\/20740\/revisions"}],"predecessor-version":[{"id":29480,"href":"https:\/\/www.speedmodels.ch\/fr\/wp-json\/wp\/v2\/product\/20740\/revisions\/29480"}],"wp:featuredmedia":[{"embeddable":true,"href":"https:\/\/www.speedmodels.ch\/fr\/wp-json\/wp\/v2\/media\/10281"}],"wp:attachment":[{"href":"https:\/\/www.speedmodels.ch\/fr\/wp-json\/wp\/v2\/media?parent=20740"}],"wp:term":[{"taxonomy":"product_brand","embeddable":true,"href":"https:\/\/www.speedmodels.ch\/fr\/wp-json\/wp\/v2\/product_brand?post=20740"},{"taxonomy":"product_cat","embeddable":true,"href":"https:\/\/www.speedmodels.ch\/fr\/wp-json\/wp\/v2\/product_cat?post=20740"},{"taxonomy":"product_tag","embeddable":true,"href":"https:\/\/www.speedmodels.ch\/fr\/wp-json\/wp\/v2\/product_tag?post=20740"}],"curies":[{"name":"wp","href":"https:\/\/api.w.org\/{rel}","templated":true}]}}