{"id":20737,"date":"2022-06-09T14:14:38","date_gmt":"2022-06-09T14:14:38","guid":{"rendered":"https:\/\/www.speedmodels.ch\/produkte\/unkategorisiert\/uhu-plus-endfest-2-composant-90-min-33gr\/"},"modified":"2025-02-10T09:24:17","modified_gmt":"2025-02-10T09:24:17","slug":"uhu-plus-endfest-2-composant-90-min-33gr","status":"publish","type":"product","link":"https:\/\/www.speedmodels.ch\/fr\/produits\/peintures-vernis-colles\/adhesifs-colle\/uhu-plus-endfest-2-composant-90-min-33gr\/","title":{"rendered":"UHU PLUS Endfest 2 composant 90 min 33gr"},"content":{"rendered":"<ul>\n<li>extr\u00eamement r\u00e9sistant<\/li>\n<li>temps de travail: 90 minutes &#8211; fixation d\u00e9finitive apr\u00e8s 12 heures<\/li>\n<li>pour m\u00e9tal, pierre, b\u00e9ton, porcelaine, bois, divers type de plastique<\/li>\n<\/ul>\n<p>&nbsp;<\/p>\n<p>tube liant 18gr \/ 15ml<\/p>\n<p>tube durcisseur 15gr \/ 15ml<\/p>\n<p>&nbsp;<\/p>\n<p>Sicherheitsdatenblatt: <a href=\"https:\/\/www.speedmodels.ch\/wp-content\/uploads\/2022\/06\/45670.pdf\">UHU-45670<\/a><\/p>\n<p>&nbsp;<\/p>\n<div style=\"text-align:left\" class=\"wps-pgfw-pdf-generate-icon__wrapper-frontend\">\n\t\t<a href=\"https:\/\/www.speedmodels.ch\/fr\/wp-json\/wp\/v2\/product\/20737\/?action=genpdf&amp;id=20737\" class=\"pgfw-single-pdf-download-button\" target=_blank><img src=\"https:\/\/speedmodels.ch\/wp-content\/uploads\/2021\/09\/pdf_icon.png\" title=\"G\u00e9n\u00e9rer un PDF\" style=\"width:auto; height:45px;\"><\/a>\n\t\t<\/div>","protected":false},"excerpt":{"rendered":"<p>extr\u00eamement r\u00e9sistant temps de travail: 90 minutes &#8211; fixation d\u00e9finitive apr\u00e8s 12 heures pour m\u00e9tal, pierre, b\u00e9ton, porcelaine, bois, divers type de plastique &nbsp; tube liant 18gr \/ 15ml tube durcisseur 15gr \/ 15ml &nbsp; Sicherheitsdatenblatt: UHU-45670 &nbsp;<\/p>\n","protected":false},"featured_media":10277,"template":"","meta":[],"product_brand":[],"product_cat":[1693],"product_tag":[],"class_list":{"0":"post-20737","1":"product","2":"type-product","3":"status-publish","4":"has-post-thumbnail","6":"product_cat-adhesifs-colle","8":"first","9":"instock","10":"shipping-taxable","11":"product-type-simple"},"_links":{"self":[{"href":"https:\/\/www.speedmodels.ch\/fr\/wp-json\/wp\/v2\/product\/20737","targetHints":{"allow":["GET"]}}],"collection":[{"href":"https:\/\/www.speedmodels.ch\/fr\/wp-json\/wp\/v2\/product"}],"about":[{"href":"https:\/\/www.speedmodels.ch\/fr\/wp-json\/wp\/v2\/types\/product"}],"version-history":[{"count":1,"href":"https:\/\/www.speedmodels.ch\/fr\/wp-json\/wp\/v2\/product\/20737\/revisions"}],"predecessor-version":[{"id":29500,"href":"https:\/\/www.speedmodels.ch\/fr\/wp-json\/wp\/v2\/product\/20737\/revisions\/29500"}],"wp:featuredmedia":[{"embeddable":true,"href":"https:\/\/www.speedmodels.ch\/fr\/wp-json\/wp\/v2\/media\/10277"}],"wp:attachment":[{"href":"https:\/\/www.speedmodels.ch\/fr\/wp-json\/wp\/v2\/media?parent=20737"}],"wp:term":[{"taxonomy":"product_brand","embeddable":true,"href":"https:\/\/www.speedmodels.ch\/fr\/wp-json\/wp\/v2\/product_brand?post=20737"},{"taxonomy":"product_cat","embeddable":true,"href":"https:\/\/www.speedmodels.ch\/fr\/wp-json\/wp\/v2\/product_cat?post=20737"},{"taxonomy":"product_tag","embeddable":true,"href":"https:\/\/www.speedmodels.ch\/fr\/wp-json\/wp\/v2\/product_tag?post=20737"}],"curies":[{"name":"wp","href":"https:\/\/api.w.org\/{rel}","templated":true}]}}