{"id":20736,"date":"2022-06-09T14:28:52","date_gmt":"2022-06-09T14:28:52","guid":{"rendered":"https:\/\/www.speedmodels.ch\/produkte\/unkategorisiert\/uhu-plast-special-30gr\/"},"modified":"2025-02-10T09:17:44","modified_gmt":"2025-02-10T09:17:44","slug":"uhu-plast-special-30gr","status":"publish","type":"product","link":"https:\/\/www.speedmodels.ch\/fr\/produits\/peintures-vernis-colles\/adhesifs-colle\/uhu-plast-special-30gr\/","title":{"rendered":"UHU PLAST SPECIAL 30gr"},"content":{"rendered":"<ul>\n<li>Colle pour le mod\u00e9lisme en plastique avec aiguille<\/li>\n<li>transparent<\/li>\n<li>r\u00e9sistant \u00e0 l&rsquo;eau<\/li>\n<\/ul>\n<p>tube 30gr \/ 34ml<\/p>\n<p>Sicherheitsdatenblatt: <a href=\"https:\/\/www.speedmodels.ch\/wp-content\/uploads\/2022\/06\/45880.pdf\">UHU-45880<\/a><\/p>\n<p>&nbsp;<\/p>\n<div style=\"text-align:left\" class=\"wps-pgfw-pdf-generate-icon__wrapper-frontend\">\n\t\t<a href=\"https:\/\/www.speedmodels.ch\/fr\/wp-json\/wp\/v2\/product\/20736\/?action=genpdf&amp;id=20736\" class=\"pgfw-single-pdf-download-button\" target=_blank><img src=\"https:\/\/speedmodels.ch\/wp-content\/uploads\/2021\/09\/pdf_icon.png\" title=\"G\u00e9n\u00e9rer un PDF\" style=\"width:auto; height:45px;\"><\/a>\n\t\t<\/div>","protected":false},"excerpt":{"rendered":"<p>Colle pour le mod\u00e9lisme en plastique avec aiguille transparent r\u00e9sistant \u00e0 l&rsquo;eau tube 30gr \/ 34ml Sicherheitsdatenblatt: UHU-45880 &nbsp;<\/p>\n","protected":false},"featured_media":10280,"template":"","meta":[],"product_brand":[],"product_cat":[1693],"product_tag":[],"class_list":{"0":"post-20736","1":"product","2":"type-product","3":"status-publish","4":"has-post-thumbnail","6":"product_cat-adhesifs-colle","8":"first","9":"instock","10":"shipping-taxable","11":"product-type-simple"},"_links":{"self":[{"href":"https:\/\/www.speedmodels.ch\/fr\/wp-json\/wp\/v2\/product\/20736","targetHints":{"allow":["GET"]}}],"collection":[{"href":"https:\/\/www.speedmodels.ch\/fr\/wp-json\/wp\/v2\/product"}],"about":[{"href":"https:\/\/www.speedmodels.ch\/fr\/wp-json\/wp\/v2\/types\/product"}],"version-history":[{"count":1,"href":"https:\/\/www.speedmodels.ch\/fr\/wp-json\/wp\/v2\/product\/20736\/revisions"}],"predecessor-version":[{"id":29484,"href":"https:\/\/www.speedmodels.ch\/fr\/wp-json\/wp\/v2\/product\/20736\/revisions\/29484"}],"wp:featuredmedia":[{"embeddable":true,"href":"https:\/\/www.speedmodels.ch\/fr\/wp-json\/wp\/v2\/media\/10280"}],"wp:attachment":[{"href":"https:\/\/www.speedmodels.ch\/fr\/wp-json\/wp\/v2\/media?parent=20736"}],"wp:term":[{"taxonomy":"product_brand","embeddable":true,"href":"https:\/\/www.speedmodels.ch\/fr\/wp-json\/wp\/v2\/product_brand?post=20736"},{"taxonomy":"product_cat","embeddable":true,"href":"https:\/\/www.speedmodels.ch\/fr\/wp-json\/wp\/v2\/product_cat?post=20736"},{"taxonomy":"product_tag","embeddable":true,"href":"https:\/\/www.speedmodels.ch\/fr\/wp-json\/wp\/v2\/product_tag?post=20736"}],"curies":[{"name":"wp","href":"https:\/\/api.w.org\/{rel}","templated":true}]}}