{"id":20725,"date":"2022-06-16T08:12:55","date_gmt":"2022-06-16T08:12:55","guid":{"rendered":"https:\/\/www.speedmodels.ch\/produkte\/unkategorisiert\/cable-convertisseur-traxxas-m-4mm-contact-or\/"},"modified":"2025-06-05T11:30:14","modified_gmt":"2025-06-05T11:30:14","slug":"cable-convertisseur-traxxas-m-4mm-contact-or","status":"publish","type":"product","link":"https:\/\/www.speedmodels.ch\/fr\/produits\/entrainement-et-accessoires\/accessoires-moteurs-electriques\/cable-convertisseur-fr\/cable-convertisseur-traxxas-m-4mm-contact-or\/","title":{"rendered":"C\u00e2ble convertisseur Traxxas (m) &#8211; 4mm contact or"},"content":{"rendered":"<p>C\u00e2ble convertisseur avec 5cm de c\u00e2ble silicone super flexible<\/p>\n<div style=\"text-align:left\" class=\"wps-pgfw-pdf-generate-icon__wrapper-frontend\">\n\t\t<a href=\"https:\/\/www.speedmodels.ch\/fr\/wp-json\/wp\/v2\/product\/20725\/?action=genpdf&amp;id=20725\" class=\"pgfw-single-pdf-download-button\" target=_blank><img src=\"https:\/\/speedmodels.ch\/wp-content\/uploads\/2021\/09\/pdf_icon.png\" title=\"G\u00e9n\u00e9rer un PDF\" style=\"width:auto; height:45px;\"><\/a>\n\t\t<\/div>","protected":false},"excerpt":{"rendered":"<p>C\u00e2ble convertisseur avec 5cm de c\u00e2ble silicone super flexible<\/p>\n","protected":false},"featured_media":10338,"template":"","meta":[],"product_brand":[],"product_cat":[1553,1499,1501,1502,1748,1749],"product_tag":[],"class_list":{"0":"post-20725","1":"product","2":"type-product","3":"status-publish","4":"has-post-thumbnail","6":"product_cat-accessoires-moteurs-electriques","7":"product_cat-fr-akkus-zubehoer","8":"product_cat-batteries-daccessoires","9":"product_cat-cable-prise-interrupteur","10":"product_cat-cable-convertisseur","11":"product_cat-cable-convertisseur-fr","13":"first","14":"instock","15":"shipping-taxable","16":"product-type-simple"},"_links":{"self":[{"href":"https:\/\/www.speedmodels.ch\/fr\/wp-json\/wp\/v2\/product\/20725","targetHints":{"allow":["GET"]}}],"collection":[{"href":"https:\/\/www.speedmodels.ch\/fr\/wp-json\/wp\/v2\/product"}],"about":[{"href":"https:\/\/www.speedmodels.ch\/fr\/wp-json\/wp\/v2\/types\/product"}],"version-history":[{"count":1,"href":"https:\/\/www.speedmodels.ch\/fr\/wp-json\/wp\/v2\/product\/20725\/revisions"}],"predecessor-version":[{"id":31403,"href":"https:\/\/www.speedmodels.ch\/fr\/wp-json\/wp\/v2\/product\/20725\/revisions\/31403"}],"wp:featuredmedia":[{"embeddable":true,"href":"https:\/\/www.speedmodels.ch\/fr\/wp-json\/wp\/v2\/media\/10338"}],"wp:attachment":[{"href":"https:\/\/www.speedmodels.ch\/fr\/wp-json\/wp\/v2\/media?parent=20725"}],"wp:term":[{"taxonomy":"product_brand","embeddable":true,"href":"https:\/\/www.speedmodels.ch\/fr\/wp-json\/wp\/v2\/product_brand?post=20725"},{"taxonomy":"product_cat","embeddable":true,"href":"https:\/\/www.speedmodels.ch\/fr\/wp-json\/wp\/v2\/product_cat?post=20725"},{"taxonomy":"product_tag","embeddable":true,"href":"https:\/\/www.speedmodels.ch\/fr\/wp-json\/wp\/v2\/product_tag?post=20725"}],"curies":[{"name":"wp","href":"https:\/\/api.w.org\/{rel}","templated":true}]}}