{"id":20538,"date":"2022-07-07T12:01:33","date_gmt":"2022-07-07T12:01:33","guid":{"rendered":"https:\/\/www.speedmodels.ch\/produkte\/unkategorisiert\/moteur-electrique-pour-bateaux-rm-730-trq\/"},"modified":"2022-07-07T12:01:33","modified_gmt":"2022-07-07T12:01:33","slug":"moteur-electrique-pour-bateaux-rm-730-trq","status":"publish","type":"product","link":"https:\/\/www.speedmodels.ch\/fr\/produits\/entrainement-et-accessoires\/moteurs-electriques\/bateaux-fr\/moteur-electrique-pour-bateaux-rm-730-trq\/","title":{"rendered":"Moteur \u00e9lectrique pour bateaux RM 730 TRQ"},"content":{"rendered":"<p>Moteur \u00e9lectrique pour bateaux Raboesch Blue RM 730 TRQ<\/p>\n<p>&nbsp;<\/p>\n<table border=\"1\" cellspacing=\"0\" cellpadding=\"0\">\n<tbody>\n<tr>\n<td colspan=\"2\"><strong class=\"navigation_franz\">fiches t\u00e9chniques <\/strong><\/td>\n<\/tr>\n<tr>\n<td width=\"245\"><span class=\"deutsch_texte\">tension nominale<\/span><\/td>\n<td width=\"133\"><span class=\"deutsch_texte\">12 V &#8211; DC<\/span><\/td>\n<\/tr>\n<tr>\n<td><span class=\"deutsch_texte\">tension de fonctionnement<\/span><\/td>\n<td><span class=\"deutsch_texte\">6-12 V &#8211; DC<\/span><\/td>\n<\/tr>\n<tr>\n<td><span class=\"deutsch_texte\">axe \u00d8<\/span><\/td>\n<td><span class=\"deutsch_texte\">5 mm<\/span><\/td>\n<\/tr>\n<tr>\n<td>longueur axe<\/td>\n<td>13mm<\/td>\n<\/tr>\n<tr>\n<td>poids<\/td>\n<td><span class=\"deutsch_texte\">352 g<\/span><\/td>\n<\/tr>\n<tr>\n<td><span class=\"deutsch_texte\">tours<\/span><\/td>\n<td><span class=\"deutsch_texte\">4500 RPM MAX<\/span><\/td>\n<\/tr>\n<tr>\n<td><span class=\"deutsch_texte\">Courant maximun<\/span><\/td>\n<td><span class=\"deutsch_texte\">0,40 A<\/span><\/td>\n<\/tr>\n<tr>\n<td><span class=\"deutsch_texte\">\u00e9fficacit\u00e9<\/span><\/td>\n<td><span class=\"deutsch_texte\">67 %<\/span><\/td>\n<\/tr>\n<tr>\n<td><span class=\"deutsch_texte\">tours<\/span><\/td>\n<td><span class=\"deutsch_texte\">3820 RPM<\/span><\/td>\n<\/tr>\n<tr>\n<td><span class=\"deutsch_texte\">force<\/span><\/td>\n<td><span class=\"deutsch_texte\">462 G.CM<\/span><\/td>\n<\/tr>\n<tr>\n<td><span class=\"deutsch_texte\">Courant maximun<\/span><\/td>\n<td><span class=\"deutsch_texte\">2,3 A<\/span><\/td>\n<\/tr>\n<tr>\n<td><span class=\"deutsch_texte\">Tours max<\/span><\/td>\n<td><span class=\"deutsch_texte\">18 WATTS<\/span><\/td>\n<\/tr>\n<tr>\n<td><span class=\"deutsch_texte\">force<\/span><\/td>\n<td><span class=\"deutsch_texte\">3041 G.CM<\/span><\/td>\n<\/tr>\n<tr>\n<td><span class=\"deutsch_texte\">Courant maximun<\/span><\/td>\n<td><span class=\"deutsch_texte\">12,5 A<\/span><\/td>\n<\/tr>\n<\/tbody>\n<\/table>\n<p>&nbsp;<\/p>\n<p>Fiches t\u00e9chniques et d&rsquo;informations: <a href=\"https:\/\/speedmodels.ch\/wp-content\/uploads\/2022\/07\/Technische-Daten_D-F-E_109_73-.pdf\">Technische-Daten_D-F-E_109_73-<\/a><\/p>\n<p>&nbsp;<\/p>\n<div style=\"text-align:left\" class=\"wps-pgfw-pdf-generate-icon__wrapper-frontend\">\n\t\t<a href=\"https:\/\/www.speedmodels.ch\/fr\/wp-json\/wp\/v2\/product\/20538\/?action=genpdf&amp;id=20538\" class=\"pgfw-single-pdf-download-button\" target=_blank><img src=\"https:\/\/speedmodels.ch\/wp-content\/uploads\/2021\/09\/pdf_icon.png\" title=\"G\u00e9n\u00e9rer un PDF\" style=\"width:auto; height:45px;\"><\/a>\n\t\t<\/div>","protected":false},"excerpt":{"rendered":"<p>Moteur \u00e9lectrique pour bateaux Raboesch Blue RM 730 TRQ &nbsp; fiches t\u00e9chniques tension nominale 12 V &#8211; DC tension de fonctionnement 6-12 V &#8211; DC axe \u00d8 5 mm longueur axe 13mm poids 352 g tours 4500 RPM MAX Courant maximun 0,40 A \u00e9fficacit\u00e9 67 % tours 3820 RPM force 462 G.CM Courant maximun 2,3 [&hellip;]<\/p>\n","protected":false},"featured_media":10543,"template":"","meta":[],"product_brand":[],"product_cat":[1689,1528,1708],"product_tag":[],"class_list":{"0":"post-20538","1":"product","2":"type-product","3":"status-publish","4":"has-post-thumbnail","6":"product_cat-bateaux-fr","7":"product_cat-entrainement-et-accessoires","8":"product_cat-moteurs-electriques","10":"first","11":"instock","12":"shipping-taxable","13":"product-type-simple"},"_links":{"self":[{"href":"https:\/\/www.speedmodels.ch\/fr\/wp-json\/wp\/v2\/product\/20538","targetHints":{"allow":["GET"]}}],"collection":[{"href":"https:\/\/www.speedmodels.ch\/fr\/wp-json\/wp\/v2\/product"}],"about":[{"href":"https:\/\/www.speedmodels.ch\/fr\/wp-json\/wp\/v2\/types\/product"}],"version-history":[{"count":0,"href":"https:\/\/www.speedmodels.ch\/fr\/wp-json\/wp\/v2\/product\/20538\/revisions"}],"wp:featuredmedia":[{"embeddable":true,"href":"https:\/\/www.speedmodels.ch\/fr\/wp-json\/wp\/v2\/media\/10543"}],"wp:attachment":[{"href":"https:\/\/www.speedmodels.ch\/fr\/wp-json\/wp\/v2\/media?parent=20538"}],"wp:term":[{"taxonomy":"product_brand","embeddable":true,"href":"https:\/\/www.speedmodels.ch\/fr\/wp-json\/wp\/v2\/product_brand?post=20538"},{"taxonomy":"product_cat","embeddable":true,"href":"https:\/\/www.speedmodels.ch\/fr\/wp-json\/wp\/v2\/product_cat?post=20538"},{"taxonomy":"product_tag","embeddable":true,"href":"https:\/\/www.speedmodels.ch\/fr\/wp-json\/wp\/v2\/product_tag?post=20538"}],"curies":[{"name":"wp","href":"https:\/\/api.w.org\/{rel}","templated":true}]}}