{"id":20536,"date":"2022-07-07T11:55:02","date_gmt":"2022-07-07T11:55:02","guid":{"rendered":"https:\/\/www.speedmodels.ch\/produkte\/unkategorisiert\/moteur-electrique-pour-bateaux-rm-530-trq\/"},"modified":"2022-07-07T11:55:02","modified_gmt":"2022-07-07T11:55:02","slug":"moteur-electrique-pour-bateaux-rm-530-trq","status":"publish","type":"product","link":"https:\/\/www.speedmodels.ch\/fr\/produits\/entrainement-et-accessoires\/moteurs-electriques\/bateaux-fr\/moteur-electrique-pour-bateaux-rm-530-trq\/","title":{"rendered":"Moteur \u00e9lectrique pour bateaux RM 530 TRQ"},"content":{"rendered":"<p>Moteur \u00e9lectrique pour bateaux Raboesch Blue RM 530 TRQ<\/p>\n<p>&nbsp;<\/p>\n<table border=\"1\" cellspacing=\"0\" cellpadding=\"0\">\n<tbody>\n<tr>\n<td colspan=\"2\"><strong class=\"navigation_franz\">fiches t\u00e9chniques <\/strong><\/td>\n<\/tr>\n<tr>\n<td width=\"247\"><span class=\"deutsch_texte\">tension nominale<\/span><\/td>\n<td width=\"131\"><span class=\"deutsch_texte\">7,2 V &#8211; DC<\/span><\/td>\n<\/tr>\n<tr>\n<td>tension de fonctionnement<\/td>\n<td>6 &#8211; 9 V &#8211; DC<\/td>\n<\/tr>\n<tr>\n<td>axe \u00d8<\/td>\n<td><span class=\"deutsch_texte\">3,2 mm<\/span><\/td>\n<\/tr>\n<tr>\n<td><span class=\"deutsch_texte\">longueur d&rsquo;axe<\/span><\/td>\n<td><span class=\"deutsch_texte\">13 mm<\/span><\/td>\n<\/tr>\n<tr>\n<td><span class=\"deutsch_texte\">poids<\/span><\/td>\n<td><span class=\"deutsch_texte\">174 g<\/span><\/td>\n<\/tr>\n<tr>\n<td><span class=\"deutsch_texte\">tours<\/span><\/td>\n<td><span class=\"deutsch_texte\">12.000 RPM MAX<\/span><\/td>\n<\/tr>\n<tr>\n<td><span class=\"deutsch_texte\">Courant maximun<\/span><\/td>\n<td><span class=\"deutsch_texte\">1,2 A<\/span><\/td>\n<\/tr>\n<tr>\n<td><span class=\"deutsch_texte\">tours<\/span><\/td>\n<td><span class=\"deutsch_texte\">10.500 RPM<\/span><\/td>\n<\/tr>\n<tr>\n<td><span class=\"deutsch_texte\">Courant maximun<\/span><\/td>\n<td><span class=\"deutsch_texte\">1,9 A<\/span><\/td>\n<\/tr>\n<tr>\n<td><span class=\"deutsch_texte\">tours<\/span><\/td>\n<td><span class=\"deutsch_texte\">8.200 RPM<\/span><\/td>\n<\/tr>\n<tr>\n<td><span class=\"deutsch_texte\">Courant maximun<\/span><\/td>\n<td><span class=\"deutsch_texte\">2,9 A<\/span><\/td>\n<\/tr>\n<\/tbody>\n<\/table>\n<p>&nbsp;<\/p>\n<p>Fiches t\u00e9chniques et d&rsquo;informations: <a href=\"https:\/\/speedmodels.ch\/wp-content\/uploads\/2022\/07\/Technische-Daten_D-F-E_109-53-.pdf\">Technische Daten_D-F-E_109-53-<\/a><\/p>\n<div style=\"text-align:left\" class=\"wps-pgfw-pdf-generate-icon__wrapper-frontend\">\n\t\t<a href=\"https:\/\/www.speedmodels.ch\/fr\/wp-json\/wp\/v2\/product\/20536\/?action=genpdf&amp;id=20536\" class=\"pgfw-single-pdf-download-button\" target=_blank><img src=\"https:\/\/speedmodels.ch\/wp-content\/uploads\/2021\/09\/pdf_icon.png\" title=\"G\u00e9n\u00e9rer un PDF\" style=\"width:auto; height:45px;\"><\/a>\n\t\t<\/div>","protected":false},"excerpt":{"rendered":"<p>Moteur \u00e9lectrique pour bateaux Raboesch Blue RM 530 TRQ &nbsp; fiches t\u00e9chniques tension nominale 7,2 V &#8211; DC tension de fonctionnement 6 &#8211; 9 V &#8211; DC axe \u00d8 3,2 mm longueur d&rsquo;axe 13 mm poids 174 g tours 12.000 RPM MAX Courant maximun 1,2 A tours 10.500 RPM Courant maximun 1,9 A tours 8.200 [&hellip;]<\/p>\n","protected":false},"featured_media":10539,"template":"","meta":[],"product_brand":[],"product_cat":[1689,1528,1708],"product_tag":[],"class_list":{"0":"post-20536","1":"product","2":"type-product","3":"status-publish","4":"has-post-thumbnail","6":"product_cat-bateaux-fr","7":"product_cat-entrainement-et-accessoires","8":"product_cat-moteurs-electriques","10":"first","11":"instock","12":"shipping-taxable","13":"product-type-simple"},"_links":{"self":[{"href":"https:\/\/www.speedmodels.ch\/fr\/wp-json\/wp\/v2\/product\/20536","targetHints":{"allow":["GET"]}}],"collection":[{"href":"https:\/\/www.speedmodels.ch\/fr\/wp-json\/wp\/v2\/product"}],"about":[{"href":"https:\/\/www.speedmodels.ch\/fr\/wp-json\/wp\/v2\/types\/product"}],"version-history":[{"count":0,"href":"https:\/\/www.speedmodels.ch\/fr\/wp-json\/wp\/v2\/product\/20536\/revisions"}],"wp:featuredmedia":[{"embeddable":true,"href":"https:\/\/www.speedmodels.ch\/fr\/wp-json\/wp\/v2\/media\/10539"}],"wp:attachment":[{"href":"https:\/\/www.speedmodels.ch\/fr\/wp-json\/wp\/v2\/media?parent=20536"}],"wp:term":[{"taxonomy":"product_brand","embeddable":true,"href":"https:\/\/www.speedmodels.ch\/fr\/wp-json\/wp\/v2\/product_brand?post=20536"},{"taxonomy":"product_cat","embeddable":true,"href":"https:\/\/www.speedmodels.ch\/fr\/wp-json\/wp\/v2\/product_cat?post=20536"},{"taxonomy":"product_tag","embeddable":true,"href":"https:\/\/www.speedmodels.ch\/fr\/wp-json\/wp\/v2\/product_tag?post=20536"}],"curies":[{"name":"wp","href":"https:\/\/api.w.org\/{rel}","templated":true}]}}