{"id":20535,"date":"2022-07-07T11:51:35","date_gmt":"2022-07-07T11:51:35","guid":{"rendered":"https:\/\/www.speedmodels.ch\/produkte\/unkategorisiert\/moteur-electrique-pour-bateaux-rm-510-trq\/"},"modified":"2022-07-07T11:51:35","modified_gmt":"2022-07-07T11:51:35","slug":"moteur-electrique-pour-bateaux-rm-510-trq","status":"publish","type":"product","link":"https:\/\/www.speedmodels.ch\/fr\/produits\/entrainement-et-accessoires\/moteurs-electriques\/bateaux-fr\/moteur-electrique-pour-bateaux-rm-510-trq\/","title":{"rendered":"Moteur \u00e9lectrique pour bateaux RM 510 TRQ"},"content":{"rendered":"<p>Moteur \u00e9lectrique pour bateaux Raboesch Blue RM 510 TRQ<\/p>\n<p>&nbsp;<\/p>\n<table style=\"height: 461px\" border=\"1\" width=\"426\" cellspacing=\"0\" cellpadding=\"0\">\n<tbody>\n<tr>\n<td colspan=\"2\"><strong class=\"navigation_franz\">fiches t\u00e9chniques <\/strong><\/td>\n<\/tr>\n<tr>\n<td width=\"264\"><span class=\"deutsch_texte\">tension nominale<\/span><\/td>\n<td width=\"114\"><span class=\"deutsch_texte\">7,2 V &#8211; DC<\/span><\/td>\n<\/tr>\n<tr>\n<td><span class=\"deutsch_texte\">tension de fonctionnement<\/span><\/td>\n<td><span class=\"deutsch_texte\">6-9 V &#8211; DC<\/span><\/td>\n<\/tr>\n<tr>\n<td><span class=\"deutsch_texte\">Diam\u00e8tre d&rsquo;axe<\/span><\/td>\n<td><span class=\"deutsch_texte\">3,2 mm<\/span><\/td>\n<\/tr>\n<tr>\n<td><span class=\"deutsch_texte\">longueur d&rsquo;axe<\/span><\/td>\n<td><span class=\"deutsch_texte\">13 mm<\/span><\/td>\n<\/tr>\n<tr>\n<td><span class=\"deutsch_texte\">poids<\/span><\/td>\n<td><span class=\"deutsch_texte\">174 g<\/span><\/td>\n<\/tr>\n<tr>\n<td><span class=\"deutsch_texte\">tours<\/span><\/td>\n<td><span class=\"deutsch_texte\">7.600 RPM MAX<\/span><\/td>\n<\/tr>\n<tr>\n<td><span class=\"deutsch_texte\">Courant maximun<\/span><\/td>\n<td><span class=\"deutsch_texte\">0,7 A<\/span><\/td>\n<\/tr>\n<tr>\n<td><span class=\"deutsch_texte\">tours<\/span><\/td>\n<td><span class=\"deutsch_texte\">7.000 RPM<\/span><\/td>\n<\/tr>\n<tr>\n<td><span class=\"deutsch_texte\">Courant maximun<\/span><\/td>\n<td><span class=\"deutsch_texte\">1,6 A<\/span><\/td>\n<\/tr>\n<tr>\n<td><span class=\"deutsch_texte\">tours<\/span><\/td>\n<td><span class=\"deutsch_texte\">5.800 RPM<\/span><\/td>\n<\/tr>\n<tr>\n<td><span class=\"deutsch_texte\">Courant maximun<\/span><\/td>\n<td><span class=\"deutsch_texte\">2,2 A<\/span><\/td>\n<\/tr>\n<\/tbody>\n<\/table>\n<p>&nbsp;<\/p>\n<p>Fiches t\u00e9chniques et d&rsquo;informations: <a href=\"https:\/\/speedmodels.ch\/wp-content\/uploads\/2022\/07\/Technische-Daten_D-F-E_109-51-.pdf\">Technische Daten_D-F-E_109-51-<\/a><\/p>\n<div style=\"text-align:left\" class=\"wps-pgfw-pdf-generate-icon__wrapper-frontend\">\n\t\t<a href=\"https:\/\/www.speedmodels.ch\/fr\/wp-json\/wp\/v2\/product\/20535\/?action=genpdf&amp;id=20535\" class=\"pgfw-single-pdf-download-button\" target=_blank><img src=\"https:\/\/speedmodels.ch\/wp-content\/uploads\/2021\/09\/pdf_icon.png\" title=\"G\u00e9n\u00e9rer un PDF\" style=\"width:auto; height:45px;\"><\/a>\n\t\t<\/div>","protected":false},"excerpt":{"rendered":"<p>Moteur \u00e9lectrique pour bateaux Raboesch Blue RM 510 TRQ &nbsp; fiches t\u00e9chniques tension nominale 7,2 V &#8211; DC tension de fonctionnement 6-9 V &#8211; DC Diam\u00e8tre d&rsquo;axe 3,2 mm longueur d&rsquo;axe 13 mm poids 174 g tours 7.600 RPM MAX Courant maximun 0,7 A tours 7.000 RPM Courant maximun 1,6 A tours 5.800 RPM Courant [&hellip;]<\/p>\n","protected":false},"featured_media":10537,"template":"","meta":[],"product_brand":[],"product_cat":[1689,1528,1708],"product_tag":[],"class_list":{"0":"post-20535","1":"product","2":"type-product","3":"status-publish","4":"has-post-thumbnail","6":"product_cat-bateaux-fr","7":"product_cat-entrainement-et-accessoires","8":"product_cat-moteurs-electriques","10":"first","11":"instock","12":"shipping-taxable","13":"product-type-simple"},"_links":{"self":[{"href":"https:\/\/www.speedmodels.ch\/fr\/wp-json\/wp\/v2\/product\/20535","targetHints":{"allow":["GET"]}}],"collection":[{"href":"https:\/\/www.speedmodels.ch\/fr\/wp-json\/wp\/v2\/product"}],"about":[{"href":"https:\/\/www.speedmodels.ch\/fr\/wp-json\/wp\/v2\/types\/product"}],"version-history":[{"count":0,"href":"https:\/\/www.speedmodels.ch\/fr\/wp-json\/wp\/v2\/product\/20535\/revisions"}],"wp:featuredmedia":[{"embeddable":true,"href":"https:\/\/www.speedmodels.ch\/fr\/wp-json\/wp\/v2\/media\/10537"}],"wp:attachment":[{"href":"https:\/\/www.speedmodels.ch\/fr\/wp-json\/wp\/v2\/media?parent=20535"}],"wp:term":[{"taxonomy":"product_brand","embeddable":true,"href":"https:\/\/www.speedmodels.ch\/fr\/wp-json\/wp\/v2\/product_brand?post=20535"},{"taxonomy":"product_cat","embeddable":true,"href":"https:\/\/www.speedmodels.ch\/fr\/wp-json\/wp\/v2\/product_cat?post=20535"},{"taxonomy":"product_tag","embeddable":true,"href":"https:\/\/www.speedmodels.ch\/fr\/wp-json\/wp\/v2\/product_tag?post=20535"}],"curies":[{"name":"wp","href":"https:\/\/api.w.org\/{rel}","templated":true}]}}