{"id":20534,"date":"2022-07-07T11:48:59","date_gmt":"2022-07-07T11:48:59","guid":{"rendered":"https:\/\/www.speedmodels.ch\/produkte\/unkategorisiert\/moteur-electrique-pour-bateaux-rm-430\/"},"modified":"2022-07-07T11:48:59","modified_gmt":"2022-07-07T11:48:59","slug":"moteur-electrique-pour-bateaux-rm-430","status":"publish","type":"product","link":"https:\/\/www.speedmodels.ch\/fr\/produits\/entrainement-et-accessoires\/moteurs-electriques\/bateaux-fr\/moteur-electrique-pour-bateaux-rm-430\/","title":{"rendered":"Moteur \u00e9lectrique pour bateaux RM 430"},"content":{"rendered":"<p>Moteur \u00e9lectrique pour bateaux Raboesch Blue RM 430<\/p>\n<p>&nbsp;<\/p>\n<table style=\"height: 607px\" border=\"1\" width=\"445\" cellspacing=\"0\" cellpadding=\"0\">\n<tbody>\n<tr>\n<td colspan=\"2\"><strong class=\"navigation_franz\">fiches t\u00e9chniques <\/strong><\/td>\n<\/tr>\n<tr>\n<td width=\"260\"><span class=\"deutsch_texte\">tension nominale<\/span><\/td>\n<td width=\"118\"><span class=\"deutsch_texte\">12 V &#8211; DC<\/span><\/td>\n<\/tr>\n<tr>\n<td><span class=\"deutsch_texte\">tension de fonctionnement<\/span><\/td>\n<td><span class=\"deutsch_texte\">6-15 V &#8211; DC<\/span><\/td>\n<\/tr>\n<tr>\n<td><span class=\"deutsch_texte\">axe \u00d8<\/span><\/td>\n<td><span class=\"deutsch_texte\">2,3 mm<\/span><\/td>\n<\/tr>\n<tr>\n<td><span class=\"deutsch_texte\">longueur axe<\/span><\/td>\n<td><span class=\"deutsch_texte\">13 mm<\/span><\/td>\n<\/tr>\n<tr>\n<td><span class=\"deutsch_texte\">poids<\/span><\/td>\n<td><span class=\"deutsch_texte\">72 g<\/span><\/td>\n<\/tr>\n<tr>\n<td><span class=\"deutsch_texte\">tours<\/span><\/td>\n<td><span class=\"deutsch_texte\">16500 RPM MAX<\/span><\/td>\n<\/tr>\n<tr>\n<td><span class=\"deutsch_texte\">Courant maximun<\/span><\/td>\n<td><span class=\"deutsch_texte\">0,56 A<\/span><\/td>\n<\/tr>\n<tr>\n<td><span class=\"deutsch_texte\">\u00e9fficacit\u00e9<\/span><\/td>\n<td><span class=\"deutsch_texte\">50,5 %<\/span><\/td>\n<\/tr>\n<tr>\n<td><span class=\"deutsch_texte\">tours<\/span><\/td>\n<td><span class=\"deutsch_texte\">8000 RPM<\/span><\/td>\n<\/tr>\n<tr>\n<td><span class=\"deutsch_texte\">force<\/span><\/td>\n<td><span class=\"deutsch_texte\">104,9 G.CM<\/span><\/td>\n<\/tr>\n<tr>\n<td><span class=\"deutsch_texte\">Courant maximun<\/span><\/td>\n<td><span class=\"deutsch_texte\">1,3 A<\/span><\/td>\n<\/tr>\n<tr>\n<td><span class=\"deutsch_texte\">Tours max<\/span><\/td>\n<td><span class=\"deutsch_texte\">7,8 WATTS<\/span><\/td>\n<\/tr>\n<tr>\n<td><span class=\"deutsch_texte\">force<\/span><\/td>\n<td><span class=\"deutsch_texte\">210 G.CM<\/span><\/td>\n<\/tr>\n<tr>\n<td><span class=\"deutsch_texte\">Courant maximun<\/span><\/td>\n<td><span class=\"deutsch_texte\">3,5 A<\/span><\/td>\n<\/tr>\n<\/tbody>\n<\/table>\n<p>&nbsp;<\/p>\n<p>Fiches t\u00e9chnique et d&rsquo;informations: <a href=\"https:\/\/speedmodels.ch\/wp-content\/uploads\/2022\/07\/Technische-Daten_D-F-E_109-43-.pdf\">Technische Daten_D-F-E_109-43-<\/a><\/p>\n<div style=\"text-align:left\" class=\"wps-pgfw-pdf-generate-icon__wrapper-frontend\">\n\t\t<a href=\"https:\/\/www.speedmodels.ch\/fr\/wp-json\/wp\/v2\/product\/20534\/?action=genpdf&amp;id=20534\" class=\"pgfw-single-pdf-download-button\" target=_blank><img src=\"https:\/\/speedmodels.ch\/wp-content\/uploads\/2021\/09\/pdf_icon.png\" title=\"G\u00e9n\u00e9rer un PDF\" style=\"width:auto; height:45px;\"><\/a>\n\t\t<\/div>","protected":false},"excerpt":{"rendered":"<p>Moteur \u00e9lectrique pour bateaux Raboesch Blue RM 430 &nbsp; fiches t\u00e9chniques tension nominale 12 V &#8211; DC tension de fonctionnement 6-15 V &#8211; DC axe \u00d8 2,3 mm longueur axe 13 mm poids 72 g tours 16500 RPM MAX Courant maximun 0,56 A \u00e9fficacit\u00e9 50,5 % tours 8000 RPM force 104,9 G.CM Courant maximun 1,3 [&hellip;]<\/p>\n","protected":false},"featured_media":10535,"template":"","meta":[],"product_brand":[],"product_cat":[1689,1528,1708],"product_tag":[],"class_list":{"0":"post-20534","1":"product","2":"type-product","3":"status-publish","4":"has-post-thumbnail","6":"product_cat-bateaux-fr","7":"product_cat-entrainement-et-accessoires","8":"product_cat-moteurs-electriques","10":"first","11":"instock","12":"shipping-taxable","13":"product-type-simple"},"_links":{"self":[{"href":"https:\/\/www.speedmodels.ch\/fr\/wp-json\/wp\/v2\/product\/20534","targetHints":{"allow":["GET"]}}],"collection":[{"href":"https:\/\/www.speedmodels.ch\/fr\/wp-json\/wp\/v2\/product"}],"about":[{"href":"https:\/\/www.speedmodels.ch\/fr\/wp-json\/wp\/v2\/types\/product"}],"version-history":[{"count":0,"href":"https:\/\/www.speedmodels.ch\/fr\/wp-json\/wp\/v2\/product\/20534\/revisions"}],"wp:featuredmedia":[{"embeddable":true,"href":"https:\/\/www.speedmodels.ch\/fr\/wp-json\/wp\/v2\/media\/10535"}],"wp:attachment":[{"href":"https:\/\/www.speedmodels.ch\/fr\/wp-json\/wp\/v2\/media?parent=20534"}],"wp:term":[{"taxonomy":"product_brand","embeddable":true,"href":"https:\/\/www.speedmodels.ch\/fr\/wp-json\/wp\/v2\/product_brand?post=20534"},{"taxonomy":"product_cat","embeddable":true,"href":"https:\/\/www.speedmodels.ch\/fr\/wp-json\/wp\/v2\/product_cat?post=20534"},{"taxonomy":"product_tag","embeddable":true,"href":"https:\/\/www.speedmodels.ch\/fr\/wp-json\/wp\/v2\/product_tag?post=20534"}],"curies":[{"name":"wp","href":"https:\/\/api.w.org\/{rel}","templated":true}]}}