{"id":20532,"date":"2022-07-07T11:40:01","date_gmt":"2022-07-07T11:40:01","guid":{"rendered":"https:\/\/www.speedmodels.ch\/produkte\/unkategorisiert\/moteur-electrique-pour-bateau-rm-400\/"},"modified":"2022-07-07T11:40:01","modified_gmt":"2022-07-07T11:40:01","slug":"moteur-electrique-pour-bateau-rm-400","status":"publish","type":"product","link":"https:\/\/www.speedmodels.ch\/fr\/produits\/entrainement-et-accessoires\/moteurs-electriques\/bateaux-fr\/moteur-electrique-pour-bateau-rm-400\/","title":{"rendered":"Moteur \u00e9lectrique pour bateau RM 400"},"content":{"rendered":"<p>Moteur \u00e9lectrique pour bateau Raboesch Blue RM 400<\/p>\n<p>&nbsp;<\/p>\n<table border=\"1\" cellspacing=\"0\" cellpadding=\"0\">\n<tbody>\n<tr>\n<td colspan=\"2\"><strong class=\"navigation_franz\">fiches t\u00e9chniques<\/strong><\/td>\n<\/tr>\n<tr>\n<td width=\"248\"><span class=\"deutsch_texte\">tension nominale<\/span><\/td>\n<td class=\"deutsch_texte\" width=\"130\">6 V &#8211; DC<\/td>\n<\/tr>\n<tr>\n<td><span class=\"deutsch_texte\">tension de fonctionnement<\/span><\/td>\n<td class=\"deutsch_texte\">3-6 V &#8211; DC<\/td>\n<\/tr>\n<tr>\n<td><span class=\"deutsch_texte\">axe \u00d8<\/span><\/td>\n<td class=\"deutsch_texte\">2,3 mm<\/td>\n<\/tr>\n<tr>\n<td><span class=\"deutsch_texte\">longueur axe<\/span><\/td>\n<td class=\"deutsch_texte\">13 mm<\/td>\n<\/tr>\n<tr>\n<td><span class=\"deutsch_texte\">poids<\/span><\/td>\n<td class=\"deutsch_texte\">72 g<\/td>\n<\/tr>\n<tr>\n<td><span class=\"deutsch_texte\">tours<\/span><\/td>\n<td class=\"deutsch_texte\">17000 RPM MAX<\/td>\n<\/tr>\n<tr>\n<td><span class=\"deutsch_texte\">Courant maximun<\/span><\/td>\n<td class=\"deutsch_texte\">0,8 A<\/td>\n<\/tr>\n<tr>\n<td><span class=\"deutsch_texte\">\u00e9fficacit\u00e9<\/span><\/td>\n<td class=\"deutsch_texte\">83,1 %<\/td>\n<\/tr>\n<tr>\n<td><span class=\"deutsch_texte\">tours<\/span><\/td>\n<td class=\"deutsch_texte\">7300 RPM<\/td>\n<\/tr>\n<tr>\n<td><span class=\"deutsch_texte\">Courant maximun<\/span><\/td>\n<td class=\"deutsch_texte\">1,6 A<\/td>\n<\/tr>\n<tr>\n<td><span class=\"deutsch_texte\">Tours max<\/span><\/td>\n<td class=\"deutsch_texte\">8 WATTS<\/td>\n<\/tr>\n<tr>\n<td><span class=\"deutsch_texte\">force<\/span><\/td>\n<td class=\"deutsch_texte\">214 G.CM<\/td>\n<\/tr>\n<tr>\n<td><span class=\"deutsch_texte\">Courant maximun<\/span><\/td>\n<td class=\"deutsch_texte\">8,4 A<\/td>\n<\/tr>\n<\/tbody>\n<\/table>\n<p>&nbsp;<\/p>\n<p>Fiches t\u00e9chnique et d&rsquo;information: <a href=\"https:\/\/speedmodels.ch\/wp-content\/uploads\/2022\/07\/Technische-Daten_D-F-E_109-40-.pdf\">Technische Daten_D-F-E_109-40-<\/a><\/p>\n<div style=\"text-align:left\" class=\"wps-pgfw-pdf-generate-icon__wrapper-frontend\">\n\t\t<a href=\"https:\/\/www.speedmodels.ch\/fr\/wp-json\/wp\/v2\/product\/20532\/?action=genpdf&amp;id=20532\" class=\"pgfw-single-pdf-download-button\" target=_blank><img src=\"https:\/\/speedmodels.ch\/wp-content\/uploads\/2021\/09\/pdf_icon.png\" title=\"G\u00e9n\u00e9rer un PDF\" style=\"width:auto; height:45px;\"><\/a>\n\t\t<\/div>","protected":false},"excerpt":{"rendered":"<p>Moteur \u00e9lectrique pour bateau Raboesch Blue RM 400 &nbsp; fiches t\u00e9chniques tension nominale 6 V &#8211; DC tension de fonctionnement 3-6 V &#8211; DC axe \u00d8 2,3 mm longueur axe 13 mm poids 72 g tours 17000 RPM MAX Courant maximun 0,8 A \u00e9fficacit\u00e9 83,1 % tours 7300 RPM Courant maximun 1,6 A Tours max [&hellip;]<\/p>\n","protected":false},"featured_media":10531,"template":"","meta":[],"product_brand":[],"product_cat":[1689,1528,1708],"product_tag":[],"class_list":{"0":"post-20532","1":"product","2":"type-product","3":"status-publish","4":"has-post-thumbnail","6":"product_cat-bateaux-fr","7":"product_cat-entrainement-et-accessoires","8":"product_cat-moteurs-electriques","10":"first","11":"instock","12":"shipping-taxable","13":"product-type-simple"},"_links":{"self":[{"href":"https:\/\/www.speedmodels.ch\/fr\/wp-json\/wp\/v2\/product\/20532","targetHints":{"allow":["GET"]}}],"collection":[{"href":"https:\/\/www.speedmodels.ch\/fr\/wp-json\/wp\/v2\/product"}],"about":[{"href":"https:\/\/www.speedmodels.ch\/fr\/wp-json\/wp\/v2\/types\/product"}],"version-history":[{"count":0,"href":"https:\/\/www.speedmodels.ch\/fr\/wp-json\/wp\/v2\/product\/20532\/revisions"}],"wp:featuredmedia":[{"embeddable":true,"href":"https:\/\/www.speedmodels.ch\/fr\/wp-json\/wp\/v2\/media\/10531"}],"wp:attachment":[{"href":"https:\/\/www.speedmodels.ch\/fr\/wp-json\/wp\/v2\/media?parent=20532"}],"wp:term":[{"taxonomy":"product_brand","embeddable":true,"href":"https:\/\/www.speedmodels.ch\/fr\/wp-json\/wp\/v2\/product_brand?post=20532"},{"taxonomy":"product_cat","embeddable":true,"href":"https:\/\/www.speedmodels.ch\/fr\/wp-json\/wp\/v2\/product_cat?post=20532"},{"taxonomy":"product_tag","embeddable":true,"href":"https:\/\/www.speedmodels.ch\/fr\/wp-json\/wp\/v2\/product_tag?post=20532"}],"curies":[{"name":"wp","href":"https:\/\/api.w.org\/{rel}","templated":true}]}}