{"id":20529,"date":"2022-07-07T12:29:41","date_gmt":"2022-07-07T12:29:41","guid":{"rendered":"https:\/\/www.speedmodels.ch\/produkte\/unkategorisiert\/moteur-electrique-race-400-72-v\/"},"modified":"2022-07-07T12:29:41","modified_gmt":"2022-07-07T12:29:41","slug":"moteur-electrique-race-400-72-v","status":"publish","type":"product","link":"https:\/\/www.speedmodels.ch\/fr\/produits\/entrainement-et-accessoires\/moteurs-electriques\/avions-fr-2\/moteur-electrique-race-400-72-v\/","title":{"rendered":"Moteur \u00e9lectrique Race 400 \/ 7,2 V"},"content":{"rendered":"<p><strong>Moteur \u00e9lectrique Race 400 \/ 7,2 V<\/strong><\/p>\n<p>Moteurs \u00e9lectriques peu co\u00fbteux mais robustes, adapt\u00e9s \u00e0 l&rsquo;entra\u00eenement direct ainsi qu&rsquo;aux mod\u00e8les r\u00e9duits d&rsquo;avions monomoteurs et multimoteurs. N&rsquo;importe quel nombre de combinaisons d&rsquo;entra\u00eenement peut \u00eatre assembl\u00e9 avec les accessoires appropri\u00e9s tels que les supports de moteur, les ensembles d&rsquo;engrenages et les roulements \u00e0 billes.<\/p>\n<p>&nbsp;<\/p>\n<table style=\"height: 410px\" width=\"295\">\n<tbody>\n<tr>\n<td width=\"158\"><strong>fiches t\u00e9chniques<\/strong><\/td>\n<td width=\"102\"><\/td>\n<\/tr>\n<tr>\n<td>tension nominale<\/td>\n<td>7,2 V<\/td>\n<\/tr>\n<tr>\n<td>tension de fonctionnement<\/td>\n<td>3,6 &#8211; 8,4 V<\/td>\n<\/tr>\n<tr>\n<td>Ralenti min.<\/td>\n<td>16250 RPM<\/td>\n<\/tr>\n<tr>\n<td>max. consommation d&rsquo;\u00e9nergie<\/td>\n<td>11 A<\/td>\n<\/tr>\n<tr>\n<td>efficacit\u00e9 max.<\/td>\n<td>74,9 %<\/td>\n<\/tr>\n<tr>\n<td>Longueur sans axe<\/td>\n<td>37,8 mm<\/td>\n<\/tr>\n<tr>\n<td>diam\u00e8tre<\/td>\n<td>28,9 mm<\/td>\n<\/tr>\n<tr>\n<td>longueur axe libre<\/td>\n<td>12 mm<\/td>\n<\/tr>\n<tr>\n<td>axe \u00d8<\/td>\n<td>2,3 mm<\/td>\n<\/tr>\n<tr>\n<td>poids environ<\/td>\n<td>78 gr<\/td>\n<\/tr>\n<tr>\n<td>type<\/td>\n<td>moteur \u00e0 charbon<\/td>\n<\/tr>\n<\/tbody>\n<\/table>\n<div style=\"text-align:left\" class=\"wps-pgfw-pdf-generate-icon__wrapper-frontend\">\n\t\t<a href=\"https:\/\/www.speedmodels.ch\/fr\/wp-json\/wp\/v2\/product\/20529\/?action=genpdf&amp;id=20529\" class=\"pgfw-single-pdf-download-button\" target=_blank><img src=\"https:\/\/speedmodels.ch\/wp-content\/uploads\/2021\/09\/pdf_icon.png\" title=\"G\u00e9n\u00e9rer un PDF\" style=\"width:auto; height:45px;\"><\/a>\n\t\t<\/div>","protected":false},"excerpt":{"rendered":"<p>Moteur \u00e9lectrique Race 400 \/ 7,2 V Moteurs \u00e9lectriques peu co\u00fbteux mais robustes, adapt\u00e9s \u00e0 l&rsquo;entra\u00eenement direct ainsi qu&rsquo;aux mod\u00e8les r\u00e9duits d&rsquo;avions monomoteurs et multimoteurs. N&rsquo;importe quel nombre de combinaisons d&rsquo;entra\u00eenement peut \u00eatre assembl\u00e9 avec les accessoires appropri\u00e9s tels que les supports de moteur, les ensembles d&rsquo;engrenages et les roulements \u00e0 billes. &nbsp; fiches t\u00e9chniques [&hellip;]<\/p>\n","protected":false},"featured_media":10511,"template":"","meta":[],"product_brand":[],"product_cat":[1656,1528,1708],"product_tag":[],"class_list":{"0":"post-20529","1":"product","2":"type-product","3":"status-publish","4":"has-post-thumbnail","6":"product_cat-avions-fr-2","7":"product_cat-entrainement-et-accessoires","8":"product_cat-moteurs-electriques","10":"first","11":"instock","12":"shipping-taxable","13":"product-type-simple"},"_links":{"self":[{"href":"https:\/\/www.speedmodels.ch\/fr\/wp-json\/wp\/v2\/product\/20529","targetHints":{"allow":["GET"]}}],"collection":[{"href":"https:\/\/www.speedmodels.ch\/fr\/wp-json\/wp\/v2\/product"}],"about":[{"href":"https:\/\/www.speedmodels.ch\/fr\/wp-json\/wp\/v2\/types\/product"}],"version-history":[{"count":0,"href":"https:\/\/www.speedmodels.ch\/fr\/wp-json\/wp\/v2\/product\/20529\/revisions"}],"wp:featuredmedia":[{"embeddable":true,"href":"https:\/\/www.speedmodels.ch\/fr\/wp-json\/wp\/v2\/media\/10511"}],"wp:attachment":[{"href":"https:\/\/www.speedmodels.ch\/fr\/wp-json\/wp\/v2\/media?parent=20529"}],"wp:term":[{"taxonomy":"product_brand","embeddable":true,"href":"https:\/\/www.speedmodels.ch\/fr\/wp-json\/wp\/v2\/product_brand?post=20529"},{"taxonomy":"product_cat","embeddable":true,"href":"https:\/\/www.speedmodels.ch\/fr\/wp-json\/wp\/v2\/product_cat?post=20529"},{"taxonomy":"product_tag","embeddable":true,"href":"https:\/\/www.speedmodels.ch\/fr\/wp-json\/wp\/v2\/product_tag?post=20529"}],"curies":[{"name":"wp","href":"https:\/\/api.w.org\/{rel}","templated":true}]}}