{"id":20526,"date":"2022-07-07T12:38:50","date_gmt":"2022-07-07T12:38:50","guid":{"rendered":"https:\/\/www.speedmodels.ch\/produkte\/unkategorisiert\/moteur-electrique-race-720-navy\/"},"modified":"2022-07-07T12:38:50","modified_gmt":"2022-07-07T12:38:50","slug":"moteur-electrique-race-720-navy","status":"publish","type":"product","link":"https:\/\/www.speedmodels.ch\/fr\/produits\/entrainement-et-accessoires\/moteurs-electriques\/bateaux-fr\/moteur-electrique-race-720-navy\/","title":{"rendered":"Moteur \u00e9lectrique Race 720 Navy"},"content":{"rendered":"<p><strong>Moteur \u00e9lectrique Race 720 Navy<\/strong><\/p>\n<p>Moteur \u00e9lectrique sp\u00e9cial pour la conduite prototypique de mod\u00e8les de bateaux sans engrenages. Der Motor basiert auf unserem Race 720, ein 5-poliger drehmomentstarker Elektromotor mit langsamer Drehzahl.<\/p>\n<p>&nbsp;<\/p>\n<table style=\"height: 430px\" width=\"280\">\n<tbody>\n<tr>\n<td width=\"158\"><strong>fiches t\u00e9chniques<\/strong><\/td>\n<td width=\"102\"><\/td>\n<\/tr>\n<tr>\n<td>tension nominale<\/td>\n<td>12 V<\/td>\n<\/tr>\n<tr>\n<td>tension de fonctionnement<\/td>\n<td>6 &#8211; 15 V<\/td>\n<\/tr>\n<tr>\n<td>Ralenti min.<\/td>\n<td>5000 RPM<\/td>\n<\/tr>\n<tr>\n<td>max. consommation d&rsquo;\u00e9nergie<\/td>\n<td>15,6 A<\/td>\n<\/tr>\n<tr>\n<td>efficacit\u00e9 max.<\/td>\n<td>65 %<\/td>\n<\/tr>\n<tr>\n<td>Longueur sans axe<\/td>\n<td>75 mm<\/td>\n<\/tr>\n<tr>\n<td>diam\u00e8tre<\/td>\n<td>42 mm<\/td>\n<\/tr>\n<tr>\n<td>longueur axe libre<\/td>\n<td>14 mm<\/td>\n<\/tr>\n<tr>\n<td>axe \u00d8<\/td>\n<td>5 mm<\/td>\n<\/tr>\n<tr>\n<td>poids environ<\/td>\n<td>340 gr<\/td>\n<\/tr>\n<tr>\n<td>type<\/td>\n<td>moteur \u00e0 charbon<\/td>\n<\/tr>\n<\/tbody>\n<\/table>\n<div style=\"text-align:left\" class=\"wps-pgfw-pdf-generate-icon__wrapper-frontend\">\n\t\t<a href=\"https:\/\/www.speedmodels.ch\/fr\/wp-json\/wp\/v2\/product\/20526\/?action=genpdf&amp;id=20526\" class=\"pgfw-single-pdf-download-button\" target=_blank><img src=\"https:\/\/speedmodels.ch\/wp-content\/uploads\/2021\/09\/pdf_icon.png\" title=\"G\u00e9n\u00e9rer un PDF\" style=\"width:auto; height:45px;\"><\/a>\n\t\t<\/div>","protected":false},"excerpt":{"rendered":"<p>Moteur \u00e9lectrique Race 720 Navy Moteur \u00e9lectrique sp\u00e9cial pour la conduite prototypique de mod\u00e8les de bateaux sans engrenages. Der Motor basiert auf unserem Race 720, ein 5-poliger drehmomentstarker Elektromotor mit langsamer Drehzahl. &nbsp; fiches t\u00e9chniques tension nominale 12 V tension de fonctionnement 6 &#8211; 15 V Ralenti min. 5000 RPM max. consommation d&rsquo;\u00e9nergie 15,6 A [&hellip;]<\/p>\n","protected":false},"featured_media":10514,"template":"","meta":[],"product_brand":[],"product_cat":[1689,1528,1708],"product_tag":[],"class_list":{"0":"post-20526","1":"product","2":"type-product","3":"status-publish","4":"has-post-thumbnail","6":"product_cat-bateaux-fr","7":"product_cat-entrainement-et-accessoires","8":"product_cat-moteurs-electriques","10":"first","11":"instock","12":"shipping-taxable","13":"product-type-simple"},"_links":{"self":[{"href":"https:\/\/www.speedmodels.ch\/fr\/wp-json\/wp\/v2\/product\/20526","targetHints":{"allow":["GET"]}}],"collection":[{"href":"https:\/\/www.speedmodels.ch\/fr\/wp-json\/wp\/v2\/product"}],"about":[{"href":"https:\/\/www.speedmodels.ch\/fr\/wp-json\/wp\/v2\/types\/product"}],"version-history":[{"count":0,"href":"https:\/\/www.speedmodels.ch\/fr\/wp-json\/wp\/v2\/product\/20526\/revisions"}],"wp:featuredmedia":[{"embeddable":true,"href":"https:\/\/www.speedmodels.ch\/fr\/wp-json\/wp\/v2\/media\/10514"}],"wp:attachment":[{"href":"https:\/\/www.speedmodels.ch\/fr\/wp-json\/wp\/v2\/media?parent=20526"}],"wp:term":[{"taxonomy":"product_brand","embeddable":true,"href":"https:\/\/www.speedmodels.ch\/fr\/wp-json\/wp\/v2\/product_brand?post=20526"},{"taxonomy":"product_cat","embeddable":true,"href":"https:\/\/www.speedmodels.ch\/fr\/wp-json\/wp\/v2\/product_cat?post=20526"},{"taxonomy":"product_tag","embeddable":true,"href":"https:\/\/www.speedmodels.ch\/fr\/wp-json\/wp\/v2\/product_tag?post=20526"}],"curies":[{"name":"wp","href":"https:\/\/api.w.org\/{rel}","templated":true}]}}