{"id":20519,"date":"2022-07-14T11:10:08","date_gmt":"2022-07-14T11:10:08","guid":{"rendered":"https:\/\/www.speedmodels.ch\/produkte\/unkategorisiert\/chargeur-nx86\/"},"modified":"2024-01-04T14:43:24","modified_gmt":"2024-01-04T14:43:24","slug":"chargeur-nx86","status":"publish","type":"product","link":"https:\/\/www.speedmodels.ch\/fr\/produits\/electronique\/chargeurs\/chargeurs-nimh\/chargeur-nx86\/","title":{"rendered":"Chargeur NX86"},"content":{"rendered":"<p><strong>Prix de liquidation <span style=\"color: #ff0000;\">Fr. 27.50 incl. TVA <\/span><\/strong><br \/>\n<strong>(jusqu\u2019\u00e0 \u00e9puisement des stock \/ articles fin de s\u00e9rie ne sont pas repris ou \u00e9chang\u00e9 \/ pi\u00e8ces d\u00e9tach\u00e9es jusqu\u2019\u00e0 \u00e9puisement des stock).<\/strong><br \/>\n<strong>Pas de ventre directe!<\/strong><\/p>\n<p>Chargeur Logic NX86<\/p>\n<p>Chargeur facile \u00e0 utiliser pour accus Nixx de 4-8 cellules. \u00c0 la maison sur la prise ou \u00e0 l&rsquo;ext\u00e9rieur sur la batterie de la voiture.<\/p>\n<p>&nbsp;<\/p>\n<table style=\"height: 266px;\" width=\"436\">\n<tbody>\n<tr>\n<td width=\"118\"><strong>Fiches t\u00e9chniques:<\/strong><\/td>\n<td width=\"188\"><\/td>\n<\/tr>\n<tr>\n<td width=\"118\">accus<\/td>\n<td width=\"188\">1 x 4 &#8211; 8 Nixx<\/td>\n<\/tr>\n<tr>\n<td width=\"118\">Tension d&rsquo;entr\u00e9e<\/td>\n<td width=\"188\">AC 110 &#8211; 240 Volt<\/td>\n<\/tr>\n<tr>\n<td width=\"118\">Puissance de charge<\/td>\n<td width=\"188\">5 A (r\u00e9glable 0.5 \/ 1 \/ 2 \/ 3.5 \/ 5 A)<\/td>\n<\/tr>\n<tr>\n<td width=\"118\">proc\u00e9dure d&rsquo;arr\u00eat<\/td>\n<td width=\"188\">Delta Peak<\/td>\n<\/tr>\n<tr>\n<td width=\"118\">Remarques<\/td>\n<td width=\"188\">Affichage d&rsquo;\u00e9tat par LED<\/td>\n<\/tr>\n<\/tbody>\n<\/table>\n<p>&nbsp;<\/p>\n<p><span class=\"franz_texte\">Contenu: Chargeur, conntecteur voiture, divers c\u00e2bles de charge, <em>Instructions en anglais<\/em> <\/span><\/p>\n<div style=\"text-align:left\" class=\"wps-pgfw-pdf-generate-icon__wrapper-frontend\">\n\t\t<a href=\"https:\/\/www.speedmodels.ch\/fr\/wp-json\/wp\/v2\/product\/20519\/?action=genpdf&amp;id=20519\" class=\"pgfw-single-pdf-download-button\" target=_blank><img src=\"https:\/\/speedmodels.ch\/wp-content\/uploads\/2021\/09\/pdf_icon.png\" title=\"G\u00e9n\u00e9rer un PDF\" style=\"width:auto; height:45px;\"><\/a>\n\t\t<\/div>","protected":false},"excerpt":{"rendered":"<p>Prix de liquidation Fr. 27.50 incl. TVA (jusqu\u2019\u00e0 \u00e9puisement des stock \/ articles fin de s\u00e9rie ne sont pas repris ou \u00e9chang\u00e9 \/ pi\u00e8ces d\u00e9tach\u00e9es jusqu\u2019\u00e0 \u00e9puisement des stock). Pas de ventre directe! Chargeur Logic NX86 Chargeur facile \u00e0 utiliser pour accus Nixx de 4-8 cellules. \u00c0 la maison sur la prise ou \u00e0 l&rsquo;ext\u00e9rieur [&hellip;]<\/p>\n","protected":false},"featured_media":10574,"template":"","meta":[],"product_brand":[],"product_cat":[1856,1565,1567],"product_tag":[],"class_list":{"0":"post-20519","1":"product","2":"type-product","3":"status-publish","4":"has-post-thumbnail","6":"product_cat-article-fin-de-serie","7":"product_cat-chargeurs","8":"product_cat-chargeurs-nimh","10":"first","11":"instock","12":"shipping-taxable","13":"product-type-simple"},"_links":{"self":[{"href":"https:\/\/www.speedmodels.ch\/fr\/wp-json\/wp\/v2\/product\/20519","targetHints":{"allow":["GET"]}}],"collection":[{"href":"https:\/\/www.speedmodels.ch\/fr\/wp-json\/wp\/v2\/product"}],"about":[{"href":"https:\/\/www.speedmodels.ch\/fr\/wp-json\/wp\/v2\/types\/product"}],"version-history":[{"count":0,"href":"https:\/\/www.speedmodels.ch\/fr\/wp-json\/wp\/v2\/product\/20519\/revisions"}],"wp:featuredmedia":[{"embeddable":true,"href":"https:\/\/www.speedmodels.ch\/fr\/wp-json\/wp\/v2\/media\/10574"}],"wp:attachment":[{"href":"https:\/\/www.speedmodels.ch\/fr\/wp-json\/wp\/v2\/media?parent=20519"}],"wp:term":[{"taxonomy":"product_brand","embeddable":true,"href":"https:\/\/www.speedmodels.ch\/fr\/wp-json\/wp\/v2\/product_brand?post=20519"},{"taxonomy":"product_cat","embeddable":true,"href":"https:\/\/www.speedmodels.ch\/fr\/wp-json\/wp\/v2\/product_cat?post=20519"},{"taxonomy":"product_tag","embeddable":true,"href":"https:\/\/www.speedmodels.ch\/fr\/wp-json\/wp\/v2\/product_tag?post=20519"}],"curies":[{"name":"wp","href":"https:\/\/api.w.org\/{rel}","templated":true}]}}