{"id":20512,"date":"2022-07-14T11:32:12","date_gmt":"2022-07-14T11:32:12","guid":{"rendered":"https:\/\/www.speedmodels.ch\/produkte\/unkategorisiert\/alimentation-200-watt\/"},"modified":"2024-01-04T14:43:04","modified_gmt":"2024-01-04T14:43:04","slug":"alimentation-200-watt","status":"publish","type":"product","link":"https:\/\/www.speedmodels.ch\/fr\/produits\/electronique\/alimentations\/alimentations-fr\/alimentation-200-watt\/","title":{"rendered":"Alimentation 200 Watt"},"content":{"rendered":"<p><span class=\"deutsch_texte\"><strong>Prix de liquidation <span style=\"color: #ff0000;\">Fr. 47.50 incl. TVA <\/span><\/strong><br \/>\n<strong>(jusqu\u2019\u00e0 \u00e9puisement des stock \/ articles fin de s\u00e9rie ne sont pas repris ou \u00e9chang\u00e9 \/ pi\u00e8ces d\u00e9tach\u00e9es jusqu\u2019\u00e0 \u00e9puisement des stock).<\/strong><br \/>\n<strong>Pas de ventre directe!<\/strong><\/span><\/p>\n<p>200 Watt performance r\u00e9glable, 2 sorti et \u00e9cran<\/p>\n<p><span class=\"deutsch_texte_01\">L&rsquo;alimentation est r\u00e9glable de 5 &#8211; 15 Volt et de 0 &#8211; 15A. Grace \u00e0 l&rsquo;\u00e9cran la tension et la perfomance sont bien visible.<\/span><\/p>\n<p>&nbsp;<\/p>\n<table style=\"height: 140px;\" border=\"0\" width=\"458\" cellpadding=\"5\">\n<tbody>\n<tr>\n<td width=\"204\"><span class=\"deutsch_texte_01\">tension sorti DC:<\/span><\/td>\n<td width=\"154\"><span class=\"deutsch_texte\">5 &#8211; 15 Volt<\/span><\/td>\n<\/tr>\n<tr>\n<td height=\"27\"><span class=\"deutsch_texte_01\">Puissance sorti:<\/span><\/td>\n<td><span class=\"deutsch_texte\">100 Watt \/ 0 &#8211; 15 Amp.<\/span><\/td>\n<\/tr>\n<tr>\n<td class=\"deutsch_texte_01\" height=\"27\">Eingang:<\/td>\n<td class=\"deutsch_texte\">220 &#8211; 240 Volt AC<\/td>\n<\/tr>\n<\/tbody>\n<\/table>\n<p>&nbsp;<\/p>\n<div style=\"text-align:left\" class=\"wps-pgfw-pdf-generate-icon__wrapper-frontend\">\n\t\t<a href=\"https:\/\/www.speedmodels.ch\/fr\/wp-json\/wp\/v2\/product\/20512\/?action=genpdf&amp;id=20512\" class=\"pgfw-single-pdf-download-button\" target=_blank><img src=\"https:\/\/speedmodels.ch\/wp-content\/uploads\/2021\/09\/pdf_icon.png\" title=\"G\u00e9n\u00e9rer un PDF\" style=\"width:auto; height:45px;\"><\/a>\n\t\t<\/div>","protected":false},"excerpt":{"rendered":"<p>Prix de liquidation Fr. 47.50 incl. TVA (jusqu\u2019\u00e0 \u00e9puisement des stock \/ articles fin de s\u00e9rie ne sont pas repris ou \u00e9chang\u00e9 \/ pi\u00e8ces d\u00e9tach\u00e9es jusqu\u2019\u00e0 \u00e9puisement des stock). Pas de ventre directe! 200 Watt performance r\u00e9glable, 2 sorti et \u00e9cran L&rsquo;alimentation est r\u00e9glable de 5 &#8211; 15 Volt et de 0 &#8211; 15A. Grace [&hellip;]<\/p>\n","protected":false},"featured_media":10578,"template":"","meta":[],"product_brand":[],"product_cat":[1740,1741,1856],"product_tag":[],"class_list":{"0":"post-20512","1":"product","2":"type-product","3":"status-publish","4":"has-post-thumbnail","6":"product_cat-alimentations","7":"product_cat-alimentations-fr","8":"product_cat-article-fin-de-serie","10":"first","11":"instock","12":"shipping-taxable","13":"product-type-simple"},"_links":{"self":[{"href":"https:\/\/www.speedmodels.ch\/fr\/wp-json\/wp\/v2\/product\/20512","targetHints":{"allow":["GET"]}}],"collection":[{"href":"https:\/\/www.speedmodels.ch\/fr\/wp-json\/wp\/v2\/product"}],"about":[{"href":"https:\/\/www.speedmodels.ch\/fr\/wp-json\/wp\/v2\/types\/product"}],"version-history":[{"count":0,"href":"https:\/\/www.speedmodels.ch\/fr\/wp-json\/wp\/v2\/product\/20512\/revisions"}],"wp:featuredmedia":[{"embeddable":true,"href":"https:\/\/www.speedmodels.ch\/fr\/wp-json\/wp\/v2\/media\/10578"}],"wp:attachment":[{"href":"https:\/\/www.speedmodels.ch\/fr\/wp-json\/wp\/v2\/media?parent=20512"}],"wp:term":[{"taxonomy":"product_brand","embeddable":true,"href":"https:\/\/www.speedmodels.ch\/fr\/wp-json\/wp\/v2\/product_brand?post=20512"},{"taxonomy":"product_cat","embeddable":true,"href":"https:\/\/www.speedmodels.ch\/fr\/wp-json\/wp\/v2\/product_cat?post=20512"},{"taxonomy":"product_tag","embeddable":true,"href":"https:\/\/www.speedmodels.ch\/fr\/wp-json\/wp\/v2\/product_tag?post=20512"}],"curies":[{"name":"wp","href":"https:\/\/api.w.org\/{rel}","templated":true}]}}