{"id":20511,"date":"2022-07-14T11:53:36","date_gmt":"2022-07-14T11:53:36","guid":{"rendered":"https:\/\/www.speedmodels.ch\/produkte\/unkategorisiert\/rallonge-pour-cable-dequilibrage-daccu\/"},"modified":"2025-06-05T12:53:42","modified_gmt":"2025-06-05T12:53:42","slug":"rallonge-pour-cable-d-equilibrage-d-accu","status":"publish","type":"product","link":"https:\/\/www.speedmodels.ch\/fr\/produits\/fr-akkus-zubehoer\/batteries-daccessoires\/rallonge-pour-cable-d-equilibrage-d-accu\/","title":{"rendered":"Rallonge pour c\u00e2ble d&rsquo;\u00e9quilibrage d&rsquo;accu"},"content":{"rendered":"<p>Rallonge pour c\u00e2ble d&rsquo;\u00e9quilibrage d&rsquo;accu XH &#8211; XH \/ longueur ca 150mm<\/p>\n<p>&nbsp;<\/p>\n<table style=\"border-collapse: collapse;width: 342px;height: 138px\" border=\"0\" width=\"166\" cellspacing=\"0\" cellpadding=\"0\">\n<tbody>\n<tr style=\"height: 14.4pt\">\n<td class=\"xl65\" style=\"height: 14.4pt;width: 62pt\" width=\"83\" height=\"19\"><strong>no d&rsquo;article:<\/strong><\/td>\n<td class=\"xl67\" style=\"border-left: none;width: 62pt\" width=\"83\">type<\/td>\n<\/tr>\n<tr style=\"height: 14.4pt\">\n<td class=\"xl65\" style=\"height: 14.4pt;border-top: none\" height=\"19\">AW-BXX153<\/td>\n<td class=\"xl67\" style=\"border-top: none;border-left: none\">3 S<\/td>\n<\/tr>\n<tr style=\"height: 14.4pt\">\n<td class=\"xl65\" style=\"height: 14.4pt;border-top: none\" height=\"19\">AW-BXX155<\/td>\n<td class=\"xl67\" style=\"border-top: none;border-left: none\">5 S<\/td>\n<\/tr>\n<tr style=\"height: 14.4pt\">\n<td class=\"xl65\" style=\"height: 14.4pt;border-top: none\" height=\"19\">AW-BXX156<\/td>\n<td class=\"xl67\" style=\"border-top: none;border-left: none\">6 S<\/td>\n<\/tr>\n<\/tbody>\n<\/table>\n<p>Pour 2S et 4S vueillez choisir le no d&rsquo;article: SP-BXX302 (30cm) et SP-BXX304 (30cm).<\/p>\n<div style=\"text-align:left\" class=\"wps-pgfw-pdf-generate-icon__wrapper-frontend\">\n\t\t<a href=\"https:\/\/www.speedmodels.ch\/fr\/wp-json\/wp\/v2\/product\/20511\/?action=genpdf&amp;id=20511\" class=\"pgfw-single-pdf-download-button\" target=_blank><img src=\"https:\/\/speedmodels.ch\/wp-content\/uploads\/2021\/09\/pdf_icon.png\" title=\"G\u00e9n\u00e9rer un PDF\" style=\"width:auto; height:45px;\"><\/a>\n\t\t<\/div>","protected":false},"excerpt":{"rendered":"<p>Rallonge pour c\u00e2ble d&rsquo;\u00e9quilibrage d&rsquo;accu XH &#8211; XH \/ longueur ca 150mm &nbsp; no d&rsquo;article: type AW-BXX153 3 S AW-BXX155 5 S AW-BXX156 6 S Pour 2S et 4S vueillez choisir le no d&rsquo;article: SP-BXX302 (30cm) et SP-BXX304 (30cm).<\/p>\n","protected":false},"featured_media":10557,"template":"","meta":[],"product_brand":[],"product_cat":[1499,1501,1502,1739],"product_tag":[],"class_list":{"0":"post-20511","1":"product","2":"type-product","3":"status-publish","4":"has-post-thumbnail","6":"product_cat-fr-akkus-zubehoer","7":"product_cat-batteries-daccessoires","8":"product_cat-cable-prise-interrupteur","9":"product_cat-rallonge-pour-cable-dequilibrage-daccu","11":"first","12":"instock","13":"shipping-taxable","14":"product-type-simple"},"_links":{"self":[{"href":"https:\/\/www.speedmodels.ch\/fr\/wp-json\/wp\/v2\/product\/20511","targetHints":{"allow":["GET"]}}],"collection":[{"href":"https:\/\/www.speedmodels.ch\/fr\/wp-json\/wp\/v2\/product"}],"about":[{"href":"https:\/\/www.speedmodels.ch\/fr\/wp-json\/wp\/v2\/types\/product"}],"version-history":[{"count":1,"href":"https:\/\/www.speedmodels.ch\/fr\/wp-json\/wp\/v2\/product\/20511\/revisions"}],"predecessor-version":[{"id":31433,"href":"https:\/\/www.speedmodels.ch\/fr\/wp-json\/wp\/v2\/product\/20511\/revisions\/31433"}],"wp:featuredmedia":[{"embeddable":true,"href":"https:\/\/www.speedmodels.ch\/fr\/wp-json\/wp\/v2\/media\/10557"}],"wp:attachment":[{"href":"https:\/\/www.speedmodels.ch\/fr\/wp-json\/wp\/v2\/media?parent=20511"}],"wp:term":[{"taxonomy":"product_brand","embeddable":true,"href":"https:\/\/www.speedmodels.ch\/fr\/wp-json\/wp\/v2\/product_brand?post=20511"},{"taxonomy":"product_cat","embeddable":true,"href":"https:\/\/www.speedmodels.ch\/fr\/wp-json\/wp\/v2\/product_cat?post=20511"},{"taxonomy":"product_tag","embeddable":true,"href":"https:\/\/www.speedmodels.ch\/fr\/wp-json\/wp\/v2\/product_tag?post=20511"}],"curies":[{"name":"wp","href":"https:\/\/api.w.org\/{rel}","templated":true}]}}