{"id":20505,"date":"2022-10-06T06:45:14","date_gmt":"2022-10-06T06:45:14","guid":{"rendered":"https:\/\/www.speedmodels.ch\/produkte\/unkategorisiert\/rallonge-pour-cable-dequilibrage-daccu-lipo-2s\/"},"modified":"2025-11-20T13:43:37","modified_gmt":"2025-11-20T13:43:37","slug":"rallonge-pour-cable-d-equilibrage-d-accu-lipo-2-s","status":"publish","type":"product","link":"https:\/\/www.speedmodels.ch\/fr\/produits\/fr-akkus-zubehoer\/batteries-daccessoires\/rallonge-pour-cable-d-equilibrage-d-accu-lipo-2-s\/","title":{"rendered":"Rallonge pour c\u00e2ble d&rsquo;\u00e9quilibrage d&rsquo;accu LiPo 2S"},"content":{"rendered":"<p>Rallonge pour c\u00e2ble d&rsquo;\u00e9quilibrage d&rsquo;accu XH &#8211; XH 2 S \/ AWG 20 \/ longueur 300 mm<\/p>\n<div style=\"text-align:left\" class=\"wps-pgfw-pdf-generate-icon__wrapper-frontend\">\n\t\t<a href=\"https:\/\/www.speedmodels.ch\/fr\/wp-json\/wp\/v2\/product\/20505\/?action=genpdf&amp;id=20505\" class=\"pgfw-single-pdf-download-button\" target=_blank><img src=\"https:\/\/speedmodels.ch\/wp-content\/uploads\/2021\/09\/pdf_icon.png\" title=\"G\u00e9n\u00e9rer un PDF\" style=\"width:auto; height:45px;\"><\/a>\n\t\t<\/div>","protected":false},"excerpt":{"rendered":"<p>Rallonge pour c\u00e2ble d&rsquo;\u00e9quilibrage d&rsquo;accu XH &#8211; XH 2 S \/ AWG 20 \/ longueur 300 mm<\/p>\n","protected":false},"featured_media":15033,"template":"","meta":[],"product_brand":[],"product_cat":[1499,1501,1502,1739],"product_tag":[],"class_list":{"0":"post-20505","1":"product","2":"type-product","3":"status-publish","4":"has-post-thumbnail","6":"product_cat-fr-akkus-zubehoer","7":"product_cat-batteries-daccessoires","8":"product_cat-cable-prise-interrupteur","9":"product_cat-rallonge-pour-cable-dequilibrage-daccu","11":"first","12":"instock","13":"shipping-taxable","14":"product-type-simple"},"_links":{"self":[{"href":"https:\/\/www.speedmodels.ch\/fr\/wp-json\/wp\/v2\/product\/20505","targetHints":{"allow":["GET"]}}],"collection":[{"href":"https:\/\/www.speedmodels.ch\/fr\/wp-json\/wp\/v2\/product"}],"about":[{"href":"https:\/\/www.speedmodels.ch\/fr\/wp-json\/wp\/v2\/types\/product"}],"version-history":[{"count":1,"href":"https:\/\/www.speedmodels.ch\/fr\/wp-json\/wp\/v2\/product\/20505\/revisions"}],"predecessor-version":[{"id":32819,"href":"https:\/\/www.speedmodels.ch\/fr\/wp-json\/wp\/v2\/product\/20505\/revisions\/32819"}],"wp:featuredmedia":[{"embeddable":true,"href":"https:\/\/www.speedmodels.ch\/fr\/wp-json\/wp\/v2\/media\/15033"}],"wp:attachment":[{"href":"https:\/\/www.speedmodels.ch\/fr\/wp-json\/wp\/v2\/media?parent=20505"}],"wp:term":[{"taxonomy":"product_brand","embeddable":true,"href":"https:\/\/www.speedmodels.ch\/fr\/wp-json\/wp\/v2\/product_brand?post=20505"},{"taxonomy":"product_cat","embeddable":true,"href":"https:\/\/www.speedmodels.ch\/fr\/wp-json\/wp\/v2\/product_cat?post=20505"},{"taxonomy":"product_tag","embeddable":true,"href":"https:\/\/www.speedmodels.ch\/fr\/wp-json\/wp\/v2\/product_tag?post=20505"}],"curies":[{"name":"wp","href":"https:\/\/api.w.org\/{rel}","templated":true}]}}