{"id":20504,"date":"2022-07-18T13:37:23","date_gmt":"2022-07-18T13:37:23","guid":{"rendered":"https:\/\/www.speedmodels.ch\/produkte\/unkategorisiert\/pompe-a-carburant-electrique-12-v-pour-methanole\/"},"modified":"2022-07-18T13:37:23","modified_gmt":"2022-07-18T13:37:23","slug":"pompe-a-carburant-electrique-12-v-pour-methanole","status":"publish","type":"product","link":"https:\/\/www.speedmodels.ch\/fr\/produits\/entrainement-et-accessoires\/accessoires-moteur-thermique\/pompes\/pompe-a-carburant-electrique-12-v-pour-methanole\/","title":{"rendered":"Pompe \u00e0 carburant \u00e9lectrique 12 V pour m\u00e9thanole"},"content":{"rendered":"<p>Pompe \u00e0 carburant \u00e9lectgrique 12 V, pour remplir et vider les r\u00e9servoirs des mod\u00e8les r\u00e9duits. Pour m\u00e9thanole<\/p>\n<div style=\"text-align:left\" class=\"wps-pgfw-pdf-generate-icon__wrapper-frontend\">\n\t\t<a href=\"https:\/\/www.speedmodels.ch\/fr\/wp-json\/wp\/v2\/product\/20504\/?action=genpdf&amp;id=20504\" class=\"pgfw-single-pdf-download-button\" target=_blank><img src=\"https:\/\/speedmodels.ch\/wp-content\/uploads\/2021\/09\/pdf_icon.png\" title=\"G\u00e9n\u00e9rer un PDF\" style=\"width:auto; height:45px;\"><\/a>\n\t\t<\/div>","protected":false},"excerpt":{"rendered":"<p>Pompe \u00e0 carburant \u00e9lectgrique 12 V, pour remplir et vider les r\u00e9servoirs des mod\u00e8les r\u00e9duits. Pour m\u00e9thanole<\/p>\n","protected":false},"featured_media":10717,"template":"","meta":[],"product_brand":[],"product_cat":[1510,1528,1529],"product_tag":[],"class_list":{"0":"post-20504","1":"product","2":"type-product","3":"status-publish","4":"has-post-thumbnail","6":"product_cat-accessoires-moteur-thermique","7":"product_cat-entrainement-et-accessoires","8":"product_cat-pompes","10":"first","11":"instock","12":"shipping-taxable","13":"product-type-simple"},"_links":{"self":[{"href":"https:\/\/www.speedmodels.ch\/fr\/wp-json\/wp\/v2\/product\/20504","targetHints":{"allow":["GET"]}}],"collection":[{"href":"https:\/\/www.speedmodels.ch\/fr\/wp-json\/wp\/v2\/product"}],"about":[{"href":"https:\/\/www.speedmodels.ch\/fr\/wp-json\/wp\/v2\/types\/product"}],"version-history":[{"count":0,"href":"https:\/\/www.speedmodels.ch\/fr\/wp-json\/wp\/v2\/product\/20504\/revisions"}],"wp:featuredmedia":[{"embeddable":true,"href":"https:\/\/www.speedmodels.ch\/fr\/wp-json\/wp\/v2\/media\/10717"}],"wp:attachment":[{"href":"https:\/\/www.speedmodels.ch\/fr\/wp-json\/wp\/v2\/media?parent=20504"}],"wp:term":[{"taxonomy":"product_brand","embeddable":true,"href":"https:\/\/www.speedmodels.ch\/fr\/wp-json\/wp\/v2\/product_brand?post=20504"},{"taxonomy":"product_cat","embeddable":true,"href":"https:\/\/www.speedmodels.ch\/fr\/wp-json\/wp\/v2\/product_cat?post=20504"},{"taxonomy":"product_tag","embeddable":true,"href":"https:\/\/www.speedmodels.ch\/fr\/wp-json\/wp\/v2\/product_tag?post=20504"}],"curies":[{"name":"wp","href":"https:\/\/api.w.org\/{rel}","templated":true}]}}