{"id":20499,"date":"2022-07-21T05:28:39","date_gmt":"2022-07-21T05:28:39","guid":{"rendered":"https:\/\/www.speedmodels.ch\/produkte\/unkategorisiert\/regulateur-u-bec-5-a-60-v\/"},"modified":"2025-02-27T12:29:59","modified_gmt":"2025-02-27T12:29:59","slug":"regulateur-u-bec-5-a-60-v","status":"publish","type":"product","link":"https:\/\/www.speedmodels.ch\/fr\/produits\/fr-akkus-zubehoer\/batteries-daccessoires\/regulateur-u-bec-5-a-60-v\/","title":{"rendered":"R\u00e9gulateur U-Bec 5 A \/ 6,0 V"},"content":{"rendered":"<p>R\u00e9gulateur puissant dans une b\u00f4ite.<\/p>\n<p>&nbsp;<\/p>\n<p>&nbsp;<\/p>\n<table style=\"height: 120px\" width=\"367\">\n<tbody>\n<tr>\n<td width=\"111\">tension d&rsquo;entr\u00e9e<\/td>\n<td width=\"159\">7.0 &#8211; 25.0 V LiPo<\/td>\n<\/tr>\n<tr>\n<td width=\"111\">Tension de sorti<\/td>\n<td width=\"159\">6.0 V \/ 5 A<\/td>\n<\/tr>\n<tr>\n<td width=\"111\">poids<\/td>\n<td width=\"159\">22 gr<\/td>\n<\/tr>\n<tr>\n<td width=\"111\">Dimension<\/td>\n<td width=\"159\">50 x 20 x 15 mm<\/td>\n<\/tr>\n<\/tbody>\n<\/table>\n<p>&nbsp;<\/p>\n<div style=\"text-align:left\" class=\"wps-pgfw-pdf-generate-icon__wrapper-frontend\">\n\t\t<a href=\"https:\/\/www.speedmodels.ch\/fr\/wp-json\/wp\/v2\/product\/20499\/?action=genpdf&amp;id=20499\" class=\"pgfw-single-pdf-download-button\" target=_blank><img src=\"https:\/\/speedmodels.ch\/wp-content\/uploads\/2021\/09\/pdf_icon.png\" title=\"G\u00e9n\u00e9rer un PDF\" style=\"width:auto; height:45px;\"><\/a>\n\t\t<\/div>","protected":false},"excerpt":{"rendered":"<p>R\u00e9gulateur puissant dans une b\u00f4ite. &nbsp; &nbsp; tension d&rsquo;entr\u00e9e 7.0 &#8211; 25.0 V LiPo Tension de sorti 6.0 V \/ 5 A poids 22 gr Dimension 50 x 20 x 15 mm &nbsp;<\/p>\n","protected":false},"featured_media":10654,"template":"","meta":[],"product_brand":[],"product_cat":[1499,1501,1738,1737],"product_tag":[],"class_list":{"0":"post-20499","1":"product","2":"type-product","3":"status-publish","4":"has-post-thumbnail","6":"product_cat-fr-akkus-zubehoer","7":"product_cat-batteries-daccessoires","8":"product_cat-ubec-transformateur-fr","9":"product_cat-ubec-transformateur","11":"first","12":"instock","13":"shipping-taxable","14":"product-type-simple"},"_links":{"self":[{"href":"https:\/\/www.speedmodels.ch\/fr\/wp-json\/wp\/v2\/product\/20499","targetHints":{"allow":["GET"]}}],"collection":[{"href":"https:\/\/www.speedmodels.ch\/fr\/wp-json\/wp\/v2\/product"}],"about":[{"href":"https:\/\/www.speedmodels.ch\/fr\/wp-json\/wp\/v2\/types\/product"}],"version-history":[{"count":1,"href":"https:\/\/www.speedmodels.ch\/fr\/wp-json\/wp\/v2\/product\/20499\/revisions"}],"predecessor-version":[{"id":29707,"href":"https:\/\/www.speedmodels.ch\/fr\/wp-json\/wp\/v2\/product\/20499\/revisions\/29707"}],"wp:featuredmedia":[{"embeddable":true,"href":"https:\/\/www.speedmodels.ch\/fr\/wp-json\/wp\/v2\/media\/10654"}],"wp:attachment":[{"href":"https:\/\/www.speedmodels.ch\/fr\/wp-json\/wp\/v2\/media?parent=20499"}],"wp:term":[{"taxonomy":"product_brand","embeddable":true,"href":"https:\/\/www.speedmodels.ch\/fr\/wp-json\/wp\/v2\/product_brand?post=20499"},{"taxonomy":"product_cat","embeddable":true,"href":"https:\/\/www.speedmodels.ch\/fr\/wp-json\/wp\/v2\/product_cat?post=20499"},{"taxonomy":"product_tag","embeddable":true,"href":"https:\/\/www.speedmodels.ch\/fr\/wp-json\/wp\/v2\/product_tag?post=20499"}],"curies":[{"name":"wp","href":"https:\/\/api.w.org\/{rel}","templated":true}]}}