{"id":20485,"date":"2022-07-21T05:16:41","date_gmt":"2022-07-21T05:16:41","guid":{"rendered":"https:\/\/www.speedmodels.ch\/produkte\/unkategorisiert\/cone-en-caoutchouc-pour-demarreur-electrique-standard-demarreur-electrique\/"},"modified":"2025-02-27T12:34:24","modified_gmt":"2025-02-27T12:34:24","slug":"cone-en-caoutchouc-pour-demarreur-electrique-standard-demarreur-electrique","status":"publish","type":"product","link":"https:\/\/www.speedmodels.ch\/fr\/produits\/entrainement-et-accessoires\/accessoires-moteur-thermique\/accessoires-demarreur\/cone-en-caoutchouc-pour-demarreur-electrique-standard-demarreur-electrique\/","title":{"rendered":"C\u00f4ne en caoutchouc pour d\u00e9marreur \u00e9l\u00e9ctrique standard D\u00e9marreur \u00e9l\u00e9ctrique"},"content":{"rendered":"<p>C\u00f4ne en caoutchouc pour d\u00e9marreur \u00e9l\u00e9ctrique standard 12V z.B. PL-1275<\/p>\n<p>Unit\u00e9: 1pcs<\/p>\n<div style=\"text-align:left\" class=\"wps-pgfw-pdf-generate-icon__wrapper-frontend\">\n\t\t<a href=\"https:\/\/www.speedmodels.ch\/fr\/wp-json\/wp\/v2\/product\/20485\/?action=genpdf&amp;id=20485\" class=\"pgfw-single-pdf-download-button\" target=_blank><img src=\"https:\/\/speedmodels.ch\/wp-content\/uploads\/2021\/09\/pdf_icon.png\" title=\"G\u00e9n\u00e9rer un PDF\" style=\"width:auto; height:45px;\"><\/a>\n\t\t<\/div>","protected":false},"excerpt":{"rendered":"<p>C\u00f4ne en caoutchouc pour d\u00e9marreur \u00e9l\u00e9ctrique standard 12V z.B. PL-1275 Unit\u00e9: 1pcs<\/p>\n","protected":false},"featured_media":10642,"template":"","meta":[],"product_brand":[],"product_cat":[1526,1510],"product_tag":[],"class_list":{"0":"post-20485","1":"product","2":"type-product","3":"status-publish","4":"has-post-thumbnail","6":"product_cat-accessoires-demarreur","7":"product_cat-accessoires-moteur-thermique","9":"first","10":"instock","11":"shipping-taxable","12":"product-type-simple"},"_links":{"self":[{"href":"https:\/\/www.speedmodels.ch\/fr\/wp-json\/wp\/v2\/product\/20485","targetHints":{"allow":["GET"]}}],"collection":[{"href":"https:\/\/www.speedmodels.ch\/fr\/wp-json\/wp\/v2\/product"}],"about":[{"href":"https:\/\/www.speedmodels.ch\/fr\/wp-json\/wp\/v2\/types\/product"}],"version-history":[{"count":1,"href":"https:\/\/www.speedmodels.ch\/fr\/wp-json\/wp\/v2\/product\/20485\/revisions"}],"predecessor-version":[{"id":29716,"href":"https:\/\/www.speedmodels.ch\/fr\/wp-json\/wp\/v2\/product\/20485\/revisions\/29716"}],"wp:featuredmedia":[{"embeddable":true,"href":"https:\/\/www.speedmodels.ch\/fr\/wp-json\/wp\/v2\/media\/10642"}],"wp:attachment":[{"href":"https:\/\/www.speedmodels.ch\/fr\/wp-json\/wp\/v2\/media?parent=20485"}],"wp:term":[{"taxonomy":"product_brand","embeddable":true,"href":"https:\/\/www.speedmodels.ch\/fr\/wp-json\/wp\/v2\/product_brand?post=20485"},{"taxonomy":"product_cat","embeddable":true,"href":"https:\/\/www.speedmodels.ch\/fr\/wp-json\/wp\/v2\/product_cat?post=20485"},{"taxonomy":"product_tag","embeddable":true,"href":"https:\/\/www.speedmodels.ch\/fr\/wp-json\/wp\/v2\/product_tag?post=20485"}],"curies":[{"name":"wp","href":"https:\/\/api.w.org\/{rel}","templated":true}]}}