{"id":20426,"date":"2022-08-18T06:56:44","date_gmt":"2022-08-18T06:56:44","guid":{"rendered":"https:\/\/www.speedmodels.ch\/produkte\/unkategorisiert\/roue-legere-avec-jante-en-plastique-oe-32-mm\/"},"modified":"2022-08-18T06:56:44","modified_gmt":"2022-08-18T06:56:44","slug":"roue-legere-avec-jante-en-plastique-oe-32-mm","status":"publish","type":"product","link":"https:\/\/www.speedmodels.ch\/fr\/produits\/accessoires\/pour-avions\/roues\/roue-legere-avec-jante-en-plastique-oe-32-mm\/","title":{"rendered":"Roue l\u00e9g\u00e8re avec jante en plastique \u00d8 32 mm"},"content":{"rendered":"<p>Roue ultra l\u00e9g\u00e8re en plastique PU, jantes en plastique. Les roues sont tr\u00e8s l\u00e9g\u00e8res et ont une grande flexibilit\u00e9.<\/p>\n<table width=\"358\">\n<tbody>\n<tr>\n<td width=\"90\"><strong>diam\u00e8tre<\/strong><\/td>\n<td width=\"83\"><strong>largeur<\/strong><\/td>\n<td width=\"83\"><strong>axe<\/strong><\/td>\n<td width=\"102\"><strong>poids \/ pcs<\/strong><\/td>\n<\/tr>\n<tr>\n<td style=\"text-align: left\">32 mm \/ 1.25&Prime;<\/td>\n<td style=\"text-align: left\">10.5 mm<\/td>\n<td style=\"text-align: left\">1.8mm<\/td>\n<td style=\"text-align: left\">2.0 gr<\/td>\n<\/tr>\n<\/tbody>\n<\/table>\n<p>&nbsp;<\/p>\n<p>emballage de 2 pcs<\/p>\n<div style=\"text-align:left\" class=\"wps-pgfw-pdf-generate-icon__wrapper-frontend\">\n\t\t<a href=\"https:\/\/www.speedmodels.ch\/fr\/wp-json\/wp\/v2\/product\/20426\/?action=genpdf&amp;id=20426\" class=\"pgfw-single-pdf-download-button\" target=_blank><img src=\"https:\/\/speedmodels.ch\/wp-content\/uploads\/2021\/09\/pdf_icon.png\" title=\"G\u00e9n\u00e9rer un PDF\" style=\"width:auto; height:45px;\"><\/a>\n\t\t<\/div>","protected":false},"excerpt":{"rendered":"<p>Roue ultra l\u00e9g\u00e8re en plastique PU, jantes en plastique. Les roues sont tr\u00e8s l\u00e9g\u00e8res et ont une grande flexibilit\u00e9. diam\u00e8tre largeur axe poids \/ pcs 32 mm \/ 1.25&Prime; 10.5 mm 1.8mm 2.0 gr &nbsp; emballage de 2 pcs<\/p>\n","protected":false},"featured_media":11453,"template":"","meta":[],"product_brand":[],"product_cat":[1518,1519,1522],"product_tag":[],"class_list":{"0":"post-20426","1":"product","2":"type-product","3":"status-publish","4":"has-post-thumbnail","6":"product_cat-accessoires","7":"product_cat-pour-avions","8":"product_cat-roues","10":"first","11":"instock","12":"shipping-taxable","13":"product-type-simple"},"_links":{"self":[{"href":"https:\/\/www.speedmodels.ch\/fr\/wp-json\/wp\/v2\/product\/20426","targetHints":{"allow":["GET"]}}],"collection":[{"href":"https:\/\/www.speedmodels.ch\/fr\/wp-json\/wp\/v2\/product"}],"about":[{"href":"https:\/\/www.speedmodels.ch\/fr\/wp-json\/wp\/v2\/types\/product"}],"version-history":[{"count":0,"href":"https:\/\/www.speedmodels.ch\/fr\/wp-json\/wp\/v2\/product\/20426\/revisions"}],"wp:featuredmedia":[{"embeddable":true,"href":"https:\/\/www.speedmodels.ch\/fr\/wp-json\/wp\/v2\/media\/11453"}],"wp:attachment":[{"href":"https:\/\/www.speedmodels.ch\/fr\/wp-json\/wp\/v2\/media?parent=20426"}],"wp:term":[{"taxonomy":"product_brand","embeddable":true,"href":"https:\/\/www.speedmodels.ch\/fr\/wp-json\/wp\/v2\/product_brand?post=20426"},{"taxonomy":"product_cat","embeddable":true,"href":"https:\/\/www.speedmodels.ch\/fr\/wp-json\/wp\/v2\/product_cat?post=20426"},{"taxonomy":"product_tag","embeddable":true,"href":"https:\/\/www.speedmodels.ch\/fr\/wp-json\/wp\/v2\/product_tag?post=20426"}],"curies":[{"name":"wp","href":"https:\/\/api.w.org\/{rel}","templated":true}]}}