{"id":20381,"date":"2022-08-18T14:02:49","date_gmt":"2022-08-18T14:02:49","guid":{"rendered":"https:\/\/www.speedmodels.ch\/produkte\/unkategorisiert\/tuyau-spirale-pour-cable-oe-1-5-8-mm\/"},"modified":"2022-08-18T14:02:49","modified_gmt":"2022-08-18T14:02:49","slug":"tuyau-spirale-pour-cable-oe-1-5-8-mm","status":"publish","type":"product","link":"https:\/\/www.speedmodels.ch\/fr\/produits\/accessoires\/tuyau-spirale-pour-cable-oe-1-5-8-mm\/","title":{"rendered":"Tuyau spirale pour c\u00e2ble \u00d8 1.5 &#8211; 8 mm"},"content":{"rendered":"<p>Tuyau spirale noir pour c\u00e2ble \u00d8 1.5 &#8211; 8 mm \/ longueur 2 m<\/p>\n<p>emballage de 1pcs<\/p>\n<div style=\"text-align:left\" class=\"wps-pgfw-pdf-generate-icon__wrapper-frontend\">\n\t\t<a href=\"https:\/\/www.speedmodels.ch\/fr\/wp-json\/wp\/v2\/product\/20381\/?action=genpdf&amp;id=20381\" class=\"pgfw-single-pdf-download-button\" target=_blank><img src=\"https:\/\/speedmodels.ch\/wp-content\/uploads\/2021\/09\/pdf_icon.png\" title=\"G\u00e9n\u00e9rer un PDF\" style=\"width:auto; height:45px;\"><\/a>\n\t\t<\/div>","protected":false},"excerpt":{"rendered":"<p>Tuyau spirale noir pour c\u00e2ble \u00d8 1.5 &#8211; 8 mm \/ longueur 2 m emballage de 1pcs<\/p>\n","protected":false},"featured_media":11824,"template":"","meta":[],"product_brand":[],"product_cat":[1518],"product_tag":[],"class_list":{"0":"post-20381","1":"product","2":"type-product","3":"status-publish","4":"has-post-thumbnail","6":"product_cat-accessoires","8":"first","9":"instock","10":"shipping-taxable","11":"product-type-simple"},"_links":{"self":[{"href":"https:\/\/www.speedmodels.ch\/fr\/wp-json\/wp\/v2\/product\/20381","targetHints":{"allow":["GET"]}}],"collection":[{"href":"https:\/\/www.speedmodels.ch\/fr\/wp-json\/wp\/v2\/product"}],"about":[{"href":"https:\/\/www.speedmodels.ch\/fr\/wp-json\/wp\/v2\/types\/product"}],"version-history":[{"count":0,"href":"https:\/\/www.speedmodels.ch\/fr\/wp-json\/wp\/v2\/product\/20381\/revisions"}],"wp:featuredmedia":[{"embeddable":true,"href":"https:\/\/www.speedmodels.ch\/fr\/wp-json\/wp\/v2\/media\/11824"}],"wp:attachment":[{"href":"https:\/\/www.speedmodels.ch\/fr\/wp-json\/wp\/v2\/media?parent=20381"}],"wp:term":[{"taxonomy":"product_brand","embeddable":true,"href":"https:\/\/www.speedmodels.ch\/fr\/wp-json\/wp\/v2\/product_brand?post=20381"},{"taxonomy":"product_cat","embeddable":true,"href":"https:\/\/www.speedmodels.ch\/fr\/wp-json\/wp\/v2\/product_cat?post=20381"},{"taxonomy":"product_tag","embeddable":true,"href":"https:\/\/www.speedmodels.ch\/fr\/wp-json\/wp\/v2\/product_tag?post=20381"}],"curies":[{"name":"wp","href":"https:\/\/api.w.org\/{rel}","templated":true}]}}