{"id":20378,"date":"2022-08-18T13:59:39","date_gmt":"2022-08-18T13:59:39","guid":{"rendered":"https:\/\/www.speedmodels.ch\/produkte\/unkategorisiert\/tuyau-spirale-pour-cable-oe-6-mm-2\/"},"modified":"2022-08-18T13:59:39","modified_gmt":"2022-08-18T13:59:39","slug":"tuyau-spirale-pour-cable-oe-6-mm-2","status":"publish","type":"product","link":"https:\/\/www.speedmodels.ch\/fr\/produits\/accessoires\/tuyau-spirale-pour-cable-oe-6-mm-2\/","title":{"rendered":"Tuyau spirale pour c\u00e2ble \u00d8 6 mm"},"content":{"rendered":"<p>Tuyau spirale transparent pour c\u00e2ble \u00d8 6 mm \/ longuer 10 m<\/p>\n<p>emballage de 1pcs<\/p>\n<div style=\"text-align:left\" class=\"wps-pgfw-pdf-generate-icon__wrapper-frontend\">\n\t\t<a href=\"https:\/\/www.speedmodels.ch\/fr\/wp-json\/wp\/v2\/product\/20378\/?action=genpdf&amp;id=20378\" class=\"pgfw-single-pdf-download-button\" target=_blank><img src=\"https:\/\/speedmodels.ch\/wp-content\/uploads\/2021\/09\/pdf_icon.png\" title=\"G\u00e9n\u00e9rer un PDF\" style=\"width:auto; height:45px;\"><\/a>\n\t\t<\/div>","protected":false},"excerpt":{"rendered":"<p>Tuyau spirale transparent pour c\u00e2ble \u00d8 6 mm \/ longuer 10 m emballage de 1pcs<\/p>\n","protected":false},"featured_media":11577,"template":"","meta":[],"product_brand":[],"product_cat":[1518],"product_tag":[],"class_list":{"0":"post-20378","1":"product","2":"type-product","3":"status-publish","4":"has-post-thumbnail","6":"product_cat-accessoires","8":"first","9":"instock","10":"shipping-taxable","11":"product-type-simple"},"_links":{"self":[{"href":"https:\/\/www.speedmodels.ch\/fr\/wp-json\/wp\/v2\/product\/20378","targetHints":{"allow":["GET"]}}],"collection":[{"href":"https:\/\/www.speedmodels.ch\/fr\/wp-json\/wp\/v2\/product"}],"about":[{"href":"https:\/\/www.speedmodels.ch\/fr\/wp-json\/wp\/v2\/types\/product"}],"version-history":[{"count":0,"href":"https:\/\/www.speedmodels.ch\/fr\/wp-json\/wp\/v2\/product\/20378\/revisions"}],"wp:featuredmedia":[{"embeddable":true,"href":"https:\/\/www.speedmodels.ch\/fr\/wp-json\/wp\/v2\/media\/11577"}],"wp:attachment":[{"href":"https:\/\/www.speedmodels.ch\/fr\/wp-json\/wp\/v2\/media?parent=20378"}],"wp:term":[{"taxonomy":"product_brand","embeddable":true,"href":"https:\/\/www.speedmodels.ch\/fr\/wp-json\/wp\/v2\/product_brand?post=20378"},{"taxonomy":"product_cat","embeddable":true,"href":"https:\/\/www.speedmodels.ch\/fr\/wp-json\/wp\/v2\/product_cat?post=20378"},{"taxonomy":"product_tag","embeddable":true,"href":"https:\/\/www.speedmodels.ch\/fr\/wp-json\/wp\/v2\/product_tag?post=20378"}],"curies":[{"name":"wp","href":"https:\/\/api.w.org\/{rel}","templated":true}]}}