{"id":20312,"date":"2022-08-29T13:23:25","date_gmt":"2022-08-29T13:23:25","guid":{"rendered":"https:\/\/www.speedmodels.ch\/produkte\/unkategorisiert\/gaine-thermoretractable-70-mm-1000mm\/"},"modified":"2025-02-20T12:45:03","modified_gmt":"2025-02-20T12:45:03","slug":"gaine-thermoretractable-70-mm-1000mm","status":"publish","type":"product","link":"https:\/\/www.speedmodels.ch\/fr\/produits\/fr-akkus-zubehoer\/batteries-daccessoires\/gaine-thermoretractable-70-mm-1000mm\/","title":{"rendered":"Gaine th\u00e9rmor\u00e9tractable 70 mm \/ 1000mm"},"content":{"rendered":"<p>Gaine th\u00e9rmor\u00e9tractable transparente<\/p>\n<p>\u00d8 70 mm<\/p>\n<p>longueur 1000 mm<\/p>\n<p>emballage de 1pcs<\/p>\n<div style=\"text-align:left\" class=\"wps-pgfw-pdf-generate-icon__wrapper-frontend\">\n\t\t<a href=\"https:\/\/www.speedmodels.ch\/fr\/wp-json\/wp\/v2\/product\/20312\/?action=genpdf&amp;id=20312\" class=\"pgfw-single-pdf-download-button\" target=_blank><img src=\"https:\/\/speedmodels.ch\/wp-content\/uploads\/2021\/09\/pdf_icon.png\" title=\"G\u00e9n\u00e9rer un PDF\" style=\"width:auto; height:45px;\"><\/a>\n\t\t<\/div>","protected":false},"excerpt":{"rendered":"<p>Gaine th\u00e9rmor\u00e9tractable transparente \u00d8 70 mm longueur 1000 mm emballage de 1pcs<\/p>\n","protected":false},"featured_media":12222,"template":"","meta":[],"product_brand":[],"product_cat":[1518,1501,1502,1550,1552],"product_tag":[],"class_list":{"0":"post-20312","1":"product","2":"type-product","3":"status-publish","4":"has-post-thumbnail","6":"product_cat-accessoires","7":"product_cat-batteries-daccessoires","8":"product_cat-cable-prise-interrupteur","9":"product_cat-gaine-thermoretractable","10":"product_cat-gaine-thermoretractable-fr-2","12":"first","13":"instock","14":"shipping-taxable","15":"product-type-simple"},"_links":{"self":[{"href":"https:\/\/www.speedmodels.ch\/fr\/wp-json\/wp\/v2\/product\/20312","targetHints":{"allow":["GET"]}}],"collection":[{"href":"https:\/\/www.speedmodels.ch\/fr\/wp-json\/wp\/v2\/product"}],"about":[{"href":"https:\/\/www.speedmodels.ch\/fr\/wp-json\/wp\/v2\/types\/product"}],"version-history":[{"count":1,"href":"https:\/\/www.speedmodels.ch\/fr\/wp-json\/wp\/v2\/product\/20312\/revisions"}],"predecessor-version":[{"id":29663,"href":"https:\/\/www.speedmodels.ch\/fr\/wp-json\/wp\/v2\/product\/20312\/revisions\/29663"}],"wp:featuredmedia":[{"embeddable":true,"href":"https:\/\/www.speedmodels.ch\/fr\/wp-json\/wp\/v2\/media\/12222"}],"wp:attachment":[{"href":"https:\/\/www.speedmodels.ch\/fr\/wp-json\/wp\/v2\/media?parent=20312"}],"wp:term":[{"taxonomy":"product_brand","embeddable":true,"href":"https:\/\/www.speedmodels.ch\/fr\/wp-json\/wp\/v2\/product_brand?post=20312"},{"taxonomy":"product_cat","embeddable":true,"href":"https:\/\/www.speedmodels.ch\/fr\/wp-json\/wp\/v2\/product_cat?post=20312"},{"taxonomy":"product_tag","embeddable":true,"href":"https:\/\/www.speedmodels.ch\/fr\/wp-json\/wp\/v2\/product_tag?post=20312"}],"curies":[{"name":"wp","href":"https:\/\/api.w.org\/{rel}","templated":true}]}}