{"id":20305,"date":"2022-08-29T13:30:42","date_gmt":"2022-08-29T13:30:42","guid":{"rendered":"https:\/\/www.speedmodels.ch\/produkte\/unkategorisiert\/gaine-thermoretractable-4-mm-2-x-1000mm\/"},"modified":"2025-02-20T12:42:36","modified_gmt":"2025-02-20T12:42:36","slug":"gaine-thermoretractable-4-mm-2-x-1000mm","status":"publish","type":"product","link":"https:\/\/www.speedmodels.ch\/fr\/produits\/entrainement-et-accessoires\/accessoires-moteurs-electriques\/gaine-thermoretractable-fr-3\/gaine-thermoretractable-4-mm-2-x-1000mm\/","title":{"rendered":"Gaine th\u00e9rmor\u00e9tractable 4 mm \/ 2 x 1000mm"},"content":{"rendered":"<p>Gaine th\u00e9rmor\u00e9tractable rouge et noir<\/p>\n<p>\u00d8 4 mm<\/p>\n<p>longueur 1000 mm \/ par couleur<\/p>\n<p>emballage 1set<\/p>\n<div style=\"text-align:left\" class=\"wps-pgfw-pdf-generate-icon__wrapper-frontend\">\n\t\t<a href=\"https:\/\/www.speedmodels.ch\/fr\/wp-json\/wp\/v2\/product\/20305\/?action=genpdf&amp;id=20305\" class=\"pgfw-single-pdf-download-button\" target=_blank><img src=\"https:\/\/speedmodels.ch\/wp-content\/uploads\/2021\/09\/pdf_icon.png\" title=\"G\u00e9n\u00e9rer un PDF\" style=\"width:auto; height:45px;\"><\/a>\n\t\t<\/div>","protected":false},"excerpt":{"rendered":"<p>Gaine th\u00e9rmor\u00e9tractable rouge et noir \u00d8 4 mm longueur 1000 mm \/ par couleur emballage 1set<\/p>\n","protected":false},"featured_media":12208,"template":"","meta":[],"product_brand":[],"product_cat":[1518,1553,1502,1528,1554,1550,1551,1552],"product_tag":[],"class_list":{"0":"post-20305","1":"product","2":"type-product","3":"status-publish","4":"has-post-thumbnail","6":"product_cat-accessoires","7":"product_cat-accessoires-moteurs-electriques","8":"product_cat-cable-prise-interrupteur","9":"product_cat-entrainement-et-accessoires","10":"product_cat-gaine-thermoretractable-fr-3","11":"product_cat-gaine-thermoretractable","12":"product_cat-gaine-thermoretractable-fr","13":"product_cat-gaine-thermoretractable-fr-2","15":"first","16":"instock","17":"shipping-taxable","18":"product-type-simple"},"_links":{"self":[{"href":"https:\/\/www.speedmodels.ch\/fr\/wp-json\/wp\/v2\/product\/20305","targetHints":{"allow":["GET"]}}],"collection":[{"href":"https:\/\/www.speedmodels.ch\/fr\/wp-json\/wp\/v2\/product"}],"about":[{"href":"https:\/\/www.speedmodels.ch\/fr\/wp-json\/wp\/v2\/types\/product"}],"version-history":[{"count":1,"href":"https:\/\/www.speedmodels.ch\/fr\/wp-json\/wp\/v2\/product\/20305\/revisions"}],"predecessor-version":[{"id":29654,"href":"https:\/\/www.speedmodels.ch\/fr\/wp-json\/wp\/v2\/product\/20305\/revisions\/29654"}],"wp:featuredmedia":[{"embeddable":true,"href":"https:\/\/www.speedmodels.ch\/fr\/wp-json\/wp\/v2\/media\/12208"}],"wp:attachment":[{"href":"https:\/\/www.speedmodels.ch\/fr\/wp-json\/wp\/v2\/media?parent=20305"}],"wp:term":[{"taxonomy":"product_brand","embeddable":true,"href":"https:\/\/www.speedmodels.ch\/fr\/wp-json\/wp\/v2\/product_brand?post=20305"},{"taxonomy":"product_cat","embeddable":true,"href":"https:\/\/www.speedmodels.ch\/fr\/wp-json\/wp\/v2\/product_cat?post=20305"},{"taxonomy":"product_tag","embeddable":true,"href":"https:\/\/www.speedmodels.ch\/fr\/wp-json\/wp\/v2\/product_tag?post=20305"}],"curies":[{"name":"wp","href":"https:\/\/api.w.org\/{rel}","templated":true}]}}