{"id":20292,"date":"2022-09-01T13:06:36","date_gmt":"2022-09-01T13:06:36","guid":{"rendered":"https:\/\/www.speedmodels.ch\/produkte\/unkategorisiert\/volets-de-frein-370mm\/"},"modified":"2022-09-01T13:06:36","modified_gmt":"2022-09-01T13:06:36","slug":"volets-de-frein-370mm","status":"publish","type":"product","link":"https:\/\/www.speedmodels.ch\/fr\/produits\/accessoires\/pour-avions\/volets-de-frein\/volets-de-frein-370mm\/","title":{"rendered":"Volets de frein 370mm"},"content":{"rendered":"<p><span class=\"top_news\">Volets de frein <\/span><span class=\"deutsch_texte\">en m\u00e9tal l\u00e9ger, fabriqu\u00e9 avec une grande pr\u00e9cision et donc extr\u00eamement silencieux. Hauteur standard 16 mm jusqu&rsquo;\u00e0 440 mm de longueur disponible. Tous les types ont le verrou habituel en position r\u00e9tract\u00e9e.<\/span><\/p>\n<p>Longueur 370 mm<\/p>\n<p>Hauteur 16 mm<\/p>\n<p>emballage 1 paire<\/p>\n<div style=\"text-align:left\" class=\"wps-pgfw-pdf-generate-icon__wrapper-frontend\">\n\t\t<a href=\"https:\/\/www.speedmodels.ch\/fr\/wp-json\/wp\/v2\/product\/20292\/?action=genpdf&amp;id=20292\" class=\"pgfw-single-pdf-download-button\" target=_blank><img src=\"https:\/\/speedmodels.ch\/wp-content\/uploads\/2021\/09\/pdf_icon.png\" title=\"G\u00e9n\u00e9rer un PDF\" style=\"width:auto; height:45px;\"><\/a>\n\t\t<\/div>","protected":false},"excerpt":{"rendered":"<p>Volets de frein en m\u00e9tal l\u00e9ger, fabriqu\u00e9 avec une grande pr\u00e9cision et donc extr\u00eamement silencieux. Hauteur standard 16 mm jusqu&rsquo;\u00e0 440 mm de longueur disponible. Tous les types ont le verrou habituel en position r\u00e9tract\u00e9e. Longueur 370 mm Hauteur 16 mm emballage 1 paire<\/p>\n","protected":false},"featured_media":12506,"template":"","meta":[],"product_brand":[],"product_cat":[1518,1519,1724],"product_tag":[],"class_list":{"0":"post-20292","1":"product","2":"type-product","3":"status-publish","4":"has-post-thumbnail","6":"product_cat-accessoires","7":"product_cat-pour-avions","8":"product_cat-volets-de-frein","10":"first","11":"instock","12":"shipping-taxable","13":"product-type-simple"},"_links":{"self":[{"href":"https:\/\/www.speedmodels.ch\/fr\/wp-json\/wp\/v2\/product\/20292","targetHints":{"allow":["GET"]}}],"collection":[{"href":"https:\/\/www.speedmodels.ch\/fr\/wp-json\/wp\/v2\/product"}],"about":[{"href":"https:\/\/www.speedmodels.ch\/fr\/wp-json\/wp\/v2\/types\/product"}],"version-history":[{"count":0,"href":"https:\/\/www.speedmodels.ch\/fr\/wp-json\/wp\/v2\/product\/20292\/revisions"}],"wp:featuredmedia":[{"embeddable":true,"href":"https:\/\/www.speedmodels.ch\/fr\/wp-json\/wp\/v2\/media\/12506"}],"wp:attachment":[{"href":"https:\/\/www.speedmodels.ch\/fr\/wp-json\/wp\/v2\/media?parent=20292"}],"wp:term":[{"taxonomy":"product_brand","embeddable":true,"href":"https:\/\/www.speedmodels.ch\/fr\/wp-json\/wp\/v2\/product_brand?post=20292"},{"taxonomy":"product_cat","embeddable":true,"href":"https:\/\/www.speedmodels.ch\/fr\/wp-json\/wp\/v2\/product_cat?post=20292"},{"taxonomy":"product_tag","embeddable":true,"href":"https:\/\/www.speedmodels.ch\/fr\/wp-json\/wp\/v2\/product_tag?post=20292"}],"curies":[{"name":"wp","href":"https:\/\/api.w.org\/{rel}","templated":true}]}}