{"id":20283,"date":"2022-09-15T07:20:21","date_gmt":"2022-09-15T07:20:21","guid":{"rendered":"https:\/\/www.speedmodels.ch\/produkte\/unkategorisiert\/nez-dhelice-z-cn-42mm\/"},"modified":"2022-09-15T07:20:21","modified_gmt":"2022-09-15T07:20:21","slug":"nez-dhelice-z-cn-42mm","status":"publish","type":"product","link":"https:\/\/www.speedmodels.ch\/fr\/produits\/accessoires\/pour-avions\/accessoires-helices\/nez-dhelice\/nez-dhelice-z-cn-42mm\/","title":{"rendered":"Nez d&rsquo;h\u00e9lice Z (CN) 42mm"},"content":{"rendered":"<p><strong>La s\u00e9rie de nez d&rsquo;h\u00e9lices pour des performances a\u00e9rodynamiques optimales.<\/strong><\/p>\n<p>Les c\u00f4nes Z combinent les avantages des c\u00f4nes CN (Cool Nose avec des ouvertures d&rsquo;air de refroidissement) et des pi\u00e8ces centrales coud\u00e9es en Z. Gr\u00e2ce aux pi\u00e8ces centrales en aluminium inclin\u00e9es, les pales d&rsquo;h\u00e9lice repliables se trouvent encore plus pr\u00e8s du fuselage et assurent ainsi moins de tra\u00een\u00e9e pendant le vol plan\u00e9. Les cuillers avec les pi\u00e8ces centrales sont con\u00e7ues pour les coques de planeurs \u00e9lectriques minces, mais peuvent \u00e9galement \u00eatre avantageuses pour les coques en bois dans la construction de caissons, par exemple, si elles sont rod\u00e9es.<\/p>\n<p>Les pi\u00e8ces centrales des tailles de spinner 32-42 mm sont interchangeables, par exemple les capuchons de spinner de 38 mm peuvent \u00eatre utilis\u00e9s avec la pi\u00e8ce centrale du spinner de 42 mm. Ces combinaisons possibles offrent un potentiel d&rsquo;optimisation suppl\u00e9mentaire, car un r\u00e9glage plus fin du fuselage respectif est possible. Le nez d&rsquo;h\u00e9lice de 30 mm a sa propre pi\u00e8ce centrale qui ne peut pas \u00eatre combin\u00e9e avec les autres capuchons de spinner.<\/p>\n<p>Le Z-Spinner contient un capuchon de c\u00f4ne (diam\u00e8tre 30 mm) en plastique blanc (tr\u00e8s facile \u00e0 peindre), une pi\u00e8ce centrale en aluminium frais\u00e9 avec support int\u00e9gr\u00e9 pour le c\u00f4ne de serrage, un caoutchouc sp\u00e9cial pour plier les pales de l&rsquo;h\u00e9lice, des vis de montage pour le capuchon de c\u00f4ne et pales d&rsquo;h\u00e9lice.<\/p>\n<p>Le diam\u00e8tre du capuchon du spinner est de 38 mm. L&rsquo;entraxe (d) de cette centrifugeuse est de 32 mm. Cela signifie que le diam\u00e8tre des pales de l&rsquo;h\u00e9lice est r\u00e9duit de 10 mm (0,39\u2033). Exemple : Une h\u00e9lice d&rsquo;un diam\u00e8tre de 12 \u2033 a un diam\u00e8tre effectif de 11,61 \u2033 au niveau de cette pi\u00e8ce centrale (les sp\u00e9cifications de taille pour les h\u00e9lices repliables se r\u00e9f\u00e8rent toujours \u00e0 l&rsquo;utilisation d&rsquo;une pi\u00e8ce centrale avec un entraxe de d=42 mm).<\/p>\n<div class=\"woocommerce-tabs wc-tabs-wrapper\">\n<div id=\"tab-description\" class=\"woocommerce-Tabs-panel woocommerce-Tabs-panel--description panel entry-content wc-tab\" role=\"tabpanel\" aria-labelledby=\"tab-title-description\">\n<p>Unit\u00e9: 1pcs<\/p>\n<p>Les pinces appropri\u00e9es suivantes sont n\u00e9cessaires pour cette s\u00e9rie de c\u00f4nes:<\/p>\n<p>C\u00f4ne de serrage arbre moteur 2,0mm \u2013 no de commande 7123\/00<br \/>\nC\u00f4ne de serrage arbre moteur 2,3mm \u2013 no de commande 7123\/01<br \/>\nC\u00f4ne de serrage arbre moteur 3,0mm \u2013 no de commande 7123\/02<br \/>\nC\u00f4ne de serrage arbre moteur 3,2mm \u2013 no de commande 7123\/03<br \/>\nC\u00f4ne de serrage arbre moteur 4,0mm \u2013 no de commande 7123\/04<br \/>\nC\u00f4ne de serrage arbre moteur 5,0mm \u2013 no de commande 7123\/05<br \/>\nC\u00f4ne de serrage arbre moteur 6,0mm \u2013 no de commande 7123\/06<\/p>\n<p>Les capuchons de nez d&rsquo;h\u00e9lices sont disponibles individuellement comme pi\u00e8ces de rechange dans toutes les tailles:<\/p>\n<p>Capuchon 30mm \u2013 no de commande 7251\/81<br \/>\nCapuchon 32mm \u2013 no de commande 7251\/82<br \/>\nCapuchon 35mm \u2013 no de commande 7251\/83<br \/>\nCapuchon 38mm \u2013 no de commande 7251\/84<br \/>\nCapuchon 40mm \u2013 no de commande 7251\/85<br \/>\nCapuchon 42mm \u2013 no de commande 7251\/86<\/p>\n<p>Le caoutchouc d&rsquo;h\u00e9lice pour ce c\u00f4ne est disponible comme pi\u00e8ce de rechange sous la r\u00e9f\u00e9rence 7251\/65.<\/p>\n<\/div>\n<\/div>\n<div style=\"text-align:left\" class=\"wps-pgfw-pdf-generate-icon__wrapper-frontend\">\n\t\t<a href=\"https:\/\/www.speedmodels.ch\/fr\/wp-json\/wp\/v2\/product\/20283\/?action=genpdf&amp;id=20283\" class=\"pgfw-single-pdf-download-button\" target=_blank><img src=\"https:\/\/speedmodels.ch\/wp-content\/uploads\/2021\/09\/pdf_icon.png\" title=\"G\u00e9n\u00e9rer un PDF\" style=\"width:auto; height:45px;\"><\/a>\n\t\t<\/div>","protected":false},"excerpt":{"rendered":"<p>La s\u00e9rie de nez d&rsquo;h\u00e9lices pour des performances a\u00e9rodynamiques optimales. Les c\u00f4nes Z combinent les avantages des c\u00f4nes CN (Cool Nose avec des ouvertures d&rsquo;air de refroidissement) et des pi\u00e8ces centrales coud\u00e9es en Z. Gr\u00e2ce aux pi\u00e8ces centrales en aluminium inclin\u00e9es, les pales d&rsquo;h\u00e9lice repliables se trouvent encore plus pr\u00e8s du fuselage et assurent ainsi [&hellip;]<\/p>\n","protected":false},"featured_media":12984,"template":"","meta":[],"product_brand":[],"product_cat":[1518,1601,1602,1519],"product_tag":[],"class_list":{"0":"post-20283","1":"product","2":"type-product","3":"status-publish","4":"has-post-thumbnail","6":"product_cat-accessoires","7":"product_cat-accessoires-helices","8":"product_cat-nez-dhelice","9":"product_cat-pour-avions","11":"first","12":"instock","13":"shipping-taxable","14":"product-type-simple"},"_links":{"self":[{"href":"https:\/\/www.speedmodels.ch\/fr\/wp-json\/wp\/v2\/product\/20283","targetHints":{"allow":["GET"]}}],"collection":[{"href":"https:\/\/www.speedmodels.ch\/fr\/wp-json\/wp\/v2\/product"}],"about":[{"href":"https:\/\/www.speedmodels.ch\/fr\/wp-json\/wp\/v2\/types\/product"}],"version-history":[{"count":0,"href":"https:\/\/www.speedmodels.ch\/fr\/wp-json\/wp\/v2\/product\/20283\/revisions"}],"wp:featuredmedia":[{"embeddable":true,"href":"https:\/\/www.speedmodels.ch\/fr\/wp-json\/wp\/v2\/media\/12984"}],"wp:attachment":[{"href":"https:\/\/www.speedmodels.ch\/fr\/wp-json\/wp\/v2\/media?parent=20283"}],"wp:term":[{"taxonomy":"product_brand","embeddable":true,"href":"https:\/\/www.speedmodels.ch\/fr\/wp-json\/wp\/v2\/product_brand?post=20283"},{"taxonomy":"product_cat","embeddable":true,"href":"https:\/\/www.speedmodels.ch\/fr\/wp-json\/wp\/v2\/product_cat?post=20283"},{"taxonomy":"product_tag","embeddable":true,"href":"https:\/\/www.speedmodels.ch\/fr\/wp-json\/wp\/v2\/product_tag?post=20283"}],"curies":[{"name":"wp","href":"https:\/\/api.w.org\/{rel}","templated":true}]}}