{"id":20269,"date":"2022-09-15T07:51:49","date_gmt":"2022-09-15T07:51:49","guid":{"rendered":"https:\/\/www.speedmodels.ch\/produkte\/unkategorisiert\/camcarbon-z-helice-repliable-12-x-6\/"},"modified":"2023-11-27T12:45:25","modified_gmt":"2023-11-27T12:45:25","slug":"camcarbon-z-helice-repliable-12-x-6","status":"publish","type":"product","link":"https:\/\/www.speedmodels.ch\/fr\/produits\/accessoires\/pour-avions\/helice\/helices-repliables\/camcarbon-z-helice-repliable-12-x-6\/","title":{"rendered":"CAMcarbon Z h\u00e9lice repliable 12 x 6&Prime;"},"content":{"rendered":"<p><b>CAMcarbon Z h\u00e9lices repliables<\/b><\/p>\n<p>Les h\u00e9lices repliables CAMcarbon sont la norme en vol \u00e9lectrique depuis de nombreuses ann\u00e9es. Raison suffisante pour continuer \u00e0 d\u00e9velopper cette s\u00e9rie. Les nouvelles h\u00e9lices Z ont \u00e9t\u00e9 sp\u00e9cialement optimis\u00e9es pour un pliage encore plus serr\u00e9 sur les coques de planeurs \u00e9troites. M\u00eame avec des coques en bois en forme de caisson comme nos mod\u00e8les Triple, Helios ou Soleo, la nouvelle forme du CAMcarbon Z permet aux pales de s&rsquo;adapter beaucoup plus \u00e9troitement \u00e0 la coque.<\/p>\n<p>Les pales s&rsquo;adaptent \u00e0 tous les syst\u00e8mes d&rsquo;h\u00e9lices repliables existants con\u00e7us pour accepter des pieds de pale de 8 mm. Cela signifie que les h\u00e9lices peuvent \u00eatre facilement utilis\u00e9es sur toute notre gamme de c\u00f4nes CN et de c\u00f4nes de pr\u00e9cision.<\/p>\n<p>Cependant, le r\u00e9sultat optimal est obtenu en combinaison avec les Z-Spinners (CN). Selon le fuselage, il est donc possible de se replier sans interstice interm\u00e9diaire, ce qui am\u00e9liore non seulement l&rsquo;optique mais aussi les performances a\u00e9rodynamiques.<\/p>\n<p>Le Profilstrak a \u00e9t\u00e9 optimis\u00e9 dans la zone racine. Un plastique renforc\u00e9 de fibres de carbone est utilis\u00e9 comme mat\u00e9riau.<\/p>\n<p>La taille sp\u00e9cifi\u00e9e de l&rsquo;h\u00e9lice repliable se r\u00e9f\u00e8re \u00e0 l&rsquo;utilisation d&rsquo;une pi\u00e8ce centrale de 42 mm. Lors de l&rsquo;utilisation de pi\u00e8ces centrales plus petites ou plus grandes, le diam\u00e8tre et le pas changent en cons\u00e9quence.<\/p>\n<p>Attention : Le fonctionnement des h\u00e9lices repliables n&rsquo;est autoris\u00e9 que jusqu&rsquo;\u00e0 la vitesse maximale sp\u00e9cifi\u00e9e et en liaison avec un d\u00e9marrage progressif du moteur. Vous pouvez trouver la vitesse maximale autoris\u00e9e sur l&#8217;emballage de l&rsquo;h\u00e9lice repliable.<\/p>\n<p>emballage 1 paire<\/p>\n<div style=\"text-align:left\" class=\"wps-pgfw-pdf-generate-icon__wrapper-frontend\">\n\t\t<a href=\"https:\/\/www.speedmodels.ch\/fr\/wp-json\/wp\/v2\/product\/20269\/?action=genpdf&amp;id=20269\" class=\"pgfw-single-pdf-download-button\" target=_blank><img src=\"https:\/\/speedmodels.ch\/wp-content\/uploads\/2021\/09\/pdf_icon.png\" title=\"G\u00e9n\u00e9rer un PDF\" style=\"width:auto; height:45px;\"><\/a>\n\t\t<\/div>","protected":false},"excerpt":{"rendered":"<p>CAMcarbon Z h\u00e9lices repliables Les h\u00e9lices repliables CAMcarbon sont la norme en vol \u00e9lectrique depuis de nombreuses ann\u00e9es. Raison suffisante pour continuer \u00e0 d\u00e9velopper cette s\u00e9rie. Les nouvelles h\u00e9lices Z ont \u00e9t\u00e9 sp\u00e9cialement optimis\u00e9es pour un pliage encore plus serr\u00e9 sur les coques de planeurs \u00e9troites. M\u00eame avec des coques en bois en forme de [&hellip;]<\/p>\n","protected":false},"featured_media":12982,"template":"","meta":[],"product_brand":[],"product_cat":[1518,1588,1691,1519],"product_tag":[],"class_list":{"0":"post-20269","1":"product","2":"type-product","3":"status-publish","4":"has-post-thumbnail","6":"product_cat-accessoires","7":"product_cat-helice","8":"product_cat-helices-repliables","9":"product_cat-pour-avions","11":"first","12":"instock","13":"shipping-taxable","14":"product-type-simple"},"_links":{"self":[{"href":"https:\/\/www.speedmodels.ch\/fr\/wp-json\/wp\/v2\/product\/20269","targetHints":{"allow":["GET"]}}],"collection":[{"href":"https:\/\/www.speedmodels.ch\/fr\/wp-json\/wp\/v2\/product"}],"about":[{"href":"https:\/\/www.speedmodels.ch\/fr\/wp-json\/wp\/v2\/types\/product"}],"version-history":[{"count":0,"href":"https:\/\/www.speedmodels.ch\/fr\/wp-json\/wp\/v2\/product\/20269\/revisions"}],"wp:featuredmedia":[{"embeddable":true,"href":"https:\/\/www.speedmodels.ch\/fr\/wp-json\/wp\/v2\/media\/12982"}],"wp:attachment":[{"href":"https:\/\/www.speedmodels.ch\/fr\/wp-json\/wp\/v2\/media?parent=20269"}],"wp:term":[{"taxonomy":"product_brand","embeddable":true,"href":"https:\/\/www.speedmodels.ch\/fr\/wp-json\/wp\/v2\/product_brand?post=20269"},{"taxonomy":"product_cat","embeddable":true,"href":"https:\/\/www.speedmodels.ch\/fr\/wp-json\/wp\/v2\/product_cat?post=20269"},{"taxonomy":"product_tag","embeddable":true,"href":"https:\/\/www.speedmodels.ch\/fr\/wp-json\/wp\/v2\/product_tag?post=20269"}],"curies":[{"name":"wp","href":"https:\/\/api.w.org\/{rel}","templated":true}]}}