{"id":20255,"date":"2022-09-15T09:17:49","date_gmt":"2022-09-15T09:17:49","guid":{"rendered":"https:\/\/www.speedmodels.ch\/produkte\/unkategorisiert\/camcarbon-helice-repliable-18-5-x-15\/"},"modified":"2022-09-15T09:17:49","modified_gmt":"2022-09-15T09:17:49","slug":"camcarbon-helice-repliable-18-5-x-15","status":"publish","type":"product","link":"https:\/\/www.speedmodels.ch\/fr\/produits\/accessoires\/pour-avions\/helice\/helices-repliables\/camcarbon-helice-repliable-18-5-x-15\/","title":{"rendered":"CAMcarbon h\u00e9lice repliable 18.5 x 15&Prime;"},"content":{"rendered":"<p><b>CAMcarbon h\u00e9lices repliables<\/b><br \/>\nLa nouvelle g\u00e9n\u00e9ration d&rsquo;h\u00e9lices repliables de Rudolf Freudenthaler en technologie CAM. La conception de profil optimis\u00e9e et tr\u00e8s fine et la virure de profil calcul\u00e9e par ordinateur garantissent une tr\u00e8s grande pr\u00e9cision avec une efficacit\u00e9 optimale \u00e0 faible consommation d&rsquo;\u00e9nergie du moteur \u00e9lectrique. Le seul mat\u00e9riau utilis\u00e9 est un m\u00e9lange de fibres de carbone et de nylon, ce qui conf\u00e8re \u00e0 l&rsquo;h\u00e9lice une grande r\u00e9sistance \u00e0 la torsion et a fait ses preuves dans nos h\u00e9lices depuis des ann\u00e9es. Les CAMcarbon ne sont disponibles qu&rsquo;en pales de rechange.<\/p>\n<p>La taille sp\u00e9cifi\u00e9e de l&rsquo;h\u00e9lice repliable se r\u00e9f\u00e8re \u00e0 l&rsquo;utilisation d&rsquo;une pi\u00e8ce centrale de 42 mm. Lors de l&rsquo;utilisation de pi\u00e8ces centrales plus petites ou plus grandes, le diam\u00e8tre et le pas changent en cons\u00e9quence.<\/p>\n<p>Attention : Le fonctionnement des h\u00e9lices repliables n&rsquo;est autoris\u00e9 que jusqu&rsquo;\u00e0 la vitesse maximale sp\u00e9cifi\u00e9e et en liaison avec un d\u00e9marrage progressif du moteur. Vous pouvez trouver la vitesse maximale autoris\u00e9e sur l&#8217;emballage de l&rsquo;h\u00e9lice repliable.<\/p>\n<p>emballage 1 paire<\/p>\n<div style=\"text-align:left\" class=\"wps-pgfw-pdf-generate-icon__wrapper-frontend\">\n\t\t<a href=\"https:\/\/www.speedmodels.ch\/fr\/wp-json\/wp\/v2\/product\/20255\/?action=genpdf&amp;id=20255\" class=\"pgfw-single-pdf-download-button\" target=_blank><img src=\"https:\/\/speedmodels.ch\/wp-content\/uploads\/2021\/09\/pdf_icon.png\" title=\"G\u00e9n\u00e9rer un PDF\" style=\"width:auto; height:45px;\"><\/a>\n\t\t<\/div>","protected":false},"excerpt":{"rendered":"<p>CAMcarbon h\u00e9lices repliables La nouvelle g\u00e9n\u00e9ration d&rsquo;h\u00e9lices repliables de Rudolf Freudenthaler en technologie CAM. La conception de profil optimis\u00e9e et tr\u00e8s fine et la virure de profil calcul\u00e9e par ordinateur garantissent une tr\u00e8s grande pr\u00e9cision avec une efficacit\u00e9 optimale \u00e0 faible consommation d&rsquo;\u00e9nergie du moteur \u00e9lectrique. Le seul mat\u00e9riau utilis\u00e9 est un m\u00e9lange de fibres [&hellip;]<\/p>\n","protected":false},"featured_media":12980,"template":"","meta":[],"product_brand":[],"product_cat":[1518,1588,1691,1519],"product_tag":[],"class_list":{"0":"post-20255","1":"product","2":"type-product","3":"status-publish","4":"has-post-thumbnail","6":"product_cat-accessoires","7":"product_cat-helice","8":"product_cat-helices-repliables","9":"product_cat-pour-avions","11":"first","12":"instock","13":"shipping-taxable","14":"product-type-simple"},"_links":{"self":[{"href":"https:\/\/www.speedmodels.ch\/fr\/wp-json\/wp\/v2\/product\/20255","targetHints":{"allow":["GET"]}}],"collection":[{"href":"https:\/\/www.speedmodels.ch\/fr\/wp-json\/wp\/v2\/product"}],"about":[{"href":"https:\/\/www.speedmodels.ch\/fr\/wp-json\/wp\/v2\/types\/product"}],"version-history":[{"count":0,"href":"https:\/\/www.speedmodels.ch\/fr\/wp-json\/wp\/v2\/product\/20255\/revisions"}],"wp:featuredmedia":[{"embeddable":true,"href":"https:\/\/www.speedmodels.ch\/fr\/wp-json\/wp\/v2\/media\/12980"}],"wp:attachment":[{"href":"https:\/\/www.speedmodels.ch\/fr\/wp-json\/wp\/v2\/media?parent=20255"}],"wp:term":[{"taxonomy":"product_brand","embeddable":true,"href":"https:\/\/www.speedmodels.ch\/fr\/wp-json\/wp\/v2\/product_brand?post=20255"},{"taxonomy":"product_cat","embeddable":true,"href":"https:\/\/www.speedmodels.ch\/fr\/wp-json\/wp\/v2\/product_cat?post=20255"},{"taxonomy":"product_tag","embeddable":true,"href":"https:\/\/www.speedmodels.ch\/fr\/wp-json\/wp\/v2\/product_tag?post=20255"}],"curies":[{"name":"wp","href":"https:\/\/api.w.org\/{rel}","templated":true}]}}