{"id":20247,"date":"2022-09-15T11:45:06","date_gmt":"2022-09-15T11:45:06","guid":{"rendered":"https:\/\/www.speedmodels.ch\/produkte\/unkategorisiert\/classic-carbon-helice-repliable-18-x-8\/"},"modified":"2022-09-15T11:45:06","modified_gmt":"2022-09-15T11:45:06","slug":"classic-carbon-helice-repliable-18-x-8","status":"publish","type":"product","link":"https:\/\/www.speedmodels.ch\/fr\/produits\/accessoires\/pour-avions\/helice\/helices-repliables\/classic-carbon-helice-repliable-18-x-8\/","title":{"rendered":"Classic Carbon h\u00e9lice repliable 18 x 8&Prime;"},"content":{"rendered":"<p>H\u00e9lices repliables Classic Carbon renforc\u00e9es de carbone.<\/p>\n<p>Attention : Le fonctionnement des h\u00e9lices repliables n&rsquo;est autoris\u00e9 que jusqu&rsquo;\u00e0 la vitesse maximale sp\u00e9cifi\u00e9e et en liaison avec un d\u00e9marrage progressif du moteur. Vous pouvez trouver la vitesse maximale autoris\u00e9e sur l&#8217;emballage de l&rsquo;h\u00e9lice repliable.<\/p>\n<p>emballage 1 paire<\/p>\n<div style=\"text-align:left\" class=\"wps-pgfw-pdf-generate-icon__wrapper-frontend\">\n\t\t<a href=\"https:\/\/www.speedmodels.ch\/fr\/wp-json\/wp\/v2\/product\/20247\/?action=genpdf&amp;id=20247\" class=\"pgfw-single-pdf-download-button\" target=_blank><img src=\"https:\/\/speedmodels.ch\/wp-content\/uploads\/2021\/09\/pdf_icon.png\" title=\"G\u00e9n\u00e9rer un PDF\" style=\"width:auto; height:45px;\"><\/a>\n\t\t<\/div>","protected":false},"excerpt":{"rendered":"<p>H\u00e9lices repliables Classic Carbon renforc\u00e9es de carbone. Attention : Le fonctionnement des h\u00e9lices repliables n&rsquo;est autoris\u00e9 que jusqu&rsquo;\u00e0 la vitesse maximale sp\u00e9cifi\u00e9e et en liaison avec un d\u00e9marrage progressif du moteur. Vous pouvez trouver la vitesse maximale autoris\u00e9e sur l&#8217;emballage de l&rsquo;h\u00e9lice repliable. emballage 1 paire<\/p>\n","protected":false},"featured_media":13289,"template":"","meta":[],"product_brand":[],"product_cat":[1518,1588,1691,1519],"product_tag":[],"class_list":{"0":"post-20247","1":"product","2":"type-product","3":"status-publish","4":"has-post-thumbnail","6":"product_cat-accessoires","7":"product_cat-helice","8":"product_cat-helices-repliables","9":"product_cat-pour-avions","11":"first","12":"instock","13":"shipping-taxable","14":"product-type-simple"},"_links":{"self":[{"href":"https:\/\/www.speedmodels.ch\/fr\/wp-json\/wp\/v2\/product\/20247","targetHints":{"allow":["GET"]}}],"collection":[{"href":"https:\/\/www.speedmodels.ch\/fr\/wp-json\/wp\/v2\/product"}],"about":[{"href":"https:\/\/www.speedmodels.ch\/fr\/wp-json\/wp\/v2\/types\/product"}],"version-history":[{"count":0,"href":"https:\/\/www.speedmodels.ch\/fr\/wp-json\/wp\/v2\/product\/20247\/revisions"}],"wp:featuredmedia":[{"embeddable":true,"href":"https:\/\/www.speedmodels.ch\/fr\/wp-json\/wp\/v2\/media\/13289"}],"wp:attachment":[{"href":"https:\/\/www.speedmodels.ch\/fr\/wp-json\/wp\/v2\/media?parent=20247"}],"wp:term":[{"taxonomy":"product_brand","embeddable":true,"href":"https:\/\/www.speedmodels.ch\/fr\/wp-json\/wp\/v2\/product_brand?post=20247"},{"taxonomy":"product_cat","embeddable":true,"href":"https:\/\/www.speedmodels.ch\/fr\/wp-json\/wp\/v2\/product_cat?post=20247"},{"taxonomy":"product_tag","embeddable":true,"href":"https:\/\/www.speedmodels.ch\/fr\/wp-json\/wp\/v2\/product_tag?post=20247"}],"curies":[{"name":"wp","href":"https:\/\/api.w.org\/{rel}","templated":true}]}}