{"id":20148,"date":"2021-11-08T09:20:36","date_gmt":"2021-11-08T09:20:36","guid":{"rendered":"https:\/\/www.speedmodels.ch\/produkte\/unkategorisiert\/foxx\/"},"modified":"2021-11-08T09:20:36","modified_gmt":"2021-11-08T09:20:36","slug":"foxx","status":"publish","type":"product","link":"https:\/\/www.speedmodels.ch\/fr\/produits\/modeles\/avions-fr\/modeles-telecommandes\/modeles-de-vol-electriques\/foxx\/","title":{"rendered":"Foxx"},"content":{"rendered":"<p>La ru\u00e9e vers la vitesse a toujours motiv\u00e9 de nombreux pilotes de mod\u00e8les r\u00e9duits. Combin\u00e9es \u00e0 un poids tr\u00e8s faible et \u00e0 un moteur puissant, des performances de vol dont on r\u00eavait il y a encore quelques ann\u00e9es sont aujourd&rsquo;hui possibles. Notre FOXX est un mod\u00e8le performant pour le speed flight. Enti\u00e8rement en bois de balsa, une performance de vol tr\u00e8s \u00e9lev\u00e9e est obtenue avec un poids minimal. En raison de la vitesse \u00e9lev\u00e9e, ce mod\u00e8le convient aux pilotes plus exp\u00e9riment\u00e9s.<br \/>\nLa construction du mod\u00e8le est faite de pi\u00e8ces en bois d\u00e9coup\u00e9es au laser, principalement du bois de balsa et des renforts en longerons de pin. FOXX est contr\u00f4l\u00e9 par deux ailerons et deux ascenseurs. Des rotors internes \u00e0 grande vitesse et d&rsquo;un diam\u00e8tre allant jusqu&rsquo;\u00e0 28 mm peuvent \u00eatre utilis\u00e9s comme moteurs. En raison de la structure simple, l&rsquo;ach\u00e8vement du mod\u00e8le en un week-end est tout \u00e0 fait r\u00e9alisable. La technologie de construction est bas\u00e9e sur la m\u00e9thode de construction bien connue qu&rsquo;aero-naut utilise d\u00e9j\u00e0 dans de nombreux mod\u00e8les. Des composants en queue d&rsquo;aronde concluants et l&rsquo;utilisation d&rsquo;une cale de halage garantissent un succ\u00e8s de construction rapide et pr\u00e9cis.<br \/>\nLe kit<br \/>\ncontient tous les composants pour construire le mod\u00e8le en bois, les pi\u00e8ces de liaison, le c\u00e2ble Bowden et les instructions de montage 3D d\u00e9taill\u00e9es.<\/p>\n<p>Entrainment recommand\u00e9<br \/>\nmoteur KIRA 400-27 (Kontronik)<br \/>\nvariateur KOBY 55 LV<br \/>\naccu 3s LiPo, 2000 mAh<br \/>\nE-Prop Carbon 6\u00d75\u201c Ref. No 7229\/11<br \/>\nNez d&rsquo;h\u00e9lice 38mm Ref. No 7258\/01-05<\/p>\n<div style=\"text-align:left\" class=\"wps-pgfw-pdf-generate-icon__wrapper-frontend\">\n\t\t<a href=\"https:\/\/www.speedmodels.ch\/fr\/wp-json\/wp\/v2\/product\/20148\/?action=genpdf&amp;id=20148\" class=\"pgfw-single-pdf-download-button\" target=_blank><img src=\"https:\/\/speedmodels.ch\/wp-content\/uploads\/2021\/09\/pdf_icon.png\" title=\"G\u00e9n\u00e9rer un PDF\" style=\"width:auto; height:45px;\"><\/a>\n\t\t<\/div>","protected":false},"excerpt":{"rendered":"<p>La ru\u00e9e vers la vitesse a toujours motiv\u00e9 de nombreux pilotes de mod\u00e8les r\u00e9duits. Combin\u00e9es \u00e0 un poids tr\u00e8s faible et \u00e0 un moteur puissant, des performances de vol dont on r\u00eavait il y a encore quelques ann\u00e9es sont aujourd&rsquo;hui possibles. Notre FOXX est un mod\u00e8le performant pour le speed flight. Enti\u00e8rement en bois de [&hellip;]<\/p>\n","protected":false},"featured_media":9636,"template":"","meta":[],"product_brand":[],"product_cat":[1652,1710,1721,1653],"product_tag":[],"class_list":{"0":"post-20148","1":"product","2":"type-product","3":"status-publish","4":"has-post-thumbnail","6":"product_cat-avions-fr","7":"product_cat-modeles","8":"product_cat-modeles-de-vol-electriques","9":"product_cat-modeles-telecommandes","11":"first","12":"instock","13":"shipping-taxable","14":"product-type-simple"},"_links":{"self":[{"href":"https:\/\/www.speedmodels.ch\/fr\/wp-json\/wp\/v2\/product\/20148","targetHints":{"allow":["GET"]}}],"collection":[{"href":"https:\/\/www.speedmodels.ch\/fr\/wp-json\/wp\/v2\/product"}],"about":[{"href":"https:\/\/www.speedmodels.ch\/fr\/wp-json\/wp\/v2\/types\/product"}],"version-history":[{"count":0,"href":"https:\/\/www.speedmodels.ch\/fr\/wp-json\/wp\/v2\/product\/20148\/revisions"}],"wp:featuredmedia":[{"embeddable":true,"href":"https:\/\/www.speedmodels.ch\/fr\/wp-json\/wp\/v2\/media\/9636"}],"wp:attachment":[{"href":"https:\/\/www.speedmodels.ch\/fr\/wp-json\/wp\/v2\/media?parent=20148"}],"wp:term":[{"taxonomy":"product_brand","embeddable":true,"href":"https:\/\/www.speedmodels.ch\/fr\/wp-json\/wp\/v2\/product_brand?post=20148"},{"taxonomy":"product_cat","embeddable":true,"href":"https:\/\/www.speedmodels.ch\/fr\/wp-json\/wp\/v2\/product_cat?post=20148"},{"taxonomy":"product_tag","embeddable":true,"href":"https:\/\/www.speedmodels.ch\/fr\/wp-json\/wp\/v2\/product_tag?post=20148"}],"curies":[{"name":"wp","href":"https:\/\/api.w.org\/{rel}","templated":true}]}}