{"id":20147,"date":"2021-11-08T09:28:25","date_gmt":"2021-11-08T09:28:25","guid":{"rendered":"https:\/\/www.speedmodels.ch\/produkte\/unkategorisiert\/suchoi-su31m\/"},"modified":"2021-11-08T09:28:25","modified_gmt":"2021-11-08T09:28:25","slug":"suchoi-su31m","status":"publish","type":"product","link":"https:\/\/www.speedmodels.ch\/fr\/produits\/modeles\/avions-fr\/modeles-telecommandes\/modeles-de-vol-electriques\/suchoi-su31m\/","title":{"rendered":"Suchoi SU31M"},"content":{"rendered":"<p>Un r\u00e9gal pour les amis des mod\u00e8les de moteurs \u00e9lectriques agiles de type prototype ainsi que pour tous ceux qui veulent se lancer dans la voltige \u00e9lectrique. En raison de la construction pr\u00e9fabriqu\u00e9e en mousse dure, le Sukhoi de couleur jaune est pr\u00eat \u00e0 voler apr\u00e8s seulement quelques pi\u00e8ces d&rsquo;armure. En raison du faible poids (2 kg avec 12 cellules SubC) et de la surface en mousse dure, la vitesse de vol reste dans une plage confortable. Pour que ceux qui abandonnent le planeur \u00e9lectrique puissent rapidement se familiariser avec la machine. Le Sukhoi peut \u00eatre lanc\u00e9 \u00e0 la main, mais un ch\u00e2ssis lamin\u00e9 et bien amorti permet \u00e9galement des d\u00e9collages et atterrissages au sol r\u00e9alistes. La gamme d&rsquo;entra\u00eenements possibles s&rsquo;\u00e9tend d&rsquo;un simple motor\u00e9ducteur \u00e0 10 cellules SubC \u00e0 des rotors externes sans balais pour entra\u00eenement direct jusqu&rsquo;\u00e0 16 cellules. Pour les acrobaties exigeantes, nous recommandons l&rsquo;actro CL 6 \u00e0 couple \u00e9lev\u00e9 qui, avec 12 cellules 3000&#8230;3300 mAh et une h\u00e9lice 13\u00d78,5\u2033, ne consomme que 35 A et permet ainsi de longs temps de vol. La batterie peut \u00eatre chang\u00e9e facilement gr\u00e2ce \u00e0 la verri\u00e8re amovible. Le mod\u00e8le est pr\u00e9par\u00e9 pour les servos mini et standard. Un capot teint\u00e9 en rouge et d\u00e9coup\u00e9 (en deux parties) et un cockpit transparent avec un int\u00e9rieur noir (avec des raccords comme feuille de d\u00e9calcomanie) sont inclus en tant que pi\u00e8ces en plastique embouties.<\/p>\n<div style=\"text-align:left\" class=\"wps-pgfw-pdf-generate-icon__wrapper-frontend\">\n\t\t<a href=\"https:\/\/www.speedmodels.ch\/fr\/wp-json\/wp\/v2\/product\/20147\/?action=genpdf&amp;id=20147\" class=\"pgfw-single-pdf-download-button\" target=_blank><img src=\"https:\/\/speedmodels.ch\/wp-content\/uploads\/2021\/09\/pdf_icon.png\" title=\"G\u00e9n\u00e9rer un PDF\" style=\"width:auto; height:45px;\"><\/a>\n\t\t<\/div>","protected":false},"excerpt":{"rendered":"<p>Un r\u00e9gal pour les amis des mod\u00e8les de moteurs \u00e9lectriques agiles de type prototype ainsi que pour tous ceux qui veulent se lancer dans la voltige \u00e9lectrique. En raison de la construction pr\u00e9fabriqu\u00e9e en mousse dure, le Sukhoi de couleur jaune est pr\u00eat \u00e0 voler apr\u00e8s seulement quelques pi\u00e8ces d&rsquo;armure. En raison du faible poids [&hellip;]<\/p>\n","protected":false},"featured_media":9642,"template":"","meta":[],"product_brand":[],"product_cat":[1652,1710,1721,1653],"product_tag":[],"class_list":{"0":"post-20147","1":"product","2":"type-product","3":"status-publish","4":"has-post-thumbnail","6":"product_cat-avions-fr","7":"product_cat-modeles","8":"product_cat-modeles-de-vol-electriques","9":"product_cat-modeles-telecommandes","11":"first","12":"instock","13":"shipping-taxable","14":"product-type-simple"},"_links":{"self":[{"href":"https:\/\/www.speedmodels.ch\/fr\/wp-json\/wp\/v2\/product\/20147","targetHints":{"allow":["GET"]}}],"collection":[{"href":"https:\/\/www.speedmodels.ch\/fr\/wp-json\/wp\/v2\/product"}],"about":[{"href":"https:\/\/www.speedmodels.ch\/fr\/wp-json\/wp\/v2\/types\/product"}],"version-history":[{"count":0,"href":"https:\/\/www.speedmodels.ch\/fr\/wp-json\/wp\/v2\/product\/20147\/revisions"}],"wp:featuredmedia":[{"embeddable":true,"href":"https:\/\/www.speedmodels.ch\/fr\/wp-json\/wp\/v2\/media\/9642"}],"wp:attachment":[{"href":"https:\/\/www.speedmodels.ch\/fr\/wp-json\/wp\/v2\/media?parent=20147"}],"wp:term":[{"taxonomy":"product_brand","embeddable":true,"href":"https:\/\/www.speedmodels.ch\/fr\/wp-json\/wp\/v2\/product_brand?post=20147"},{"taxonomy":"product_cat","embeddable":true,"href":"https:\/\/www.speedmodels.ch\/fr\/wp-json\/wp\/v2\/product_cat?post=20147"},{"taxonomy":"product_tag","embeddable":true,"href":"https:\/\/www.speedmodels.ch\/fr\/wp-json\/wp\/v2\/product_tag?post=20147"}],"curies":[{"name":"wp","href":"https:\/\/api.w.org\/{rel}","templated":true}]}}