{"id":20145,"date":"2021-11-08T10:13:45","date_gmt":"2021-11-08T10:13:45","guid":{"rendered":"https:\/\/www.speedmodels.ch\/produkte\/unkategorisiert\/fournier-rf4d-ailes-nervures\/"},"modified":"2021-11-08T10:13:45","modified_gmt":"2021-11-08T10:13:45","slug":"fournier-rf4d-ailes-nervures","status":"publish","type":"product","link":"https:\/\/www.speedmodels.ch\/fr\/produits\/modeles\/avions-fr\/modeles-telecommandes\/modeles-a-moteur-thermique\/fournier-rf4d-ailes-nervures\/","title":{"rendered":"Fournier RF4D (ailes nervures)"},"content":{"rendered":"<p>Le mod\u00e8le Fournier RF-4D, populaire depuis de nombreuses ann\u00e9es, est maintenant \u00e9quip\u00e9 d&rsquo;ailes nervur\u00e9es. Les ailes sont construites avec des composants d\u00e9coup\u00e9s au laser avec pr\u00e9cision sur le c\u00e9l\u00e8bre gabarit aero-naut, ce qui permet un assemblage rapide et sans distorsion. Un r\u00e9sultat de construction pr\u00e9cis et rapide est vis\u00e9 avec des gabarits auxiliaires sophistiqu\u00e9s. Les ailes sont recouvertes d&rsquo;un placage d&rsquo;\u00e9rable qui a \u00e9galement \u00e9t\u00e9 coup\u00e9 sur mesure et coll\u00e9 avec une fibre textile sp\u00e9ciale afin d&rsquo;obtenir un traitement sans probl\u00e8me et une grande r\u00e9silience. Le mat\u00e9riau, appel\u00e9 A-Tex, est un produit fabriqu\u00e9 par aero-naut lui-m\u00eame et utilis\u00e9 dans de nombreux kits aero-naut. Les instructions de construction de style 3D typiques d&rsquo;aero-naut permettent un assemblage \u00e9tape par \u00e9tape et soutiennent le constructeur de mod\u00e8les avec des dessins 3D et un texte d\u00e9taill\u00e9. Cela facilite le montage. Le mod\u00e8le a \u00e9t\u00e9 construit \u00e0 l&rsquo;\u00e9chelle 1:4 afin que le train d&rsquo;atterrissage r\u00e9tractable et les a\u00e9rofreins puissent \u00e9galement \u00eatre install\u00e9s. Des acrobaties mod\u00e9r\u00e9es sont possibles avec le Fournier. Les boucles ex\u00e9cut\u00e9es avec sensation, les virages efficaces, les tonneaux ou similaires ne posent aucun probl\u00e8me. Les longues approches peuvent \u00eatre divis\u00e9es avec pr\u00e9cision \u00e0 l&rsquo;aide des volets de frein. L&rsquo;aile est en deux parties et est constitu\u00e9e d&rsquo;un tube en duralumin de 18 mm ; l&#8217;empennage est mont\u00e9 sur des tubes en carbone et solidement coll\u00e9 au fuselage. Un grand \u00e9videment sur le plancher du fuselage assure l&rsquo;acc\u00e8s \u00e0 l&rsquo;\u00e9quipement RC. L&rsquo;\u00e9cluse d&rsquo;aile peut \u00e9galement \u00eatre atteinte ici. Le fuselage GRP est de la haute qualit\u00e9 \u00e0 laquelle vous \u00eates habitu\u00e9 chez aero-naut et a des moulures et tous les passages pour les ailes et HLW. Le capot GRP en deux parties divis\u00e9 horizontalement a d\u00e9j\u00e0 des guides pour centrer les deux parties. L&rsquo;\u00e9quipement du cockpit est bas\u00e9 sur l&rsquo;original, ces pi\u00e8ces sont en ABS. Les instructions de construction donnent d&rsquo;autres conseils sur la fa\u00e7on de concevoir l&rsquo;int\u00e9rieur (par exemple, le rembourrage). Le train de roulement r\u00e9tractable \u00e0 ressort avec des pneus en caoutchouc creux a \u00e9t\u00e9 sp\u00e9cialement d\u00e9velopp\u00e9 pour ce mod\u00e8le. Les pi\u00e8ces en duralumin ou en acier sont d\u00e9coup\u00e9es au jet d&rsquo;eau avec pr\u00e9cision, bras\u00e9es et rev\u00eatues de poudre. Le train d&rsquo;atterrissage se r\u00e9tracte dans un garde-boue ABS int\u00e9gr\u00e9 au fuselage. La commande pneumatique EZFW avec un cylindre \u00e0 air comprim\u00e9 d&rsquo;un diam\u00e8tre de 18 mm (al\u00e9sage) est con\u00e7ue pour \u00eatre \u00e0 simple effet. C&rsquo;est une contribution importante \u00e0 la s\u00e9curit\u00e9, puisque le train d&rsquo;atterrissage est automatiquement sorti en cas de perte de pression dans le syst\u00e8me ! Inclus est un r\u00e9ducteur de pression r\u00e9glable, avec lequel le moment de la r\u00e9traction et de l&rsquo;extension peut \u00eatre r\u00e9gl\u00e9 \u00ab\u00a0\u00e0 l&rsquo;\u00e9chelle\u00a0\u00bb. La soupape de commande est \u00e9galement con\u00e7ue pour \u00eatre \u00e0 simple effet, elle est actionn\u00e9e en appuyant sur un z. B. sur la (mini) came servo-mont\u00e9e (came), l&rsquo;extension prend en charge un ressort spiral. Seule une pompe \u00e0 main avec manom\u00e8tre (par exemple de Robart) n&rsquo;est pas incluse.<br \/>\nLe kit contient:<br \/>\ninstructions de montage 3D d\u00e9taill\u00e9es, fuselage et capot moteur GRP, kit d&rsquo;aile compos\u00e9 de pi\u00e8ces en bois grav\u00e9es au laser, a\u00e9rofreins, c\u00f4ne, train d&rsquo;atterrissage r\u00e9tractable et roues de support, \u00e9peron, \u00e9chappement factice et buses de remplissage, verri\u00e8re, pi\u00e8ces ABS, CNC- pi\u00e8ces frais\u00e9es en contreplaqu\u00e9 et GRP, pi\u00e8ces embouties, tube en duralumin, tube GRP (guide de la connexion), verrouillage des ailes, jeu de petites pi\u00e8ces. La construction des ailes est simplifi\u00e9e par le c\u00e9l\u00e8bre a\u00e9ronaute Helling r\u00e9alis\u00e9 en Depron sans distorsion.<\/p>\n<div style=\"text-align:left\" class=\"wps-pgfw-pdf-generate-icon__wrapper-frontend\">\n\t\t<a href=\"https:\/\/www.speedmodels.ch\/fr\/wp-json\/wp\/v2\/product\/20145\/?action=genpdf&amp;id=20145\" class=\"pgfw-single-pdf-download-button\" target=_blank><img src=\"https:\/\/speedmodels.ch\/wp-content\/uploads\/2021\/09\/pdf_icon.png\" title=\"G\u00e9n\u00e9rer un PDF\" style=\"width:auto; height:45px;\"><\/a>\n\t\t<\/div>","protected":false},"excerpt":{"rendered":"<p>Le mod\u00e8le Fournier RF-4D, populaire depuis de nombreuses ann\u00e9es, est maintenant \u00e9quip\u00e9 d&rsquo;ailes nervur\u00e9es. Les ailes sont construites avec des composants d\u00e9coup\u00e9s au laser avec pr\u00e9cision sur le c\u00e9l\u00e8bre gabarit aero-naut, ce qui permet un assemblage rapide et sans distorsion. Un r\u00e9sultat de construction pr\u00e9cis et rapide est vis\u00e9 avec des gabarits auxiliaires sophistiqu\u00e9s. Les [&hellip;]<\/p>\n","protected":false},"featured_media":9649,"template":"","meta":[],"product_brand":[],"product_cat":[1652,1710,1722,1721,1653],"product_tag":[],"class_list":{"0":"post-20145","1":"product","2":"type-product","3":"status-publish","4":"has-post-thumbnail","6":"product_cat-avions-fr","7":"product_cat-modeles","8":"product_cat-modeles-a-moteur-thermique","9":"product_cat-modeles-de-vol-electriques","10":"product_cat-modeles-telecommandes","12":"first","13":"instock","14":"shipping-taxable","15":"product-type-simple"},"_links":{"self":[{"href":"https:\/\/www.speedmodels.ch\/fr\/wp-json\/wp\/v2\/product\/20145","targetHints":{"allow":["GET"]}}],"collection":[{"href":"https:\/\/www.speedmodels.ch\/fr\/wp-json\/wp\/v2\/product"}],"about":[{"href":"https:\/\/www.speedmodels.ch\/fr\/wp-json\/wp\/v2\/types\/product"}],"version-history":[{"count":0,"href":"https:\/\/www.speedmodels.ch\/fr\/wp-json\/wp\/v2\/product\/20145\/revisions"}],"wp:featuredmedia":[{"embeddable":true,"href":"https:\/\/www.speedmodels.ch\/fr\/wp-json\/wp\/v2\/media\/9649"}],"wp:attachment":[{"href":"https:\/\/www.speedmodels.ch\/fr\/wp-json\/wp\/v2\/media?parent=20145"}],"wp:term":[{"taxonomy":"product_brand","embeddable":true,"href":"https:\/\/www.speedmodels.ch\/fr\/wp-json\/wp\/v2\/product_brand?post=20145"},{"taxonomy":"product_cat","embeddable":true,"href":"https:\/\/www.speedmodels.ch\/fr\/wp-json\/wp\/v2\/product_cat?post=20145"},{"taxonomy":"product_tag","embeddable":true,"href":"https:\/\/www.speedmodels.ch\/fr\/wp-json\/wp\/v2\/product_tag?post=20145"}],"curies":[{"name":"wp","href":"https:\/\/api.w.org\/{rel}","templated":true}]}}