{"id":20144,"date":"2021-11-08T10:27:50","date_gmt":"2021-11-08T10:27:50","guid":{"rendered":"https:\/\/www.speedmodels.ch\/produkte\/unkategorisiert\/blade-2\/"},"modified":"2021-11-08T10:27:50","modified_gmt":"2021-11-08T10:27:50","slug":"blade-2","status":"publish","type":"product","link":"https:\/\/www.speedmodels.ch\/fr\/produits\/modeles\/avions-fr\/modeles-telecommandes\/modeles-de-vol-electriques\/blade-2\/","title":{"rendered":"Blade 2"},"content":{"rendered":"<p>Jet de puissance des superlatifs, pour le pilote de jet \u00e9lectrique exp\u00e9riment\u00e9 et tr\u00e8s exigeant, qui \u00e9tablit de nouvelles normes. Avec deux moteurs de ventilateur hautes performances de 90 mm, des ascensions impressionnantes et des caract\u00e9ristiques de vol de vitesse brillantes sont r\u00e9alis\u00e9es. Avec son look a\u00e9rodynamique futuriste, Blade 2 d\u00e9passe le cadre des mod\u00e8les de jets \u00e9lectriques de tous les jours et devient un v\u00e9ritable accroche-regard. Le mod\u00e8le, qui est construit par CAO et fabriqu\u00e9 dans des moules CAM, doit cette performance de vol, qui \u00e9tait auparavant consid\u00e9r\u00e9e comme difficilement possible pour les jets \u00e9lectriques, \u00e0 son a\u00e9rodynamisme r\u00e9ussi et \u00e0 sa construction enti\u00e8rement en GRP optimis\u00e9e en termes de poids. Le concepteur a accord\u00e9 une attention particuli\u00e8re au flux d&rsquo;air court et \u00e0 efficacit\u00e9 optimis\u00e9e dans la zone des unit\u00e9s d&rsquo;entra\u00eenement du ventilateur. Les particularit\u00e9s: Lancement facile \u00e0 la main en solo avec support \u00e9lastique (pas de rampe de lancement ni d&rsquo;aide requise). Changement de batterie pratique gr\u00e2ce \u00e0 la pointe de fuselage amovible (cela permet \u00e9galement de gagner de la place pendant le transport). Moteurs facilement accessibles (montage facile et rapide). Conduit d&rsquo;air int\u00e9gr\u00e9. Haut de fuselage amovible pour un assemblage facile des composants RC. C\u00e2bles d&rsquo;antenne et de servo d\u00e9j\u00e0 install\u00e9s dans l&rsquo;aile. Int\u00e9rieur \u00e0 ventilation forc\u00e9e pour un refroidissement efficace des batteries et de l&rsquo;\u00e9lectronique de puissance. R\u00e9sistance maximale \u00e0 la torsion gr\u00e2ce \u00e0 la poutre principale renforc\u00e9e en CFRP et au D-Box.<\/p>\n<div style=\"text-align:left\" class=\"wps-pgfw-pdf-generate-icon__wrapper-frontend\">\n\t\t<a href=\"https:\/\/www.speedmodels.ch\/fr\/wp-json\/wp\/v2\/product\/20144\/?action=genpdf&amp;id=20144\" class=\"pgfw-single-pdf-download-button\" target=_blank><img src=\"https:\/\/speedmodels.ch\/wp-content\/uploads\/2021\/09\/pdf_icon.png\" title=\"G\u00e9n\u00e9rer un PDF\" style=\"width:auto; height:45px;\"><\/a>\n\t\t<\/div>","protected":false},"excerpt":{"rendered":"<p>Jet de puissance des superlatifs, pour le pilote de jet \u00e9lectrique exp\u00e9riment\u00e9 et tr\u00e8s exigeant, qui \u00e9tablit de nouvelles normes. Avec deux moteurs de ventilateur hautes performances de 90 mm, des ascensions impressionnantes et des caract\u00e9ristiques de vol de vitesse brillantes sont r\u00e9alis\u00e9es. Avec son look a\u00e9rodynamique futuriste, Blade 2 d\u00e9passe le cadre des mod\u00e8les [&hellip;]<\/p>\n","protected":false},"featured_media":9655,"template":"","meta":[],"product_brand":[],"product_cat":[1652,1710,1721,1653],"product_tag":[],"class_list":{"0":"post-20144","1":"product","2":"type-product","3":"status-publish","4":"has-post-thumbnail","6":"product_cat-avions-fr","7":"product_cat-modeles","8":"product_cat-modeles-de-vol-electriques","9":"product_cat-modeles-telecommandes","11":"first","12":"instock","13":"shipping-taxable","14":"product-type-simple"},"_links":{"self":[{"href":"https:\/\/www.speedmodels.ch\/fr\/wp-json\/wp\/v2\/product\/20144","targetHints":{"allow":["GET"]}}],"collection":[{"href":"https:\/\/www.speedmodels.ch\/fr\/wp-json\/wp\/v2\/product"}],"about":[{"href":"https:\/\/www.speedmodels.ch\/fr\/wp-json\/wp\/v2\/types\/product"}],"version-history":[{"count":0,"href":"https:\/\/www.speedmodels.ch\/fr\/wp-json\/wp\/v2\/product\/20144\/revisions"}],"wp:featuredmedia":[{"embeddable":true,"href":"https:\/\/www.speedmodels.ch\/fr\/wp-json\/wp\/v2\/media\/9655"}],"wp:attachment":[{"href":"https:\/\/www.speedmodels.ch\/fr\/wp-json\/wp\/v2\/media?parent=20144"}],"wp:term":[{"taxonomy":"product_brand","embeddable":true,"href":"https:\/\/www.speedmodels.ch\/fr\/wp-json\/wp\/v2\/product_brand?post=20144"},{"taxonomy":"product_cat","embeddable":true,"href":"https:\/\/www.speedmodels.ch\/fr\/wp-json\/wp\/v2\/product_cat?post=20144"},{"taxonomy":"product_tag","embeddable":true,"href":"https:\/\/www.speedmodels.ch\/fr\/wp-json\/wp\/v2\/product_tag?post=20144"}],"curies":[{"name":"wp","href":"https:\/\/api.w.org\/{rel}","templated":true}]}}