{"id":20143,"date":"2021-11-08T10:33:17","date_gmt":"2021-11-08T10:33:17","guid":{"rendered":"https:\/\/www.speedmodels.ch\/produkte\/unkategorisiert\/pober-pixie\/"},"modified":"2021-11-08T10:33:17","modified_gmt":"2021-11-08T10:33:17","slug":"pober-pixie","status":"publish","type":"product","link":"https:\/\/www.speedmodels.ch\/fr\/produits\/modeles\/avions-fr\/modeles-telecommandes\/modeles-de-vol-electriques\/pober-pixie\/","title":{"rendered":"Pober-Pixie"},"content":{"rendered":"<p>Le prototype de ce mod\u00e8le a \u00e9t\u00e9 construit par Paul H. Poberezny aux \u00c9tats-Unis \u00e0 la fin des ann\u00e9es 1960 lors du d\u00e9veloppement ult\u00e9rieur du Parasol \u00abLN\u00bb. Il a \u00e9t\u00e9 produit dans la version exp\u00e9rimentale conform\u00e9ment aux r\u00e9glementations EAA. Gr\u00e2ce \u00e0 sa structure tr\u00e8s simple et \u00e0 ses tr\u00e8s bonnes caract\u00e9ristiques de vol &#8211; il n&rsquo;\u00e9tait propuls\u00e9 que par un moteur de 60 ch &#8211; il est r\u00e9pandu et toujours populaire aujourd&rsquo;hui. L&rsquo;original est expos\u00e9 \u00e0 l&rsquo;EAA Air Museum Fondation Inc. Notre mod\u00e8le prototype a les m\u00eames caract\u00e9ristiques de vol, peut \u00eatre construit rapidement et facilement gr\u00e2ce au fuselage GfK avec verri\u00e8re int\u00e9gr\u00e9e, l&rsquo;aile pr\u00eate \u00e0 construire \u00e0 construction nervur\u00e9e et les autres accessoires en bois, plastique et m\u00e9tal, dont certains sont fournis avec un haut degr\u00e9 de pr\u00e9fabrication ou sont d\u00e9j\u00e0 finis Recommand\u00e9 pour les d\u00e9butants en mod\u00e9lisme.<br \/>\nLe kit contient:<br \/>\nplan de construction avec instructions de construction d\u00e9taill\u00e9es, fuselage en GRP blanc avec auvent int\u00e9gr\u00e9, capot moteur et gu\u00eatres de roue en ABS, ch\u00e2ssis en aluminium, ailes et empennages pr\u00eats \u00e0 \u00eatre construits, roues et accessoires.<br \/>\nDifficult\u00e9 de construction : <span class=\"sw-acf-field-label label-field_5dcad304d99f3\">Avanc\u00e9<\/span><br \/>\nDemande de vol : a<span class=\"sw-acf-field-label label-field_5dcbcb97699d1\">vanc\u00e9<\/span><\/p>\n<div style=\"text-align:left\" class=\"wps-pgfw-pdf-generate-icon__wrapper-frontend\">\n\t\t<a href=\"https:\/\/www.speedmodels.ch\/fr\/wp-json\/wp\/v2\/product\/20143\/?action=genpdf&amp;id=20143\" class=\"pgfw-single-pdf-download-button\" target=_blank><img src=\"https:\/\/speedmodels.ch\/wp-content\/uploads\/2021\/09\/pdf_icon.png\" title=\"G\u00e9n\u00e9rer un PDF\" style=\"width:auto; height:45px;\"><\/a>\n\t\t<\/div>","protected":false},"excerpt":{"rendered":"<p>Le prototype de ce mod\u00e8le a \u00e9t\u00e9 construit par Paul H. Poberezny aux \u00c9tats-Unis \u00e0 la fin des ann\u00e9es 1960 lors du d\u00e9veloppement ult\u00e9rieur du Parasol \u00abLN\u00bb. Il a \u00e9t\u00e9 produit dans la version exp\u00e9rimentale conform\u00e9ment aux r\u00e9glementations EAA. Gr\u00e2ce \u00e0 sa structure tr\u00e8s simple et \u00e0 ses tr\u00e8s bonnes caract\u00e9ristiques de vol &#8211; il [&hellip;]<\/p>\n","protected":false},"featured_media":9658,"template":"","meta":[],"product_brand":[],"product_cat":[1652,1710,1721,1653],"product_tag":[],"class_list":{"0":"post-20143","1":"product","2":"type-product","3":"status-publish","4":"has-post-thumbnail","6":"product_cat-avions-fr","7":"product_cat-modeles","8":"product_cat-modeles-de-vol-electriques","9":"product_cat-modeles-telecommandes","11":"first","12":"instock","13":"shipping-taxable","14":"product-type-simple"},"_links":{"self":[{"href":"https:\/\/www.speedmodels.ch\/fr\/wp-json\/wp\/v2\/product\/20143","targetHints":{"allow":["GET"]}}],"collection":[{"href":"https:\/\/www.speedmodels.ch\/fr\/wp-json\/wp\/v2\/product"}],"about":[{"href":"https:\/\/www.speedmodels.ch\/fr\/wp-json\/wp\/v2\/types\/product"}],"version-history":[{"count":0,"href":"https:\/\/www.speedmodels.ch\/fr\/wp-json\/wp\/v2\/product\/20143\/revisions"}],"wp:featuredmedia":[{"embeddable":true,"href":"https:\/\/www.speedmodels.ch\/fr\/wp-json\/wp\/v2\/media\/9658"}],"wp:attachment":[{"href":"https:\/\/www.speedmodels.ch\/fr\/wp-json\/wp\/v2\/media?parent=20143"}],"wp:term":[{"taxonomy":"product_brand","embeddable":true,"href":"https:\/\/www.speedmodels.ch\/fr\/wp-json\/wp\/v2\/product_brand?post=20143"},{"taxonomy":"product_cat","embeddable":true,"href":"https:\/\/www.speedmodels.ch\/fr\/wp-json\/wp\/v2\/product_cat?post=20143"},{"taxonomy":"product_tag","embeddable":true,"href":"https:\/\/www.speedmodels.ch\/fr\/wp-json\/wp\/v2\/product_tag?post=20143"}],"curies":[{"name":"wp","href":"https:\/\/api.w.org\/{rel}","templated":true}]}}