{"id":20142,"date":"2021-11-08T10:40:27","date_gmt":"2021-11-08T10:40:27","guid":{"rendered":"https:\/\/www.speedmodels.ch\/produkte\/unkategorisiert\/rafale-c-version-aramide\/"},"modified":"2024-04-09T07:53:36","modified_gmt":"2024-04-09T07:53:36","slug":"rafale-c-aramid-version","status":"publish","type":"product","link":"https:\/\/www.speedmodels.ch\/fr\/produits\/modeles\/avions-fr\/modeles-telecommandes\/modeles-de-vol-electriques\/rafale-c-aramid-version\/","title":{"rendered":"Rafale C (version aramide)"},"content":{"rendered":"<p>Un nouveau fuselage en fibre d&rsquo;aramide extr\u00eamement optimis\u00e9 en termes de poids compl\u00e8te la mise \u00e0 jour, offre une r\u00e9sistance maximale et contribue \u00e0 des performances de vol ph\u00e9nom\u00e9nales. Il peut donc \u00eatre lanc\u00e9 au sol sur des pentes dures ainsi que sur des pelouses rases et plates. De cette fa\u00e7on, le mod\u00e8le \u00e0 r\u00e9action bimoteur gagne en fid\u00e9lit\u00e9 suppl\u00e9mentaire \u00e0 l&rsquo;original \u00e0 la fois au sol et dans les airs. Le train d&rsquo;atterrissage escamotable pneumatique en 3 parties avec roue avant orientable est disponible en tant qu&rsquo;ensemble d&rsquo;accessoires, r\u00e9f. 7358\/52 disponible. Un nouveau fuselage en fibre d&rsquo;aramide extr\u00eamement optimis\u00e9 en termes de poids compl\u00e8te la mise \u00e0 jour, offre une r\u00e9sistance maximale et contribue \u00e0 des performances de vol ph\u00e9nom\u00e9nales. Tous les cadres n\u00e9cessaires \u00e0 l&rsquo;installation du train de roulement sont coup\u00e9s selon les donn\u00e9es CAO et sont inclus dans l&rsquo;ensemble. La conversion n&rsquo;a \u00e9t\u00e9 rendue possible que par un tout nouveau concept de moteur. Une turbine de 120 mm particuli\u00e8rement efficace remplace la solution d&rsquo;entra\u00eenement pr\u00e9c\u00e9dente, qui consistait en deux turbines plus petites. Ce ventilateur \u00e9lectrique enti\u00e8rement en carbone de conception enti\u00e8rement nouvelle g\u00e9n\u00e8re jusqu&rsquo;\u00e0 40 N de pouss\u00e9e statique avec la puissance moteur appropri\u00e9e. M\u00eame en utilisant des composants d&rsquo;entra\u00eenement de la plus haute qualit\u00e9, il peut \u00e9galement y avoir des \u00e9conomies de co\u00fbts par rapport \u00e0 la solution pr\u00e9c\u00e9dente. Nous recommandons Kontronik Tango 45-08 avec 28 cellules GP3000 ou GP-3300 ou Tango 45-07 avec 30 cellules comme motorisation. Avec cela, \u00e0 environ 1650 W de puissance d&rsquo;entr\u00e9e et 22 000 tr\/min. pouss\u00e9e d&rsquo;environ 36N. Comme pour le Rafale propos\u00e9 \u00e0 l&rsquo;origine (n\u00b0 de commande 1347\/00) avec deux moteurs, la turbine est facile \u00e0 installer et \u00e0 entretenir gr\u00e2ce \u00e0 la division du fuselage. La fusion du jet d&rsquo;air devant le moteur et sa division dans la zone du tube de pouss\u00e9e sont assur\u00e9es par des tuyaux de descente en GRP de forme sp\u00e9ciale a\u00e9rodynamique, fabriqu\u00e9s sur mesure et inclus dans la livraison.<br \/>\nLe kit contient:<br \/>\nUn mod\u00e8le original con\u00e7u par CAO et frais\u00e9 CNC garantit la sym\u00e9trie absolue, la pr\u00e9cision de la forme et la pr\u00e9cision dimensionnelle de la coque en aramide color\u00e9e. Les ailes du Rafale C sont en fibre de verre. Auvent embouti. Diverses pi\u00e8ces en bois. Plan de construction d\u00e9taill\u00e9 avec description du b\u00e2timent<br \/>\n<span class=\"sw-acf-field-label label-field_5dcad304d99f3\">Niveau de construction:<\/span> expert<br \/>\n<span class=\"sw-acf-field-label label-field_5dcbcb97699d1\">Demande de vol:<\/span> expert<\/p>\n<div style=\"text-align:left\" class=\"wps-pgfw-pdf-generate-icon__wrapper-frontend\">\n\t\t<a href=\"https:\/\/www.speedmodels.ch\/fr\/wp-json\/wp\/v2\/product\/20142\/?action=genpdf&amp;id=20142\" class=\"pgfw-single-pdf-download-button\" target=_blank><img src=\"https:\/\/speedmodels.ch\/wp-content\/uploads\/2021\/09\/pdf_icon.png\" title=\"G\u00e9n\u00e9rer un PDF\" style=\"width:auto; height:45px;\"><\/a>\n\t\t<\/div>","protected":false},"excerpt":{"rendered":"<p>Un nouveau fuselage en fibre d&rsquo;aramide extr\u00eamement optimis\u00e9 en termes de poids compl\u00e8te la mise \u00e0 jour, offre une r\u00e9sistance maximale et contribue \u00e0 des performances de vol ph\u00e9nom\u00e9nales. Il peut donc \u00eatre lanc\u00e9 au sol sur des pentes dures ainsi que sur des pelouses rases et plates. De cette fa\u00e7on, le mod\u00e8le \u00e0 r\u00e9action [&hellip;]<\/p>\n","protected":false},"featured_media":9662,"template":"","meta":[],"product_brand":[],"product_cat":[1652,1710,1721,1653],"product_tag":[],"class_list":{"0":"post-20142","1":"product","2":"type-product","3":"status-publish","4":"has-post-thumbnail","6":"product_cat-avions-fr","7":"product_cat-modeles","8":"product_cat-modeles-de-vol-electriques","9":"product_cat-modeles-telecommandes","11":"first","12":"instock","13":"shipping-taxable","14":"product-type-simple"},"_links":{"self":[{"href":"https:\/\/www.speedmodels.ch\/fr\/wp-json\/wp\/v2\/product\/20142","targetHints":{"allow":["GET"]}}],"collection":[{"href":"https:\/\/www.speedmodels.ch\/fr\/wp-json\/wp\/v2\/product"}],"about":[{"href":"https:\/\/www.speedmodels.ch\/fr\/wp-json\/wp\/v2\/types\/product"}],"version-history":[{"count":0,"href":"https:\/\/www.speedmodels.ch\/fr\/wp-json\/wp\/v2\/product\/20142\/revisions"}],"wp:featuredmedia":[{"embeddable":true,"href":"https:\/\/www.speedmodels.ch\/fr\/wp-json\/wp\/v2\/media\/9662"}],"wp:attachment":[{"href":"https:\/\/www.speedmodels.ch\/fr\/wp-json\/wp\/v2\/media?parent=20142"}],"wp:term":[{"taxonomy":"product_brand","embeddable":true,"href":"https:\/\/www.speedmodels.ch\/fr\/wp-json\/wp\/v2\/product_brand?post=20142"},{"taxonomy":"product_cat","embeddable":true,"href":"https:\/\/www.speedmodels.ch\/fr\/wp-json\/wp\/v2\/product_cat?post=20142"},{"taxonomy":"product_tag","embeddable":true,"href":"https:\/\/www.speedmodels.ch\/fr\/wp-json\/wp\/v2\/product_tag?post=20142"}],"curies":[{"name":"wp","href":"https:\/\/api.w.org\/{rel}","templated":true}]}}