{"id":20140,"date":"2021-11-15T14:34:34","date_gmt":"2021-11-15T14:34:34","guid":{"rendered":"https:\/\/www.speedmodels.ch\/produkte\/unkategorisiert\/typhoon\/"},"modified":"2021-11-15T14:34:34","modified_gmt":"2021-11-15T14:34:34","slug":"typhoon","status":"publish","type":"product","link":"https:\/\/www.speedmodels.ch\/fr\/produits\/modeles\/avions-fr\/modeles-telecommandes\/modeles-de-vol-electriques\/typhoon\/","title":{"rendered":"Typhoon"},"content":{"rendered":"<p>Ce kit est une r\u00e9plique fid\u00e8le \u00e0 l&rsquo;\u00e9chelle de l&rsquo;avion ultra l\u00e9ger TL32 Typhoon. Gr\u00e2ce au fuselage l\u00e9ger GfK et aux nervures d\u00e9j\u00e0 coll\u00e9es (ARC) ou aux ailes recouvertes (ARF), le mod\u00e8le est pr\u00eat \u00e0 voler dans un temps de construction relativement court. Le mod\u00e8le de vol du mod\u00e8le lanc\u00e9 au sol est \u00e0 peine inf\u00e9rieur \u00e0 celui de son plus grand mod\u00e8le de r\u00f4le.<br \/>\nLe kit contient:<br \/>\nun plan de construction d\u00e9taill\u00e9 et des instructions de construction, un fuselage en fibre de verre de couleur blanche avec des fixations d&rsquo;aile d\u00e9j\u00e0 r\u00e9sin\u00e9es en place, des surfaces de nervures pr\u00eates \u00e0 coller avec des arbres de servo int\u00e9gr\u00e9s et des ailerons pr\u00e9-usin\u00e9s (ARC) ou des ailes recouvertes de feuille ( ARF), connecteur CfK, \u00e9l\u00e9vateur et gouvernail en balsa, verri\u00e8re emboutie, train de roulement en acier \u00e0 ressort \u00e0 3 pieds avec roues, feuille de d\u00e9calcomanies et de nombreuses petites pi\u00e8ces<br \/>\n<span class=\"sw-acf-field-label label-field_5dcad304d99f3\">Niveau<\/span> de difficult\u00e9 de construction: d\u00e9butants<br \/>\nDemande de vol : a<span class=\"sw-acf-field-label label-field_5dcbcb97699d1\">vanc\u00e9<\/span><\/p>\n<div style=\"text-align:left\" class=\"wps-pgfw-pdf-generate-icon__wrapper-frontend\">\n\t\t<a href=\"https:\/\/www.speedmodels.ch\/fr\/wp-json\/wp\/v2\/product\/20140\/?action=genpdf&amp;id=20140\" class=\"pgfw-single-pdf-download-button\" target=_blank><img src=\"https:\/\/speedmodels.ch\/wp-content\/uploads\/2021\/09\/pdf_icon.png\" title=\"G\u00e9n\u00e9rer un PDF\" style=\"width:auto; height:45px;\"><\/a>\n\t\t<\/div>","protected":false},"excerpt":{"rendered":"<p>Ce kit est une r\u00e9plique fid\u00e8le \u00e0 l&rsquo;\u00e9chelle de l&rsquo;avion ultra l\u00e9ger TL32 Typhoon. Gr\u00e2ce au fuselage l\u00e9ger GfK et aux nervures d\u00e9j\u00e0 coll\u00e9es (ARC) ou aux ailes recouvertes (ARF), le mod\u00e8le est pr\u00eat \u00e0 voler dans un temps de construction relativement court. Le mod\u00e8le de vol du mod\u00e8le lanc\u00e9 au sol est \u00e0 peine [&hellip;]<\/p>\n","protected":false},"featured_media":9669,"template":"","meta":[],"product_brand":[],"product_cat":[1652,1710,1721,1653],"product_tag":[],"class_list":{"0":"post-20140","1":"product","2":"type-product","3":"status-publish","4":"has-post-thumbnail","6":"product_cat-avions-fr","7":"product_cat-modeles","8":"product_cat-modeles-de-vol-electriques","9":"product_cat-modeles-telecommandes","11":"first","12":"instock","13":"shipping-taxable","14":"product-type-simple"},"_links":{"self":[{"href":"https:\/\/www.speedmodels.ch\/fr\/wp-json\/wp\/v2\/product\/20140","targetHints":{"allow":["GET"]}}],"collection":[{"href":"https:\/\/www.speedmodels.ch\/fr\/wp-json\/wp\/v2\/product"}],"about":[{"href":"https:\/\/www.speedmodels.ch\/fr\/wp-json\/wp\/v2\/types\/product"}],"version-history":[{"count":0,"href":"https:\/\/www.speedmodels.ch\/fr\/wp-json\/wp\/v2\/product\/20140\/revisions"}],"wp:featuredmedia":[{"embeddable":true,"href":"https:\/\/www.speedmodels.ch\/fr\/wp-json\/wp\/v2\/media\/9669"}],"wp:attachment":[{"href":"https:\/\/www.speedmodels.ch\/fr\/wp-json\/wp\/v2\/media?parent=20140"}],"wp:term":[{"taxonomy":"product_brand","embeddable":true,"href":"https:\/\/www.speedmodels.ch\/fr\/wp-json\/wp\/v2\/product_brand?post=20140"},{"taxonomy":"product_cat","embeddable":true,"href":"https:\/\/www.speedmodels.ch\/fr\/wp-json\/wp\/v2\/product_cat?post=20140"},{"taxonomy":"product_tag","embeddable":true,"href":"https:\/\/www.speedmodels.ch\/fr\/wp-json\/wp\/v2\/product_tag?post=20140"}],"curies":[{"name":"wp","href":"https:\/\/api.w.org\/{rel}","templated":true}]}}