{"id":20127,"date":"2021-11-03T13:40:54","date_gmt":"2021-11-03T13:40:54","guid":{"rendered":"https:\/\/www.speedmodels.ch\/produkte\/unkategorisiert\/canadair-cl-215\/"},"modified":"2021-11-03T13:40:54","modified_gmt":"2021-11-03T13:40:54","slug":"canadair-cl-215","status":"publish","type":"product","link":"https:\/\/www.speedmodels.ch\/fr\/produits\/modeles\/avions-fr\/modeles-telecommandes\/modeles-de-vol-electriques\/canadair-cl-215\/","title":{"rendered":"Canadair CL-215"},"content":{"rendered":"<p>Le CL-415 est une r\u00e9plique \u00e0 l&rsquo;\u00e9chelle 1:19 du c\u00e9l\u00e8bre avion canadien de lutte contre les incendies, fid\u00e8le \u00e0 l&rsquo;original. Il a \u00e9t\u00e9 con\u00e7u pour \u00eatre aliment\u00e9 par deux moteurs 400 \u00e0 engrenages, aliment\u00e9s par une batterie de 10 \u00e0 12 cellules d&rsquo;une capacit\u00e9 de 1,7 Ah. Temps de vol de 10 minutes sont &#8211; si le style de vol est fid\u00e8le \u00e0 l&rsquo;original &#8211; tout \u00e0 fait possible. Pour un entra\u00eenement avec des moteurs 6 volts, nous recommandons la marque Race 400-6.0V, la bo\u00eete de vitesses pour cela est \u00e9galement disponible en pi\u00e8ces d\u00e9tach\u00e9es. L&rsquo;apparence inhabituelle &#8211; la puissante unit\u00e9 de queue avec ailerons auxiliaires et \u00ab\u00a0cigare\u00a0\u00bb, les nacelles de moteur longues et \u00e9lanc\u00e9es, les flotteurs, les ailettes et la peinture accrocheuse font que le mod\u00e8le sort des rangs des autres. Voler d\u00e9lib\u00e9r\u00e9ment prototypique \u00e0 basse altitude est tr\u00e8s amusant avec ce mod\u00e8le, car c&rsquo;est l\u00e0 que l&rsquo;extraordinaire du mod\u00e8le prend tout son sens. Le plan de construction montre l&rsquo;installation de volets d&rsquo;atterrissage, qui \u00e9largissent encore le spectre a\u00e9ronautique. Le train de roulement peut \u00eatre rapidement retir\u00e9 afin que les d\u00e9marrages dans l&rsquo;eau et dans la neige puissent \u00e9galement \u00eatre essay\u00e9s. Avec une pouss\u00e9e statique de 1,1 kg, les lancements \u00e0 la main sont \u00e9galement possibles &#8211; avec une masse au d\u00e9collage de plus de 2 kg ! L&rsquo;aile nervur\u00e9e est continue, tout comme le stabilisateur horizontal. Le fuselage est en construction GfK-Styro-GfK, les d\u00e9rives (renforc\u00e9es avec du Styro), les d\u00e9rives auxiliaires et les nacelles moteurs sont en GfK. Les flotteurs et les winglets sont amovibles. L&rsquo;acc\u00e8s au changement de pile se fait par une large ouverture.<\/p>\n<div id=\"field_5dcad304d99f3\" class=\"type-text vc_sw-acf vc_sw-align-left field_5dcad304d99f3\"><span class=\"sw-acf-field-label label-field_5dcad304d99f3\">Niveau de construction:<\/span> expert<\/div>\n<div id=\"field_5dcbcb97699d1\" class=\"type-text vc_sw-acf vc_sw-align-left field_5dcbcb97699d1\">Demande de vol : a<span class=\"sw-acf-field-label label-field_5dcbcb97699d1\">vanc\u00e9<\/span><\/div>\n<p>&nbsp;<\/p>\n<div style=\"text-align:left\" class=\"wps-pgfw-pdf-generate-icon__wrapper-frontend\">\n\t\t<a href=\"https:\/\/www.speedmodels.ch\/fr\/wp-json\/wp\/v2\/product\/20127\/?action=genpdf&amp;id=20127\" class=\"pgfw-single-pdf-download-button\" target=_blank><img src=\"https:\/\/speedmodels.ch\/wp-content\/uploads\/2021\/09\/pdf_icon.png\" title=\"G\u00e9n\u00e9rer un PDF\" style=\"width:auto; height:45px;\"><\/a>\n\t\t<\/div>","protected":false},"excerpt":{"rendered":"<p>Le CL-415 est une r\u00e9plique \u00e0 l&rsquo;\u00e9chelle 1:19 du c\u00e9l\u00e8bre avion canadien de lutte contre les incendies, fid\u00e8le \u00e0 l&rsquo;original. Il a \u00e9t\u00e9 con\u00e7u pour \u00eatre aliment\u00e9 par deux moteurs 400 \u00e0 engrenages, aliment\u00e9s par une batterie de 10 \u00e0 12 cellules d&rsquo;une capacit\u00e9 de 1,7 Ah. Temps de vol de 10 minutes sont &#8211; [&hellip;]<\/p>\n","protected":false},"featured_media":9617,"template":"","meta":[],"product_brand":[],"product_cat":[1652,1710,1721,1653],"product_tag":[],"class_list":{"0":"post-20127","1":"product","2":"type-product","3":"status-publish","4":"has-post-thumbnail","6":"product_cat-avions-fr","7":"product_cat-modeles","8":"product_cat-modeles-de-vol-electriques","9":"product_cat-modeles-telecommandes","11":"first","12":"instock","13":"shipping-taxable","14":"product-type-simple"},"_links":{"self":[{"href":"https:\/\/www.speedmodels.ch\/fr\/wp-json\/wp\/v2\/product\/20127","targetHints":{"allow":["GET"]}}],"collection":[{"href":"https:\/\/www.speedmodels.ch\/fr\/wp-json\/wp\/v2\/product"}],"about":[{"href":"https:\/\/www.speedmodels.ch\/fr\/wp-json\/wp\/v2\/types\/product"}],"version-history":[{"count":0,"href":"https:\/\/www.speedmodels.ch\/fr\/wp-json\/wp\/v2\/product\/20127\/revisions"}],"wp:featuredmedia":[{"embeddable":true,"href":"https:\/\/www.speedmodels.ch\/fr\/wp-json\/wp\/v2\/media\/9617"}],"wp:attachment":[{"href":"https:\/\/www.speedmodels.ch\/fr\/wp-json\/wp\/v2\/media?parent=20127"}],"wp:term":[{"taxonomy":"product_brand","embeddable":true,"href":"https:\/\/www.speedmodels.ch\/fr\/wp-json\/wp\/v2\/product_brand?post=20127"},{"taxonomy":"product_cat","embeddable":true,"href":"https:\/\/www.speedmodels.ch\/fr\/wp-json\/wp\/v2\/product_cat?post=20127"},{"taxonomy":"product_tag","embeddable":true,"href":"https:\/\/www.speedmodels.ch\/fr\/wp-json\/wp\/v2\/product_tag?post=20127"}],"curies":[{"name":"wp","href":"https:\/\/api.w.org\/{rel}","templated":true}]}}