{"id":20126,"date":"2021-11-03T13:29:15","date_gmt":"2021-11-03T13:29:15","guid":{"rendered":"https:\/\/www.speedmodels.ch\/produkte\/unkategorisiert\/grob-g-109\/"},"modified":"2021-11-03T13:29:15","modified_gmt":"2021-11-03T13:29:15","slug":"grob-g-109","status":"publish","type":"product","link":"https:\/\/www.speedmodels.ch\/fr\/produits\/modeles\/avions-fr\/modeles-telecommandes\/modeles-a-moteur-thermique\/grob-g-109\/","title":{"rendered":"Grob G 109"},"content":{"rendered":"<p>Le mod\u00e8le RC G 109 est une r\u00e9plique exacte (\u00e9chelle 1:6) du planeur \u00e0 moteur GRP biplace G 109 de l&rsquo;usine Grob de Mindelheim\/Bay. Apr\u00e8s un temps de construction incroyablement court de 21 semaines, le prototype de la nouvelle g\u00e9n\u00e9ration de motoplaneurs a \u00e9t\u00e9 pr\u00e9sent\u00e9 pr\u00eat \u00e0 voler le 14 mars 1980. Les excellentes performances de vol de la machine d&rsquo;origine ont pu \u00eatre transf\u00e9r\u00e9es au mod\u00e8le RC, ainsi que les bonnes caract\u00e9ristiques de d\u00e9collage et d&rsquo;atterrissage. Le mod\u00e8le est particuli\u00e8rement adapt\u00e9 \u00e0 l&rsquo;installation de moteurs 4 temps jusqu&rsquo;\u00e0 environ 7,5 ccm de cylindr\u00e9e ; mais des moteurs \u00e9lectriques avec ou sans engrenages peuvent \u00e9galement \u00eatre install\u00e9s dans la coque l\u00e9g\u00e8re en GRP. Tous les \u00e9l\u00e9ments internes sont facilement accessibles lorsque la verri\u00e8re est retir\u00e9e. Le mod\u00e8le ne laisse \u00e9galement rien \u00e0 d\u00e9sirer en termes de \u00ab\u00a0travaux de maintenance\u00a0\u00bb.<br \/>\nLe kit contient:<br \/>\nPlan de montage, fuselage en GRP, pi\u00e8ces en ABS, verri\u00e8re, ailes entoil\u00e9es enAbachi, train d&rsquo;atterissage, roues, tous les petits pi\u00e8ces pour le montage de la commande, d\u00e9calcomanie.<\/p>\n<div id=\"field_5dcad304d99f3\" class=\"type-text vc_sw-acf vc_sw-align-left field_5dcad304d99f3\">Difficult\u00e9 de construction : <span class=\"sw-acf-field-label label-field_5dcad304d99f3\">Avanc\u00e9<\/span><\/div>\n<div id=\"field_5dcbcb97699d1\" class=\"type-text vc_sw-acf vc_sw-align-left field_5dcbcb97699d1\">Demande de vol : a<span class=\"sw-acf-field-label label-field_5dcbcb97699d1\">vanc\u00e9<\/span><\/div>\n<div style=\"text-align:left\" class=\"wps-pgfw-pdf-generate-icon__wrapper-frontend\">\n\t\t<a href=\"https:\/\/www.speedmodels.ch\/fr\/wp-json\/wp\/v2\/product\/20126\/?action=genpdf&amp;id=20126\" class=\"pgfw-single-pdf-download-button\" target=_blank><img src=\"https:\/\/speedmodels.ch\/wp-content\/uploads\/2021\/09\/pdf_icon.png\" title=\"G\u00e9n\u00e9rer un PDF\" style=\"width:auto; height:45px;\"><\/a>\n\t\t<\/div>","protected":false},"excerpt":{"rendered":"<p>Le mod\u00e8le RC G 109 est une r\u00e9plique exacte (\u00e9chelle 1:6) du planeur \u00e0 moteur GRP biplace G 109 de l&rsquo;usine Grob de Mindelheim\/Bay. Apr\u00e8s un temps de construction incroyablement court de 21 semaines, le prototype de la nouvelle g\u00e9n\u00e9ration de motoplaneurs a \u00e9t\u00e9 pr\u00e9sent\u00e9 pr\u00eat \u00e0 voler le 14 mars 1980. Les excellentes performances [&hellip;]<\/p>\n","protected":false},"featured_media":9611,"template":"","meta":[],"product_brand":[],"product_cat":[1652,1710,1722,1721,1653],"product_tag":[],"class_list":{"0":"post-20126","1":"product","2":"type-product","3":"status-publish","4":"has-post-thumbnail","6":"product_cat-avions-fr","7":"product_cat-modeles","8":"product_cat-modeles-a-moteur-thermique","9":"product_cat-modeles-de-vol-electriques","10":"product_cat-modeles-telecommandes","12":"first","13":"instock","14":"shipping-taxable","15":"product-type-simple"},"_links":{"self":[{"href":"https:\/\/www.speedmodels.ch\/fr\/wp-json\/wp\/v2\/product\/20126","targetHints":{"allow":["GET"]}}],"collection":[{"href":"https:\/\/www.speedmodels.ch\/fr\/wp-json\/wp\/v2\/product"}],"about":[{"href":"https:\/\/www.speedmodels.ch\/fr\/wp-json\/wp\/v2\/types\/product"}],"version-history":[{"count":0,"href":"https:\/\/www.speedmodels.ch\/fr\/wp-json\/wp\/v2\/product\/20126\/revisions"}],"wp:featuredmedia":[{"embeddable":true,"href":"https:\/\/www.speedmodels.ch\/fr\/wp-json\/wp\/v2\/media\/9611"}],"wp:attachment":[{"href":"https:\/\/www.speedmodels.ch\/fr\/wp-json\/wp\/v2\/media?parent=20126"}],"wp:term":[{"taxonomy":"product_brand","embeddable":true,"href":"https:\/\/www.speedmodels.ch\/fr\/wp-json\/wp\/v2\/product_brand?post=20126"},{"taxonomy":"product_cat","embeddable":true,"href":"https:\/\/www.speedmodels.ch\/fr\/wp-json\/wp\/v2\/product_cat?post=20126"},{"taxonomy":"product_tag","embeddable":true,"href":"https:\/\/www.speedmodels.ch\/fr\/wp-json\/wp\/v2\/product_tag?post=20126"}],"curies":[{"name":"wp","href":"https:\/\/api.w.org\/{rel}","templated":true}]}}