{"id":20125,"date":"2021-11-03T13:35:27","date_gmt":"2021-11-03T13:35:27","guid":{"rendered":"https:\/\/www.speedmodels.ch\/produkte\/unkategorisiert\/heinkel-he-219-uhu\/"},"modified":"2021-11-03T13:35:27","modified_gmt":"2021-11-03T13:35:27","slug":"heinkel-he-219-uhu","status":"publish","type":"product","link":"https:\/\/www.speedmodels.ch\/fr\/produits\/modeles\/avions-fr\/modeles-telecommandes\/modeles-de-vol-electriques\/heinkel-he-219-uhu\/","title":{"rendered":"Heinkel He 219 Uhu"},"content":{"rendered":"<p>Cette r\u00e9plique d&rsquo;un chasseur de nuit allemand de la Seconde Guerre mondiale a \u00e9t\u00e9 d\u00e9velopp\u00e9e, sur la base de l&rsquo;exp\u00e9rience convaincante avec \u00ab\u00a0Skyraider\u00a0\u00bb, pour \u00eatre propuls\u00e9e par deux moteurs 400 \u00e0 engrenages, aliment\u00e9s par une batterie 10 cellules d&rsquo;une capacit\u00e9 de 1,7 Ah. En termes de vol, ce mod\u00e8le est un r\u00e9gal &#8211; beau, rapide, maniable et pourtant facile \u00e0 piloter. Les constructeurs de mod\u00e8les exp\u00e9riment\u00e9s qui aiment exp\u00e9rimenter peuvent augmenter les performances du mod\u00e8le en utilisant 12 cellules &#8211; voir \u00ab Lecteurs appropri\u00e9s \u00bb. Avec une envergure de 1400 mm, les deux grandes nacelles moteurs et la double d\u00e9rive, l&rsquo;aile a \u00e9t\u00e9 con\u00e7ue pour \u00eatre d\u00e9montable. Avec les pi\u00e8ces en ABS (capotage, transition fuselage-aile, moteur-nacelle-aile) une grande importance a \u00e9t\u00e9 accord\u00e9e \u00e0 la pr\u00e9cision de montage. La verri\u00e8re transparente du cockpit porte les lignes de marquage du cadre m\u00e9tallique de la machine d&rsquo;origine. Le fuselage en fibre de verre et les nacelles moteurs, \u00e9galement en fibre de verre, sont extr\u00eamement l\u00e9gers. L&rsquo;aile et la queue sont en balsa, avec de nombreuses positions usin\u00e9es avec pr\u00e9cision. Le papier est fourni comme rev\u00eatement &#8211; ne serait-ce qu&rsquo;\u00e0 cause de la peinture de camouflage. Le train d&rsquo;atterrissage a \u00e9t\u00e9 d\u00e9lib\u00e9r\u00e9ment omis, car le poids suppl\u00e9mentaire et, surtout, la r\u00e9sistance \u00e9lev\u00e9e \u00e0 l&rsquo;air auraient un effet n\u00e9gatif sur les caract\u00e9ristiques de vol. Avec une pouss\u00e9e statique sup\u00e9rieure \u00e0 1 kg (selon la motorisation), les d\u00e9marrages manuels ne posent aucun probl\u00e8me. La batterie peut \u00eatre chang\u00e9e via la verri\u00e8re amovible.<\/p>\n<div id=\"field_5dcad304d99f3\" class=\"type-text vc_sw-acf vc_sw-align-left field_5dcad304d99f3\">Difficult\u00e9 de construction : <span class=\"sw-acf-field-label label-field_5dcad304d99f3\">Avanc\u00e9<\/span><\/div>\n<div id=\"field_5dcbcb97699d1\" class=\"type-text vc_sw-acf vc_sw-align-left field_5dcbcb97699d1\">Demande de vol : a<span class=\"sw-acf-field-label label-field_5dcbcb97699d1\">vanc\u00e9<\/span><\/div>\n<div style=\"text-align:left\" class=\"wps-pgfw-pdf-generate-icon__wrapper-frontend\">\n\t\t<a href=\"https:\/\/www.speedmodels.ch\/fr\/wp-json\/wp\/v2\/product\/20125\/?action=genpdf&amp;id=20125\" class=\"pgfw-single-pdf-download-button\" target=_blank><img src=\"https:\/\/speedmodels.ch\/wp-content\/uploads\/2021\/09\/pdf_icon.png\" title=\"G\u00e9n\u00e9rer un PDF\" style=\"width:auto; height:45px;\"><\/a>\n\t\t<\/div>","protected":false},"excerpt":{"rendered":"<p>Cette r\u00e9plique d&rsquo;un chasseur de nuit allemand de la Seconde Guerre mondiale a \u00e9t\u00e9 d\u00e9velopp\u00e9e, sur la base de l&rsquo;exp\u00e9rience convaincante avec \u00ab\u00a0Skyraider\u00a0\u00bb, pour \u00eatre propuls\u00e9e par deux moteurs 400 \u00e0 engrenages, aliment\u00e9s par une batterie 10 cellules d&rsquo;une capacit\u00e9 de 1,7 Ah. En termes de vol, ce mod\u00e8le est un r\u00e9gal &#8211; beau, rapide, [&hellip;]<\/p>\n","protected":false},"featured_media":9615,"template":"","meta":[],"product_brand":[],"product_cat":[1652,1710,1721,1653],"product_tag":[],"class_list":{"0":"post-20125","1":"product","2":"type-product","3":"status-publish","4":"has-post-thumbnail","6":"product_cat-avions-fr","7":"product_cat-modeles","8":"product_cat-modeles-de-vol-electriques","9":"product_cat-modeles-telecommandes","11":"first","12":"instock","13":"shipping-taxable","14":"product-type-simple"},"_links":{"self":[{"href":"https:\/\/www.speedmodels.ch\/fr\/wp-json\/wp\/v2\/product\/20125","targetHints":{"allow":["GET"]}}],"collection":[{"href":"https:\/\/www.speedmodels.ch\/fr\/wp-json\/wp\/v2\/product"}],"about":[{"href":"https:\/\/www.speedmodels.ch\/fr\/wp-json\/wp\/v2\/types\/product"}],"version-history":[{"count":0,"href":"https:\/\/www.speedmodels.ch\/fr\/wp-json\/wp\/v2\/product\/20125\/revisions"}],"wp:featuredmedia":[{"embeddable":true,"href":"https:\/\/www.speedmodels.ch\/fr\/wp-json\/wp\/v2\/media\/9615"}],"wp:attachment":[{"href":"https:\/\/www.speedmodels.ch\/fr\/wp-json\/wp\/v2\/media?parent=20125"}],"wp:term":[{"taxonomy":"product_brand","embeddable":true,"href":"https:\/\/www.speedmodels.ch\/fr\/wp-json\/wp\/v2\/product_brand?post=20125"},{"taxonomy":"product_cat","embeddable":true,"href":"https:\/\/www.speedmodels.ch\/fr\/wp-json\/wp\/v2\/product_cat?post=20125"},{"taxonomy":"product_tag","embeddable":true,"href":"https:\/\/www.speedmodels.ch\/fr\/wp-json\/wp\/v2\/product_tag?post=20125"}],"curies":[{"name":"wp","href":"https:\/\/api.w.org\/{rel}","templated":true}]}}