{"id":20124,"date":"2021-11-03T13:48:23","date_gmt":"2021-11-03T13:48:23","guid":{"rendered":"https:\/\/www.speedmodels.ch\/produkte\/unkategorisiert\/katana-dv-20\/"},"modified":"2023-02-06T15:08:14","modified_gmt":"2023-02-06T15:08:14","slug":"katana-dv-20","status":"publish","type":"product","link":"https:\/\/www.speedmodels.ch\/fr\/produits\/modeles\/avions-fr\/modeles-telecommandes\/modeles-de-vol-electriques\/katana-dv-20\/","title":{"rendered":"Katana DV 20"},"content":{"rendered":"<p>Le katana (= \u00e9p\u00e9e de samoura\u00ef) est un excellent exemple de d\u00e9veloppement rationnel d&rsquo;un type d&rsquo;avion r\u00e9ussi, le Super Dimona, adapt\u00e9 aux exigences du march\u00e9, un avion \u00e0 moteur l\u00e9ger impressionnant par sa beaut\u00e9 et ses performances. Le prototype a vol\u00e9 pour la premi\u00e8re fois le 16 mars 1991, fuselage et empennage toujours du Super Dimona HK 36R (moteur Rotax). Le premier DV 20 de la s\u00e9rie est alors arriv\u00e9 en d\u00e9cembre 1992. La machine est, bien s\u00fbr, enti\u00e8rement fabriqu\u00e9e en composite de fibres de verre \u2013 avec tous les avantages de cette technologie. Le poids inf\u00e9rieur des cellules, l&rsquo;excellente a\u00e9rodynamique et les performances de vol qui en r\u00e9sultent les ont rendus populaires sur le march\u00e9 nord-am\u00e9ricain avec une rapidit\u00e9 inhabituelle. Voler avec le katana est totalement sans probl\u00e8me. Il peut \u00eatre pilot\u00e9 assez rapidement, mais est intrins\u00e8quement stable et absolument non critique. Il est contr\u00f4l\u00e9 via la gouverne de profondeur, le gouvernail et les ailerons. La commande des ailerons s&rsquo;effectue via deux servos dans les moiti\u00e9s d&rsquo;aile (micro), de sorte que la diff\u00e9renciation peut \u00eatre programm\u00e9e exactement du c\u00f4t\u00e9 de l&rsquo;\u00e9metteur. La plus belle chose est de voler jusqu&rsquo;\u00e0 une hauteur d&rsquo;environ 20 m et \u00e0 mi-r\u00e9gime. Les acrobaties a\u00e9riennes simples sont facilement possibles, mais &#8211; Katana est plus une machine \u00e0 voyager ! Le kit est en grande partie pr\u00e9fabriqu\u00e9, seule la coque doit \u00eatre compl\u00e9t\u00e9e par l&rsquo;installation de pi\u00e8ces en bois. Le cadre du cockpit compl\u00e8te un tableau de bord et un int\u00e9rieur en ABS, ainsi qu&rsquo;un \u00e9l\u00e9gant auvent en plastique transparent. Le train d&rsquo;atterrissage principal est en deux parties en GfK, des car\u00e9nages de roue en ABS. L&rsquo;acc\u00e8s au remplacement de la batterie et \u00e0 la t\u00e9l\u00e9commande se fait via la verri\u00e8re amovible avec cockpit.<br \/>\nLe kit contient:<br \/>\nInstructions de construction d\u00e9taill\u00e9es avec photos de l&rsquo;\u00e9tape de construction, plans d\u00e9taill\u00e9s avec installation RC, fuselage et capot moteur en GfK, moiti\u00e9s d&rsquo;aile pr\u00eates \u00e0 l&#8217;emploi en construction nervur\u00e9e, stabilisateur horizontal avec gouvernail, gouvernail, pi\u00e8ces estamp\u00e9es en contreplaqu\u00e9 de 3 mm, ch\u00e2ssis en aluminium, cadre de cockpit, tableau de bord, int\u00e9rieur de cockpit, passages de roues en ABS, verri\u00e8re transparente, roues, petites pi\u00e8ces et feuille de d\u00e9calcomanies.<br \/>\nDifficult\u00e9 de construction : <span class=\"sw-acf-field-label label-field_5dcad304d99f3\">Avanc\u00e9<\/span><br \/>\nDemande de vol : a<span class=\"sw-acf-field-label label-field_5dcbcb97699d1\">vanc\u00e9<\/span><\/p>\n<div style=\"text-align:left\" class=\"wps-pgfw-pdf-generate-icon__wrapper-frontend\">\n\t\t<a href=\"https:\/\/www.speedmodels.ch\/fr\/wp-json\/wp\/v2\/product\/20124\/?action=genpdf&amp;id=20124\" class=\"pgfw-single-pdf-download-button\" target=_blank><img src=\"https:\/\/speedmodels.ch\/wp-content\/uploads\/2021\/09\/pdf_icon.png\" title=\"G\u00e9n\u00e9rer un PDF\" style=\"width:auto; height:45px;\"><\/a>\n\t\t<\/div>","protected":false},"excerpt":{"rendered":"<p>Le katana (= \u00e9p\u00e9e de samoura\u00ef) est un excellent exemple de d\u00e9veloppement rationnel d&rsquo;un type d&rsquo;avion r\u00e9ussi, le Super Dimona, adapt\u00e9 aux exigences du march\u00e9, un avion \u00e0 moteur l\u00e9ger impressionnant par sa beaut\u00e9 et ses performances. Le prototype a vol\u00e9 pour la premi\u00e8re fois le 16 mars 1991, fuselage et empennage toujours du Super [&hellip;]<\/p>\n","protected":false},"featured_media":9619,"template":"","meta":[],"product_brand":[],"product_cat":[1652,1710,1721,1653],"product_tag":[],"class_list":{"0":"post-20124","1":"product","2":"type-product","3":"status-publish","4":"has-post-thumbnail","6":"product_cat-avions-fr","7":"product_cat-modeles","8":"product_cat-modeles-de-vol-electriques","9":"product_cat-modeles-telecommandes","11":"first","12":"instock","13":"shipping-taxable","14":"product-type-simple"},"_links":{"self":[{"href":"https:\/\/www.speedmodels.ch\/fr\/wp-json\/wp\/v2\/product\/20124","targetHints":{"allow":["GET"]}}],"collection":[{"href":"https:\/\/www.speedmodels.ch\/fr\/wp-json\/wp\/v2\/product"}],"about":[{"href":"https:\/\/www.speedmodels.ch\/fr\/wp-json\/wp\/v2\/types\/product"}],"version-history":[{"count":0,"href":"https:\/\/www.speedmodels.ch\/fr\/wp-json\/wp\/v2\/product\/20124\/revisions"}],"wp:featuredmedia":[{"embeddable":true,"href":"https:\/\/www.speedmodels.ch\/fr\/wp-json\/wp\/v2\/media\/9619"}],"wp:attachment":[{"href":"https:\/\/www.speedmodels.ch\/fr\/wp-json\/wp\/v2\/media?parent=20124"}],"wp:term":[{"taxonomy":"product_brand","embeddable":true,"href":"https:\/\/www.speedmodels.ch\/fr\/wp-json\/wp\/v2\/product_brand?post=20124"},{"taxonomy":"product_cat","embeddable":true,"href":"https:\/\/www.speedmodels.ch\/fr\/wp-json\/wp\/v2\/product_cat?post=20124"},{"taxonomy":"product_tag","embeddable":true,"href":"https:\/\/www.speedmodels.ch\/fr\/wp-json\/wp\/v2\/product_tag?post=20124"}],"curies":[{"name":"wp","href":"https:\/\/api.w.org\/{rel}","templated":true}]}}