{"id":20123,"date":"2021-11-03T13:58:11","date_gmt":"2021-11-03T13:58:11","guid":{"rendered":"https:\/\/www.speedmodels.ch\/produkte\/unkategorisiert\/super-dimona-tc-80\/"},"modified":"2023-02-06T15:08:05","modified_gmt":"2023-02-06T15:08:05","slug":"super-dimona-tc-80","status":"publish","type":"product","link":"https:\/\/www.speedmodels.ch\/fr\/produits\/modeles\/avions-fr\/modeles-telecommandes\/modeles-de-vol-electriques\/super-dimona-tc-80\/","title":{"rendered":"Super Dimona TC-80"},"content":{"rendered":"<p>Un mod\u00e8le de vol \u00e9lectrique RC prototypique pour 4 canaux. Le Super Dimona est l&rsquo;incarnation de l&rsquo;\u00e9l\u00e9gance, de la technologie de pointe et des performances de vol. Le prototype, le Dimona H36, a \u00e9t\u00e9 construit \u00e0 Dachau pr\u00e8s de Munich &#8211; un d\u00e9veloppement par l&rsquo;ing\u00e9nieur W.D. Hoffmann. Voler avec le Super Dimona est totalement sans probl\u00e8me, il vole par nature stable et absolument sans critique. Il est contr\u00f4l\u00e9 via la gouverne de profondeur, le gouvernail et les ailerons. La commande des ailerons se fait via deux servos (micro) int\u00e9gr\u00e9s dans les ailes, de sorte que la diff\u00e9renciation peut \u00eatre programm\u00e9e exactement du c\u00f4t\u00e9 de l&rsquo;\u00e9metteur ! La plus belle chose est probablement de voler jusqu&rsquo;\u00e0 20 m de haut, \u00e0 mi-r\u00e9gime, c&rsquo;est la meilleure fa\u00e7on de profiter de la beaut\u00e9 &#8211; accompagn\u00e9 du son subtil de la bo\u00eete de vitesses. Le kit est en grande partie pr\u00e9fabriqu\u00e9, seule la coque doit \u00eatre compl\u00e9t\u00e9e par l&rsquo;installation de pi\u00e8ces en bois. Le train d&rsquo;atterrissage principal est en deux parties en GfK, des car\u00e9nages de roue en ABS. L&rsquo;acc\u00e8s au remplacement de la batterie et \u00e0 la t\u00e9l\u00e9commande se fait via la verri\u00e8re amovible avec cockpit.<br \/>\nLe kit contient:<br \/>\nInstructions de montage d\u00e9taill\u00e9es avec photos de l&rsquo;\u00e9tape de construction, plans de construction d\u00e9taill\u00e9s avec installation RC, fuselage et capot moteur en fibre de verre, coques d&rsquo;aile pr\u00eates \u00e0 \u00eatre construites en construction nervur\u00e9e, stabilisateur horizontal avec gouvernail, gouvernail, pi\u00e8ces embouties en 3 mm contreplaqu\u00e9, train d&rsquo;atterrissage en aluminium, cadre de cockpit, tableau de bord, int\u00e9rieur de cockpit, gu\u00eatres de roue ABS, verri\u00e8re transparente, roues, diverses petites pi\u00e8ces, d\u00e9cor.<br \/>\nDifficult\u00e9 de construction : <span class=\"sw-acf-field-label label-field_5dcad304d99f3\">Avanc\u00e9<\/span><br \/>\nDemande de vol : a<span class=\"sw-acf-field-label label-field_5dcbcb97699d1\">vanc\u00e9<\/span><\/p>\n<div style=\"text-align:left\" class=\"wps-pgfw-pdf-generate-icon__wrapper-frontend\">\n\t\t<a href=\"https:\/\/www.speedmodels.ch\/fr\/wp-json\/wp\/v2\/product\/20123\/?action=genpdf&amp;id=20123\" class=\"pgfw-single-pdf-download-button\" target=_blank><img src=\"https:\/\/speedmodels.ch\/wp-content\/uploads\/2021\/09\/pdf_icon.png\" title=\"G\u00e9n\u00e9rer un PDF\" style=\"width:auto; height:45px;\"><\/a>\n\t\t<\/div>","protected":false},"excerpt":{"rendered":"<p>Un mod\u00e8le de vol \u00e9lectrique RC prototypique pour 4 canaux. Le Super Dimona est l&rsquo;incarnation de l&rsquo;\u00e9l\u00e9gance, de la technologie de pointe et des performances de vol. Le prototype, le Dimona H36, a \u00e9t\u00e9 construit \u00e0 Dachau pr\u00e8s de Munich &#8211; un d\u00e9veloppement par l&rsquo;ing\u00e9nieur W.D. Hoffmann. Voler avec le Super Dimona est totalement sans [&hellip;]<\/p>\n","protected":false},"featured_media":9621,"template":"","meta":[],"product_brand":[],"product_cat":[1652,1710,1721,1653],"product_tag":[],"class_list":{"0":"post-20123","1":"product","2":"type-product","3":"status-publish","4":"has-post-thumbnail","6":"product_cat-avions-fr","7":"product_cat-modeles","8":"product_cat-modeles-de-vol-electriques","9":"product_cat-modeles-telecommandes","11":"first","12":"instock","13":"shipping-taxable","14":"product-type-simple"},"_links":{"self":[{"href":"https:\/\/www.speedmodels.ch\/fr\/wp-json\/wp\/v2\/product\/20123","targetHints":{"allow":["GET"]}}],"collection":[{"href":"https:\/\/www.speedmodels.ch\/fr\/wp-json\/wp\/v2\/product"}],"about":[{"href":"https:\/\/www.speedmodels.ch\/fr\/wp-json\/wp\/v2\/types\/product"}],"version-history":[{"count":0,"href":"https:\/\/www.speedmodels.ch\/fr\/wp-json\/wp\/v2\/product\/20123\/revisions"}],"wp:featuredmedia":[{"embeddable":true,"href":"https:\/\/www.speedmodels.ch\/fr\/wp-json\/wp\/v2\/media\/9621"}],"wp:attachment":[{"href":"https:\/\/www.speedmodels.ch\/fr\/wp-json\/wp\/v2\/media?parent=20123"}],"wp:term":[{"taxonomy":"product_brand","embeddable":true,"href":"https:\/\/www.speedmodels.ch\/fr\/wp-json\/wp\/v2\/product_brand?post=20123"},{"taxonomy":"product_cat","embeddable":true,"href":"https:\/\/www.speedmodels.ch\/fr\/wp-json\/wp\/v2\/product_cat?post=20123"},{"taxonomy":"product_tag","embeddable":true,"href":"https:\/\/www.speedmodels.ch\/fr\/wp-json\/wp\/v2\/product_tag?post=20123"}],"curies":[{"name":"wp","href":"https:\/\/api.w.org\/{rel}","templated":true}]}}