{"id":20119,"date":"2021-11-03T14:19:58","date_gmt":"2021-11-03T14:19:58","guid":{"rendered":"https:\/\/www.speedmodels.ch\/produkte\/unkategorisiert\/buecker-bue-133-jungmeister\/"},"modified":"2023-02-06T10:56:45","modified_gmt":"2023-02-06T10:56:45","slug":"buecker-bue-133-jungmeister","status":"publish","type":"product","link":"https:\/\/www.speedmodels.ch\/fr\/produits\/modeles\/avions-fr\/modeles-telecommandes\/modeles-de-vol-electriques\/buecker-bue-133-jungmeister\/","title":{"rendered":"B\u00fccker B\u00fc 133 Jungmeister"},"content":{"rendered":"<p>La maquette \u00e0 l&rsquo;\u00e9chelle 1:6 du B\u00fc 133 C est con\u00e7ue pour la propulsion \u00e9lectrique. Dans cette version, le mod\u00e8le B\u00fc 133 C peut \u00eatre utilis\u00e9 pour effectuer des boucles en vol horizontal, en roulis, en vrille et en vol invers\u00e9. Les d\u00e9collages et les atterrissages sont faciles. En raison de ses caract\u00e9ristiques de vol, le petit Jungmeister ressemble beaucoup \u00e0 son mod\u00e8le et apporte au pilote exp\u00e9riment\u00e9 de belles exp\u00e9riences de vol. Le contr\u00f4le se fait via le gouvernail, la gouverne de profondeur, les ailerons et le moteur. Les ailerons sont situ\u00e9s sur l&rsquo;aile sup\u00e9rieure et inf\u00e9rieure et sont reli\u00e9s par une tige. Des micro-servos pour contr\u00f4ler les ailerons sont situ\u00e9s dans l&rsquo;aile inf\u00e9rieure.<br \/>\nContenue du kit:<br \/>\nInstructions de construction d\u00e9taill\u00e9es, plans d\u00e9taill\u00e9s avec installation RC, fuselage GRP et capot GRP avec indication r\u00e9aliste des joints bout \u00e0 bout en t\u00f4le, coque d&rsquo;aile en construction classique en bois de balsa, empennage en balsa pr\u00eat \u00e0 l&#8217;emploi et aileron en construction Web, pi\u00e8ces embouties en ABS (mannequin de moteur radial, ailes, tuyaux d&rsquo;\u00e9chappement, pare-brise, cockpit), pi\u00e8ces en fil pr\u00e9-pli\u00e9 pour train d&rsquo;atterrissage et verri\u00e8re, pi\u00e8ces laser en contreplaqu\u00e9, roues, petites pi\u00e8ces et feuille de d\u00e9calcomanie.<br \/>\n<span class=\"sw-acf-field-label label-field_5dcad304d99f3\">Niveau de construction:<\/span> expert<br \/>\nDemande de vol : a<span class=\"sw-acf-field-label label-field_5dcbcb97699d1\">vanc\u00e9<\/span><\/p>\n<div style=\"text-align:left\" class=\"wps-pgfw-pdf-generate-icon__wrapper-frontend\">\n\t\t<a href=\"https:\/\/www.speedmodels.ch\/fr\/wp-json\/wp\/v2\/product\/20119\/?action=genpdf&amp;id=20119\" class=\"pgfw-single-pdf-download-button\" target=_blank><img src=\"https:\/\/speedmodels.ch\/wp-content\/uploads\/2021\/09\/pdf_icon.png\" title=\"G\u00e9n\u00e9rer un PDF\" style=\"width:auto; height:45px;\"><\/a>\n\t\t<\/div>","protected":false},"excerpt":{"rendered":"<p>La maquette \u00e0 l&rsquo;\u00e9chelle 1:6 du B\u00fc 133 C est con\u00e7ue pour la propulsion \u00e9lectrique. Dans cette version, le mod\u00e8le B\u00fc 133 C peut \u00eatre utilis\u00e9 pour effectuer des boucles en vol horizontal, en roulis, en vrille et en vol invers\u00e9. Les d\u00e9collages et les atterrissages sont faciles. En raison de ses caract\u00e9ristiques de vol, [&hellip;]<\/p>\n","protected":false},"featured_media":9628,"template":"","meta":[],"product_brand":[],"product_cat":[1652,1710,1721,1653],"product_tag":[],"class_list":{"0":"post-20119","1":"product","2":"type-product","3":"status-publish","4":"has-post-thumbnail","6":"product_cat-avions-fr","7":"product_cat-modeles","8":"product_cat-modeles-de-vol-electriques","9":"product_cat-modeles-telecommandes","11":"first","12":"instock","13":"shipping-taxable","14":"product-type-simple"},"_links":{"self":[{"href":"https:\/\/www.speedmodels.ch\/fr\/wp-json\/wp\/v2\/product\/20119","targetHints":{"allow":["GET"]}}],"collection":[{"href":"https:\/\/www.speedmodels.ch\/fr\/wp-json\/wp\/v2\/product"}],"about":[{"href":"https:\/\/www.speedmodels.ch\/fr\/wp-json\/wp\/v2\/types\/product"}],"version-history":[{"count":0,"href":"https:\/\/www.speedmodels.ch\/fr\/wp-json\/wp\/v2\/product\/20119\/revisions"}],"wp:featuredmedia":[{"embeddable":true,"href":"https:\/\/www.speedmodels.ch\/fr\/wp-json\/wp\/v2\/media\/9628"}],"wp:attachment":[{"href":"https:\/\/www.speedmodels.ch\/fr\/wp-json\/wp\/v2\/media?parent=20119"}],"wp:term":[{"taxonomy":"product_brand","embeddable":true,"href":"https:\/\/www.speedmodels.ch\/fr\/wp-json\/wp\/v2\/product_brand?post=20119"},{"taxonomy":"product_cat","embeddable":true,"href":"https:\/\/www.speedmodels.ch\/fr\/wp-json\/wp\/v2\/product_cat?post=20119"},{"taxonomy":"product_tag","embeddable":true,"href":"https:\/\/www.speedmodels.ch\/fr\/wp-json\/wp\/v2\/product_tag?post=20119"}],"curies":[{"name":"wp","href":"https:\/\/api.w.org\/{rel}","templated":true}]}}