{"id":20118,"date":"2021-11-03T14:26:51","date_gmt":"2021-11-03T14:26:51","guid":{"rendered":"https:\/\/www.speedmodels.ch\/produkte\/unkategorisiert\/tiger-cat-grumman-f7f3\/"},"modified":"2023-02-06T15:07:38","modified_gmt":"2023-02-06T15:07:38","slug":"tiger-cat-grumman-f7f3","status":"publish","type":"product","link":"https:\/\/www.speedmodels.ch\/fr\/produits\/modeles\/avions-fr\/modeles-telecommandes\/modeles-de-vol-electriques\/tiger-cat-grumman-f7f3\/","title":{"rendered":"Tiger-Cat (Grumman F7F3)"},"content":{"rendered":"<p>L&rsquo;anc\u00eatre de ce chat de race \u00e9tait un prototype de l&rsquo;avion de chasse bimoteur Navy XF5F-1, qui n&rsquo;a jamais \u00e9t\u00e9 produit en s\u00e9rie, mais qui a apport\u00e9 \u00e0 la soci\u00e9t\u00e9 Grumman une exp\u00e9rience pr\u00e9cieuse pour un d\u00e9veloppement ult\u00e9rieur. Les avions d\u00e9collant des bases terrestres \u00e9taient destin\u00e9s \u00e0 prot\u00e9ger le US Marine Corps. Le Grumman F7F 3 est un avion de chasse monoplace bimoteur de construction enti\u00e8rement m\u00e9tallique avec des panneaux d&rsquo;aile ext\u00e9rieurs rabattables pour le rangement du porte-avions et un train d&rsquo;atterrissage tricycle r\u00e9tractable. Deux moteurs P&amp;W R 2800 34W d&rsquo;une puissance de 1566kW ont servi d&rsquo;unit\u00e9s d&rsquo;entra\u00eenement. L&rsquo;armement \u00e9tait compos\u00e9 de 4 mitrailleuses de calibre 12,7 mm dans le nez du fuselage et de 4 canons de calibre 20 mm dans les ailes. Au niveau de la mer, l&rsquo;avion a atteint une vitesse maximale de 681 km\/h et \u00e0 une altitude de 6675 m 719 km\/h. Aujourd&rsquo;hui, les derni\u00e8res machines survivantes sont utilis\u00e9es par les passionn\u00e9s d&rsquo;avions anciens \u00e0 diff\u00e9rents jours de vol. Apr\u00e8s avoir \u00e9t\u00e9 vendues par l&rsquo;US Marine Corps, certaines machines \u00e0 courte port\u00e9e ont \u00e9t\u00e9 \u00e9quip\u00e9es de gros r\u00e9servoirs dans le fuselage et sont encore utilis\u00e9es aujourd&rsquo;hui pour la lutte contre les incendies. Le mod\u00e8le Tigercat est con\u00e7u pour \u00eatre entra\u00een\u00e9 par 2 moteurs \u00e9lectriques \u00e0 engrenages de la s\u00e9rie 400\/480 et une batterie de 8 \u00e0 10 cellules d&rsquo;une capacit\u00e9 de 1,7\/2,0 Ah. Avec cet \u00e9quipement, le comportement de vol du Tigercat est proche de la r\u00e9alit\u00e9 et la silhouette est impressionnante en vol. Les d\u00e9collages et atterrissages sont faciles. Le mod\u00e8le peut \u00e9galement effectuer des man\u0153uvres acrobatiques simples. Le mod\u00e8le a une construction mixte. Le fuselage et les nacelles du moteur sont en stratifi\u00e9 GRP, l&rsquo;aile et l&#8217;empennage sont en bois de balsa. La construction globale est compl\u00e9t\u00e9e par des pi\u00e8ces en plastique embouties, une verri\u00e8re transparente, un cockpit, des nacelles de moteur et des mannequins de moteur radial. Les batteries de vol sont ins\u00e9r\u00e9es \u00e0 travers la verri\u00e8re amovible. Comme les vrais Tigercats ont \u00e9t\u00e9 pulv\u00e9ris\u00e9s avec des peintures brillantes, un filme thermocollante peut \u00eatre utilis\u00e9e pour recouvrir les ailes (Oracover n\u00b0 019). e mod\u00e8le est contr\u00f4l\u00e9 via les ailerons, la profondeur et le r\u00e9gulateur de vitesse.<br \/>\nLe kit contient:<br \/>\ndes instructions de montage d\u00e9taill\u00e9es, des plans de construction d\u00e9taill\u00e9s avec l&rsquo;installation de la t\u00e9l\u00e9commande, un fuselage en PRV, des nacelles de moteur en PRV, une aile et un empennage en construction en bois de balsa, des pi\u00e8ces embouties telles que la verri\u00e8re transparente, les capots de moteur, les mannequins de moteur radial, le cockpit, pi\u00e8ces estamp\u00e9es en contreplaqu\u00e9, petites pi\u00e8ces et feuille de d\u00e9calcomanie.<br \/>\nDifficult\u00e9 de construction : <span class=\"sw-acf-field-label label-field_5dcad304d99f3\">Avanc\u00e9<\/span><br \/>\nDemande de vol : a<span class=\"sw-acf-field-label label-field_5dcbcb97699d1\">vanc\u00e9<\/span><\/p>\n<div style=\"text-align:left\" class=\"wps-pgfw-pdf-generate-icon__wrapper-frontend\">\n\t\t<a href=\"https:\/\/www.speedmodels.ch\/fr\/wp-json\/wp\/v2\/product\/20118\/?action=genpdf&amp;id=20118\" class=\"pgfw-single-pdf-download-button\" target=_blank><img src=\"https:\/\/speedmodels.ch\/wp-content\/uploads\/2021\/09\/pdf_icon.png\" title=\"G\u00e9n\u00e9rer un PDF\" style=\"width:auto; height:45px;\"><\/a>\n\t\t<\/div>","protected":false},"excerpt":{"rendered":"<p>L&rsquo;anc\u00eatre de ce chat de race \u00e9tait un prototype de l&rsquo;avion de chasse bimoteur Navy XF5F-1, qui n&rsquo;a jamais \u00e9t\u00e9 produit en s\u00e9rie, mais qui a apport\u00e9 \u00e0 la soci\u00e9t\u00e9 Grumman une exp\u00e9rience pr\u00e9cieuse pour un d\u00e9veloppement ult\u00e9rieur. Les avions d\u00e9collant des bases terrestres \u00e9taient destin\u00e9s \u00e0 prot\u00e9ger le US Marine Corps. Le Grumman F7F [&hellip;]<\/p>\n","protected":false},"featured_media":9630,"template":"","meta":[],"product_brand":[],"product_cat":[1652,1710,1721,1653],"product_tag":[],"class_list":{"0":"post-20118","1":"product","2":"type-product","3":"status-publish","4":"has-post-thumbnail","6":"product_cat-avions-fr","7":"product_cat-modeles","8":"product_cat-modeles-de-vol-electriques","9":"product_cat-modeles-telecommandes","11":"first","12":"instock","13":"shipping-taxable","14":"product-type-simple"},"_links":{"self":[{"href":"https:\/\/www.speedmodels.ch\/fr\/wp-json\/wp\/v2\/product\/20118","targetHints":{"allow":["GET"]}}],"collection":[{"href":"https:\/\/www.speedmodels.ch\/fr\/wp-json\/wp\/v2\/product"}],"about":[{"href":"https:\/\/www.speedmodels.ch\/fr\/wp-json\/wp\/v2\/types\/product"}],"version-history":[{"count":0,"href":"https:\/\/www.speedmodels.ch\/fr\/wp-json\/wp\/v2\/product\/20118\/revisions"}],"wp:featuredmedia":[{"embeddable":true,"href":"https:\/\/www.speedmodels.ch\/fr\/wp-json\/wp\/v2\/media\/9630"}],"wp:attachment":[{"href":"https:\/\/www.speedmodels.ch\/fr\/wp-json\/wp\/v2\/media?parent=20118"}],"wp:term":[{"taxonomy":"product_brand","embeddable":true,"href":"https:\/\/www.speedmodels.ch\/fr\/wp-json\/wp\/v2\/product_brand?post=20118"},{"taxonomy":"product_cat","embeddable":true,"href":"https:\/\/www.speedmodels.ch\/fr\/wp-json\/wp\/v2\/product_cat?post=20118"},{"taxonomy":"product_tag","embeddable":true,"href":"https:\/\/www.speedmodels.ch\/fr\/wp-json\/wp\/v2\/product_tag?post=20118"}],"curies":[{"name":"wp","href":"https:\/\/api.w.org\/{rel}","templated":true}]}}