{"id":20112,"date":"2022-09-08T08:54:34","date_gmt":"2022-09-08T08:54:34","guid":{"rendered":"https:\/\/www.speedmodels.ch\/produkte\/unkategorisiert\/kit-dentrainement-pour-lilienthal-40\/"},"modified":"2022-09-08T08:54:34","modified_gmt":"2022-09-08T08:54:34","slug":"kit-dentrainement-pour-lilienthal-40","status":"publish","type":"product","link":"https:\/\/www.speedmodels.ch\/fr\/produits\/entrainement-et-accessoires\/moteurs-electriques\/avions-fr-2\/kit-dentrainement-pour-lilienthal-40\/","title":{"rendered":"Kit d&rsquo;entrainement pour Lilienthal 40"},"content":{"rendered":"<p>Avec l&rsquo;accessoire moteur, le Lilienthal 40 RC devient un mod\u00e8le de planeur \u00e9lectrique \u00e0 part enti\u00e8re. Cela signifie que le mod\u00e8le peut \u00e9galement \u00eatre pilot\u00e9 au niveau sans dispositif de lancement en hauteur.<\/p>\n<p>La fixation du moteur a \u00e9t\u00e9 con\u00e7ue de mani\u00e8re a\u00e9rodynamique pour que le glissement dans un courant ascendant soit possible sans aucun probl\u00e8me. Les c\u00e2bles sont achemin\u00e9s \u00e0 l&rsquo;int\u00e9rieur de la fixation du moteur, de sorte qu&rsquo;aucun c\u00e2ble ne pende librement et qu&rsquo;il soit ins\u00e9r\u00e9 proprement dans le fuselage du mod\u00e8le.<\/p>\n<p>Le kit se compose de diverses pi\u00e8ces en bois, d&rsquo;un moteur brushless et d&rsquo;un contr\u00f4leur sp\u00e9cialement con\u00e7us pour ce mod\u00e8le et d&rsquo;une h\u00e9lice repliable avec c\u00f4ne. Une but\u00e9e de pale pour l&rsquo;h\u00e9lice repliable est \u00e9galement incluse.<\/p>\n<p>L&rsquo;accessoire moteur peut \u00eatre install\u00e9 ult\u00e9rieurement sur tous les mod\u00e8les Lilienthal 40 RC et peut \u00eatre achet\u00e9 individuellement. Un avantage suppl\u00e9mentaire est que la fixation du moteur peut \u00e9galement \u00eatre fix\u00e9e de mani\u00e8re universelle \u00e0 d&rsquo;autres mod\u00e8les r\u00e9duits d&rsquo;avions de ce type et de cette classe.<\/p>\n<p>Une Lipo 2S de 500 mAh (non incluse) convient comme batterie d&rsquo;entra\u00eenement. Un connecteur BEC pour la batterie d&rsquo;entra\u00eenement est d\u00e9j\u00e0 soud\u00e9 au contr\u00f4leur afin que l&rsquo;ensemble de l&rsquo;unit\u00e9 d&rsquo;entra\u00eenement puisse \u00eatre utilis\u00e9 sans aucun travail de soudure. Toutes les longueurs de c\u00e2ble sont pr\u00e9fabriqu\u00e9es pour s&rsquo;adapter parfaitement.<\/p>\n<div style=\"text-align:left\" class=\"wps-pgfw-pdf-generate-icon__wrapper-frontend\">\n\t\t<a href=\"https:\/\/www.speedmodels.ch\/fr\/wp-json\/wp\/v2\/product\/20112\/?action=genpdf&amp;id=20112\" class=\"pgfw-single-pdf-download-button\" target=_blank><img src=\"https:\/\/speedmodels.ch\/wp-content\/uploads\/2021\/09\/pdf_icon.png\" title=\"G\u00e9n\u00e9rer un PDF\" style=\"width:auto; height:45px;\"><\/a>\n\t\t<\/div>","protected":false},"excerpt":{"rendered":"<p>Avec l&rsquo;accessoire moteur, le Lilienthal 40 RC devient un mod\u00e8le de planeur \u00e9lectrique \u00e0 part enti\u00e8re. Cela signifie que le mod\u00e8le peut \u00e9galement \u00eatre pilot\u00e9 au niveau sans dispositif de lancement en hauteur. La fixation du moteur a \u00e9t\u00e9 con\u00e7ue de mani\u00e8re a\u00e9rodynamique pour que le glissement dans un courant ascendant soit possible sans aucun [&hellip;]<\/p>\n","protected":false},"featured_media":12707,"template":"","meta":[],"product_brand":[],"product_cat":[1656,1528,1708],"product_tag":[],"class_list":{"0":"post-20112","1":"product","2":"type-product","3":"status-publish","4":"has-post-thumbnail","6":"product_cat-avions-fr-2","7":"product_cat-entrainement-et-accessoires","8":"product_cat-moteurs-electriques","10":"first","11":"instock","12":"shipping-taxable","13":"product-type-simple"},"_links":{"self":[{"href":"https:\/\/www.speedmodels.ch\/fr\/wp-json\/wp\/v2\/product\/20112","targetHints":{"allow":["GET"]}}],"collection":[{"href":"https:\/\/www.speedmodels.ch\/fr\/wp-json\/wp\/v2\/product"}],"about":[{"href":"https:\/\/www.speedmodels.ch\/fr\/wp-json\/wp\/v2\/types\/product"}],"version-history":[{"count":0,"href":"https:\/\/www.speedmodels.ch\/fr\/wp-json\/wp\/v2\/product\/20112\/revisions"}],"wp:featuredmedia":[{"embeddable":true,"href":"https:\/\/www.speedmodels.ch\/fr\/wp-json\/wp\/v2\/media\/12707"}],"wp:attachment":[{"href":"https:\/\/www.speedmodels.ch\/fr\/wp-json\/wp\/v2\/media?parent=20112"}],"wp:term":[{"taxonomy":"product_brand","embeddable":true,"href":"https:\/\/www.speedmodels.ch\/fr\/wp-json\/wp\/v2\/product_brand?post=20112"},{"taxonomy":"product_cat","embeddable":true,"href":"https:\/\/www.speedmodels.ch\/fr\/wp-json\/wp\/v2\/product_cat?post=20112"},{"taxonomy":"product_tag","embeddable":true,"href":"https:\/\/www.speedmodels.ch\/fr\/wp-json\/wp\/v2\/product_tag?post=20112"}],"curies":[{"name":"wp","href":"https:\/\/api.w.org\/{rel}","templated":true}]}}